{"id":10947,"date":"2020-10-02T11:03:20","date_gmt":"2020-10-02T09:03:20","guid":{"rendered":"https:\/\/luba.de\/product\/gaerkorb-motiv-aehre-eckig-05-kg\/"},"modified":"2024-07-23T14:01:58","modified_gmt":"2024-07-23T12:01:58","slug":"gaerkorb-motiv-aehre-eckig-05-kg","status":"publish","type":"product","link":"https:\/\/luba.de\/en\/gaerkorb-motiv-aehre-eckig-05-kg\/","title":{"rendered":"G\u00e4rkorb Motiv \u00c4hre, eckig (0,5 kg)"},"content":{"rendered":"<h3>G\u00e4rkorb mit Motiv \u00c4hre eckig 0,5 kg<\/h3>\n<p>G\u00e4rkorb aus Peddigrohr mit Holzboden.<\/p>\n<p>Motiv: \u00c4hre<\/p>\n<p>Form: eckig<\/p>\n<p>Teigling bis: 0,5 kg<\/p>\n<p>Ma\u00dfe (L\/B\/H): 20x12x7 cm<\/p>\n","protected":false},"excerpt":{"rendered":"<p>G\u00e4rkorb mit Motiv \u00c4hre eckig 0,5 kg G\u00e4rkorb aus Peddigrohr mit Holzboden. Motiv: \u00c4hre Form: eckig Teigling bis: 0,5 kg Ma\u00dfe (L\/B\/H): 20x12x7 cm<\/p>\n","protected":false},"featured_media":10946,"comment_status":"open","ping_status":"closed","template":"","meta":{"_acf_changed":false},"pwb-brand":[],"product_brand":[],"product_cat":[911],"product_tag":[1293,1308,1304,1296],"class_list":{"0":"post-10947","1":"product","2":"type-product","3":"status-publish","4":"has-post-thumbnail","6":"product_cat-rattan-baskets","7":"product_tag-gaerkorb-en","8":"product_tag-gaerkorb-0-5-kg-en","9":"product_tag-gaerkorb-eckig-en","10":"product_tag-gaerkorb-mit-motiv-en","12":"first","13":"instock","14":"taxable","15":"shipping-taxable","16":"purchasable","17":"product-type-simple"},"bundled_by":[],"bundle_stock_status":"instock","bundle_stock_quantity":88,"bundle_virtual":false,"bundle_layout":"","bundle_add_to_cart_form_location":"","bundle_editable_in_cart":false,"bundle_sold_individually_context":"","bundle_item_grouping":"","bundle_min_size":"","bundle_max_size":"","bundle_price":[],"bundled_items":[],"bundle_sell_ids":[],"exclude_global_add_ons":[],"addons":[],"acf":[],"brands":[],"_links":{"self":[{"href":"https:\/\/luba.de\/en\/wp-json\/wp\/v2\/product\/10947","targetHints":{"allow":["GET"]}}],"collection":[{"href":"https:\/\/luba.de\/en\/wp-json\/wp\/v2\/product"}],"about":[{"href":"https:\/\/luba.de\/en\/wp-json\/wp\/v2\/types\/product"}],"replies":[{"embeddable":true,"href":"https:\/\/luba.de\/en\/wp-json\/wp\/v2\/comments?post=10947"}],"wp:featuredmedia":[{"embeddable":true,"href":"https:\/\/luba.de\/en\/wp-json\/wp\/v2\/media\/10946"}],"wp:attachment":[{"href":"https:\/\/luba.de\/en\/wp-json\/wp\/v2\/media?parent=10947"}],"wp:term":[{"taxonomy":"pwb-brand","embeddable":true,"href":"https:\/\/luba.de\/en\/wp-json\/wp\/v2\/pwb-brand?post=10947"},{"taxonomy":"product_brand","embeddable":true,"href":"https:\/\/luba.de\/en\/wp-json\/wp\/v2\/product_brand?post=10947"},{"taxonomy":"product_cat","embeddable":true,"href":"https:\/\/luba.de\/en\/wp-json\/wp\/v2\/product_cat?post=10947"},{"taxonomy":"product_tag","embeddable":true,"href":"https:\/\/luba.de\/en\/wp-json\/wp\/v2\/product_tag?post=10947"}],"curies":[{"name":"wp","href":"https:\/\/api.w.org\/{rel}","templated":true}]}}