{"id":13011,"date":"2021-06-22T11:26:48","date_gmt":"2021-06-22T09:26:48","guid":{"rendered":"https:\/\/luba.de\/zassenhaus-kaffeemuehle-barista\/"},"modified":"2024-07-23T11:23:17","modified_gmt":"2024-07-23T09:23:17","slug":"zassenhaus-kaffeemuehle-barista","status":"publish","type":"product","link":"https:\/\/luba.de\/en\/zassenhaus-kaffeemuehle-barista\/","title":{"rendered":"Zassenhaus Kaffeem\u00fchle Barista"},"content":{"rendered":"<h2 class=\"content--title\">Kaffeem\u00fchle BARISTA<\/h2>\n<div class=\"product--description\">Erstklassiges Material, hervorragende Qualit\u00e4t und pr\u00e4zise Funktion. Daf\u00fcr steht ZASSENHAUS als f\u00fchrender Hersteller von Kaffeem\u00fchlen seit 1867.<br \/>\nPr\u00e4ziser mahlen mit ZASSENHAUS! Hochleistungsmahlwerk aus CNC-gefr\u00e4stem Edelstahl Mahlgrad unten am Mahlwerk exakt einstellbar! Einstellung von espressopulverfein bis filteroptimal!<\/div>\n<div class=\"product--description\"><strong>Material:\u00a0<\/strong>Edelstahl\/Glas<br \/>\n<strong class=\"entry--label\">L\u00e4nge:\u00a0<\/strong><span class=\"entry--content\">15 cm<br \/>\n<\/span><strong class=\"entry--label\">H\u00f6he:\u00a0<\/strong><span class=\"entry--content\">21 cm<br \/>\n<\/span><strong class=\"entry--label\">Durchmesser: <\/strong><span class=\"entry--content\">8 cm<\/span><strong>25 Jahre Garantie auf das Mahlwerk<\/strong><\/p>\n<\/div>\n","protected":false},"excerpt":{"rendered":"<ul>\n<li>einfaches Bef\u00fcllen dank gro\u00dfer \u00d6ffnung<\/li>\n<li>Bohnenbeh\u00e4lter aus Edelstahl (40 g)<\/li>\n<li>Auffangbeh\u00e4lter aus Glas<\/li>\n<li>mit Reinigungspinsel<\/li>\n<li>mit Qualit\u00e4ts-Mahlwerk aus CNC-gefr\u00e4stem Edelstahl<\/li>\n<\/ul>\n","protected":false},"featured_media":13002,"comment_status":"open","ping_status":"closed","template":"","meta":{"_acf_changed":false},"pwb-brand":[1176],"product_brand":[],"product_cat":[1255],"product_tag":[],"class_list":{"0":"post-13011","1":"product","2":"type-product","3":"status-publish","4":"has-post-thumbnail","6":"pwb-brand-zassenhaus-en","7":"product_cat-coffee-mills","9":"first","10":"instock","11":"taxable","12":"shipping-taxable","13":"purchasable","14":"product-type-simple"},"bundled_by":[],"bundle_stock_status":"instock","bundle_stock_quantity":7,"bundle_virtual":false,"bundle_layout":"","bundle_add_to_cart_form_location":"","bundle_editable_in_cart":false,"bundle_sold_individually_context":"","bundle_item_grouping":"","bundle_min_size":"","bundle_max_size":"","bundle_price":[],"bundled_items":[],"bundle_sell_ids":[],"exclude_global_add_ons":[],"addons":[],"acf":[],"brands":[{"id":1176,"name":"Zassenhaus","slug":"zassenhaus-en"}],"_links":{"self":[{"href":"https:\/\/luba.de\/en\/wp-json\/wp\/v2\/product\/13011","targetHints":{"allow":["GET"]}}],"collection":[{"href":"https:\/\/luba.de\/en\/wp-json\/wp\/v2\/product"}],"about":[{"href":"https:\/\/luba.de\/en\/wp-json\/wp\/v2\/types\/product"}],"replies":[{"embeddable":true,"href":"https:\/\/luba.de\/en\/wp-json\/wp\/v2\/comments?post=13011"}],"wp:featuredmedia":[{"embeddable":true,"href":"https:\/\/luba.de\/en\/wp-json\/wp\/v2\/media\/13002"}],"wp:attachment":[{"href":"https:\/\/luba.de\/en\/wp-json\/wp\/v2\/media?parent=13011"}],"wp:term":[{"taxonomy":"pwb-brand","embeddable":true,"href":"https:\/\/luba.de\/en\/wp-json\/wp\/v2\/pwb-brand?post=13011"},{"taxonomy":"product_brand","embeddable":true,"href":"https:\/\/luba.de\/en\/wp-json\/wp\/v2\/product_brand?post=13011"},{"taxonomy":"product_cat","embeddable":true,"href":"https:\/\/luba.de\/en\/wp-json\/wp\/v2\/product_cat?post=13011"},{"taxonomy":"product_tag","embeddable":true,"href":"https:\/\/luba.de\/en\/wp-json\/wp\/v2\/product_tag?post=13011"}],"curies":[{"name":"wp","href":"https:\/\/api.w.org\/{rel}","templated":true}]}}