{"id":13018,"date":"2021-06-21T14:28:56","date_gmt":"2021-06-21T12:28:56","guid":{"rendered":"https:\/\/luba.de\/zassenhaus-muehlenuntersetzer-fuer-2-muehlen-buche\/"},"modified":"2024-07-23T12:00:36","modified_gmt":"2024-07-23T10:00:36","slug":"zassenhaus-muehlenuntersetzer-fuer-2-muehlen-buche","status":"publish","type":"product","link":"https:\/\/luba.de\/en\/zassenhaus-muehlenuntersetzer-fuer-2-muehlen-buche\/","title":{"rendered":"Zassenhaus M\u00fchlenuntersetzer f\u00fcr 2 M\u00fchlen \u2013 Buche"},"content":{"rendered":"<h2>M\u00fchlenuntersetzer f\u00fcr 2 M\u00fchlen \u2013 Buche natur<\/h2>\n<p>Gew\u00fcrze am Essen m\u00fcssen sein. Doch die Kr\u00fcmel auf Arbeits- und Tischplatte nach dem Absetzen der M\u00fchlen braucht kein Mensch. Die M\u00fchlen-Untersetzer von Zassenhaus halten beides tipptopp sauber. Sie sind aus Olivenholz und natur- oder wengefarbenem Buchenholz gefertigt, mit und ohne B\u00fcgel erh\u00e4ltlich. Die hochwertigen Materialien stammen aus nachhaltiger Forstwirtschaft und sind besonders langlebig. Gew\u00fcrzm\u00fchlen mit einem Durchmesser bis 6 cm finden auf den praktischen Untersetzern Platz. Das zeitlose Design passt auf jeden Tisch, beim Kochen haben Ihre M\u00fchlen einen festen Standort und Sie k\u00f6nnen sich die Sucherei sparen.<\/p>\n<p>&nbsp;<\/p>\n<p><strong>M\u00fchlenuntersetzer f\u00fcr 2 Gew\u00fcrzm\u00fchlen<\/strong><\/p>\n<p>Material: Buchenholz, natur<\/p>\n<p><strong>Ma\u00dfe: <\/strong><br \/>\nL\u00e4nge: 17 cm<br \/>\nBreite: 8<br \/>\nH\u00f6he: 1,5 cm<\/p>\n<p>Passen nur f\u00fcr die Zassenhaus-M\u00fchlen\u00a0<strong>bis zu einer Gr\u00f6\u00dfe von 18 cm<\/strong><br \/>\n25 Jahre Garantie auf das Pr\u00e4zisionsmahlwerk &#8211; Made in Germany<\/p>\n","protected":false},"excerpt":{"rendered":"<ul>\n<li>W\u00fcrzen ohne Kr\u00fcmel<\/li>\n<li>ohne B\u00fcgel<\/li>\n<\/ul>\n","protected":false},"featured_media":12962,"comment_status":"open","ping_status":"closed","template":"","meta":{"_acf_changed":false},"pwb-brand":[1176],"product_brand":[],"product_cat":[1407],"product_tag":[],"class_list":{"0":"post-13018","1":"product","2":"type-product","3":"status-publish","4":"has-post-thumbnail","6":"pwb-brand-zassenhaus-en","7":"product_cat-spice-mills","9":"first","10":"outofstock","11":"taxable","12":"shipping-taxable","13":"purchasable","14":"product-type-simple"},"bundled_by":[],"bundle_stock_status":"outofstock","bundle_stock_quantity":0,"bundle_virtual":false,"bundle_layout":"","bundle_add_to_cart_form_location":"","bundle_editable_in_cart":false,"bundle_sold_individually_context":"","bundle_item_grouping":"","bundle_min_size":"","bundle_max_size":"","bundle_price":[],"bundled_items":[],"bundle_sell_ids":[],"exclude_global_add_ons":[],"addons":[],"acf":[],"brands":[{"id":1176,"name":"Zassenhaus","slug":"zassenhaus-en"}],"_links":{"self":[{"href":"https:\/\/luba.de\/en\/wp-json\/wp\/v2\/product\/13018","targetHints":{"allow":["GET"]}}],"collection":[{"href":"https:\/\/luba.de\/en\/wp-json\/wp\/v2\/product"}],"about":[{"href":"https:\/\/luba.de\/en\/wp-json\/wp\/v2\/types\/product"}],"replies":[{"embeddable":true,"href":"https:\/\/luba.de\/en\/wp-json\/wp\/v2\/comments?post=13018"}],"wp:featuredmedia":[{"embeddable":true,"href":"https:\/\/luba.de\/en\/wp-json\/wp\/v2\/media\/12962"}],"wp:attachment":[{"href":"https:\/\/luba.de\/en\/wp-json\/wp\/v2\/media?parent=13018"}],"wp:term":[{"taxonomy":"pwb-brand","embeddable":true,"href":"https:\/\/luba.de\/en\/wp-json\/wp\/v2\/pwb-brand?post=13018"},{"taxonomy":"product_brand","embeddable":true,"href":"https:\/\/luba.de\/en\/wp-json\/wp\/v2\/product_brand?post=13018"},{"taxonomy":"product_cat","embeddable":true,"href":"https:\/\/luba.de\/en\/wp-json\/wp\/v2\/product_cat?post=13018"},{"taxonomy":"product_tag","embeddable":true,"href":"https:\/\/luba.de\/en\/wp-json\/wp\/v2\/product_tag?post=13018"}],"curies":[{"name":"wp","href":"https:\/\/api.w.org\/{rel}","templated":true}]}}