{"id":13019,"date":"2021-06-21T14:04:53","date_gmt":"2021-06-21T12:04:53","guid":{"rendered":"https:\/\/luba.de\/zassenhaus-pfeffer-salzmuehle-aachen-acryl-edelstahl\/"},"modified":"2024-07-23T12:01:42","modified_gmt":"2024-07-23T10:01:42","slug":"zassenhaus-pfeffer-salzmuehle-aachen-acryl-edelstahl","status":"publish","type":"product","link":"https:\/\/luba.de\/en\/zassenhaus-pfeffer-salzmuehle-aachen-acryl-edelstahl\/","title":{"rendered":"Zassenhaus Pfeffer- \/ Salzm\u00fchle \u201cAachen\u201d \u2013 Acryl \/ Edelstahl"},"content":{"rendered":"<h2>Zassenhaus Pfeffer- und Salzm\u00fchle AACHEN<\/h2>\n<p>Seit 1867 stellt Zassenhaus als Traditionsmarke hochwertige Kaffee- und Gew\u00fcrzm\u00fchlen her. Die Qualit\u00e4t ist gleichbleibend hoch, das Design geht mit der Zeit. Das trifft auch auf die Serie AACHEN zu. Die M\u00fchlen sind aus Acryl und Edelstahl gefertigt, entweder pur oder beide Materialien gemischt. Auch bei den Gr\u00f6\u00dfen haben Sie die Wahl von klein und kompakt bis zum Hingucker auf dem Tisch. In allen Modellen steckt das patentierte Mahlwerk aus Hochleistungs-Keramik. Es ist h\u00e4rter als Stahl, Feuchtigkeit und \u00e4therische \u00d6le k\u00f6nnen ihm nichts anhaben. Darauf gibt Zassenhaus 25 Jahre Garantie. Das Mahlwerk arbeitet in zwei Stufen und zerlegt Pfeffer, Salz, getrocknete Kr\u00e4uter und Gew\u00fcrze sorgsam und gr\u00fcndlich. Die sechs Mahlstufen von pulverfein (1) bis grob (6) stellen Sie am M\u00fchlenboden ein. Sie sind auf einer Skala jederzeit ablesbar und verschieben sich beim Bef\u00fcllen der M\u00fchlen nicht.<\/p>\n<p><strong>Pflegetipp:<\/strong> Mahlen Sie ab und zu etwas Reis durch, so ist das Mahlwerk vor Verkleben gesch\u00fctzt.<\/p>\n<p>&nbsp;<\/p>\n<p><strong>Pfeffer- und Salzm\u00fchle AACHEN<\/strong><\/p>\n<p>Material: Acryl, Edelstahl<\/p>\n<p><strong>Ma\u00dfe: <\/strong><br \/>\nH\u00f6he: 14 cm, 18 cm<br \/>\nDurchmesser: 5,8 cm<\/p>\n","protected":false},"excerpt":{"rendered":"<ul>\n<li>modernes Design<\/li>\n<li>Hochleistungs-Mahlwerk<\/li>\n<\/ul>\n","protected":false},"featured_media":12946,"comment_status":"open","ping_status":"closed","template":"","meta":{"_acf_changed":false},"pwb-brand":[1176],"product_brand":[],"product_cat":[1407],"product_tag":[1419,1627,1482,1575],"class_list":{"0":"post-13019","1":"product","2":"type-product","3":"status-publish","4":"has-post-thumbnail","6":"pwb-brand-zassenhaus-en","7":"product_cat-spice-mills","8":"product_tag-pfeffermuehle-en","9":"product_tag-salzmuehle-en","10":"product_tag-spice-grinder-en","11":"product_tag-zassenhaus-en","13":"first","14":"instock","15":"taxable","16":"shipping-taxable","17":"purchasable","18":"product-type-variable"},"bundled_by":[],"bundle_stock_status":"instock","bundle_stock_quantity":null,"bundle_virtual":false,"bundle_layout":"","bundle_add_to_cart_form_location":"","bundle_editable_in_cart":false,"bundle_sold_individually_context":"","bundle_item_grouping":"","bundle_min_size":"","bundle_max_size":"","bundle_price":[],"bundled_items":[],"bundle_sell_ids":[],"exclude_global_add_ons":[],"addons":[],"acf":[],"brands":[{"id":1176,"name":"Zassenhaus","slug":"zassenhaus-en"}],"_links":{"self":[{"href":"https:\/\/luba.de\/en\/wp-json\/wp\/v2\/product\/13019","targetHints":{"allow":["GET"]}}],"collection":[{"href":"https:\/\/luba.de\/en\/wp-json\/wp\/v2\/product"}],"about":[{"href":"https:\/\/luba.de\/en\/wp-json\/wp\/v2\/types\/product"}],"replies":[{"embeddable":true,"href":"https:\/\/luba.de\/en\/wp-json\/wp\/v2\/comments?post=13019"}],"wp:featuredmedia":[{"embeddable":true,"href":"https:\/\/luba.de\/en\/wp-json\/wp\/v2\/media\/12946"}],"wp:attachment":[{"href":"https:\/\/luba.de\/en\/wp-json\/wp\/v2\/media?parent=13019"}],"wp:term":[{"taxonomy":"pwb-brand","embeddable":true,"href":"https:\/\/luba.de\/en\/wp-json\/wp\/v2\/pwb-brand?post=13019"},{"taxonomy":"product_brand","embeddable":true,"href":"https:\/\/luba.de\/en\/wp-json\/wp\/v2\/product_brand?post=13019"},{"taxonomy":"product_cat","embeddable":true,"href":"https:\/\/luba.de\/en\/wp-json\/wp\/v2\/product_cat?post=13019"},{"taxonomy":"product_tag","embeddable":true,"href":"https:\/\/luba.de\/en\/wp-json\/wp\/v2\/product_tag?post=13019"}],"curies":[{"name":"wp","href":"https:\/\/api.w.org\/{rel}","templated":true}]}}