{"id":13027,"date":"2021-06-21T13:12:16","date_gmt":"2021-06-21T11:12:16","guid":{"rendered":"https:\/\/luba.de\/zassenhaus-pfeffer-salzmuehle-hannover-eiche-18-cm\/"},"modified":"2021-06-21T13:12:16","modified_gmt":"2021-06-21T11:12:16","slug":"zassenhaus-pfeffer-salzmuehle-hannover-eiche-18-cm","status":"publish","type":"product","link":"https:\/\/luba.de\/en\/zassenhaus-pfeffer-salzmuehle-hannover-eiche-18-cm\/","title":{"rendered":"Zassenhaus Pfeffer- \/ Salzm\u00fchle \u201cHannover\u201d \u2013 Eiche \u2013 18 cm"},"content":{"rendered":"<h2>Zassenhaus Pfeffer- und Salzm\u00fchle HANNOVER<\/h2>\n<p>Nur mit den richtigen Zutaten und einer guten Portion Know-how gelingt ein Gericht perfekt. Das gilt auch f\u00fcr\u00a0<strong>Gew\u00fcrzm\u00fchlen<\/strong>, wie das Traditionsunternehmen\u00a0<strong>Zassenhaus<\/strong>\u00a0beweist. In dem ansprechenden Design steckt ein 6-fach einstellbares Mahlwerk aus Hochleistungs-Keramik. Der gew\u00e4hlte Mahlgrad \u2013 von ultrafein bis grob \u2013 ist auf einer Skala ablesbar, er bleibt beim Nachf\u00fcllen erhalten. Das verschlei\u00df- und korrosionsfreie Mahlwerk ist geeignet f\u00fcr Pfeffer, Salz, Gew\u00fcrze und getrocknete Kr\u00e4uter.<\/p>\n<p>&nbsp;<\/p>\n<p><strong>Pfeffer- und Salzm\u00fchle HANNOVER<\/strong><\/p>\n<p>Material: Buche | Eiche<br \/>\nFarbe: gusseisen-schwarz | natur<\/p>\n<p><strong>Ma\u00dfe:<\/strong><br \/>\nH\u00f6he: 18 cm<br \/>\nDurchmesser: 5,3 cm<\/p>\n","protected":false},"excerpt":{"rendered":"<div>\n<ul>\n<li>von ultrafein bis extragrob<\/li>\n<li>auch f\u00fcr Gew\u00fcrze<\/li>\n<li>Mahlwerk aus Hochleistungs-Keramik \u2013 Made in Germany<\/li>\n<\/ul>\n<\/div>\n","protected":false},"featured_media":12929,"comment_status":"open","ping_status":"closed","template":"","meta":{"_acf_changed":false},"pwb-brand":[1176],"product_brand":[],"product_cat":[1407],"product_tag":[1419,1627,1482,1575],"class_list":{"0":"post-13027","1":"product","2":"type-product","3":"status-publish","4":"has-post-thumbnail","6":"pwb-brand-zassenhaus-en","7":"product_cat-spice-mills","8":"product_tag-pfeffermuehle-en","9":"product_tag-salzmuehle-en","10":"product_tag-spice-grinder-en","11":"product_tag-zassenhaus-en","13":"first","14":"instock","15":"taxable","16":"shipping-taxable","17":"product-type-variable"},"bundled_by":[],"bundle_stock_status":"instock","bundle_stock_quantity":null,"bundle_virtual":false,"bundle_layout":"","bundle_add_to_cart_form_location":"","bundle_editable_in_cart":false,"bundle_sold_individually_context":"","bundle_item_grouping":"","bundle_min_size":"","bundle_max_size":"","bundle_price":[],"bundled_items":[],"bundle_sell_ids":[],"exclude_global_add_ons":[],"addons":[],"acf":[],"brands":[{"id":1176,"name":"Zassenhaus","slug":"zassenhaus-en"}],"_links":{"self":[{"href":"https:\/\/luba.de\/en\/wp-json\/wp\/v2\/product\/13027","targetHints":{"allow":["GET"]}}],"collection":[{"href":"https:\/\/luba.de\/en\/wp-json\/wp\/v2\/product"}],"about":[{"href":"https:\/\/luba.de\/en\/wp-json\/wp\/v2\/types\/product"}],"replies":[{"embeddable":true,"href":"https:\/\/luba.de\/en\/wp-json\/wp\/v2\/comments?post=13027"}],"wp:featuredmedia":[{"embeddable":true,"href":"https:\/\/luba.de\/en\/wp-json\/wp\/v2\/media\/12929"}],"wp:attachment":[{"href":"https:\/\/luba.de\/en\/wp-json\/wp\/v2\/media?parent=13027"}],"wp:term":[{"taxonomy":"pwb-brand","embeddable":true,"href":"https:\/\/luba.de\/en\/wp-json\/wp\/v2\/pwb-brand?post=13027"},{"taxonomy":"product_brand","embeddable":true,"href":"https:\/\/luba.de\/en\/wp-json\/wp\/v2\/product_brand?post=13027"},{"taxonomy":"product_cat","embeddable":true,"href":"https:\/\/luba.de\/en\/wp-json\/wp\/v2\/product_cat?post=13027"},{"taxonomy":"product_tag","embeddable":true,"href":"https:\/\/luba.de\/en\/wp-json\/wp\/v2\/product_tag?post=13027"}],"curies":[{"name":"wp","href":"https:\/\/api.w.org\/{rel}","templated":true}]}}