{"id":13030,"date":"2021-06-21T12:41:37","date_gmt":"2021-06-21T10:41:37","guid":{"rendered":"https:\/\/luba.de\/zassenhaus-pfeffer-salzmuehle-frankfurt-bambus\/"},"modified":"2026-04-14T13:55:45","modified_gmt":"2026-04-14T11:55:45","slug":"zassenhaus-pfeffer-salzmuehle-frankfurt-bambus","status":"publish","type":"product","link":"https:\/\/luba.de\/en\/zassenhaus-pfeffer-salzmuehle-frankfurt-bambus\/","title":{"rendered":"Zassenhaus Pfeffer- \/ Salzm\u00fchle \u201cFrankfurt\u201d \u2013 Bambus"},"content":{"rendered":"<h2>Zassenhaus Pfeffer- und Salzm\u00fchle FRANKFURT Bambus<\/h2>\n<p>Hm, das Gem\u00fcse sieht lecker aus! Aber wie wurde es angebaut? Neben der Frische der Produkte spielt ein nachhaltiger Anbau der Zutaten f\u00fcr K\u00f6che und Genie\u00dfer eine immer gr\u00f6\u00dfere Rolle. Auch f\u00fcr die Gew\u00fcrzprofis von ZASSENHAUS. Die Pfeffer- und Salzm\u00fchlen FRANKFURT sind aus Bambus gefertigt, der aus einer nachhaltigen Produktion stammt. Bambus w\u00e4chst extrem schnell nach \u2013 bis zu einem Meter t\u00e4glich. Die Pflanze liefert zudem eine gro\u00dfe Menge an Sauerstoff und Biomasse. Der wertvolle Rohstoff hat einen weiteren Vorteil: Er ist sehr hart und stabil. Genau wie das Zassenhaus-Qualit\u00e4tsmahlwerk, das in den M\u00fchlen steckt. Es besteht aus einer verschlei\u00df- und korrosionsfreien Hochleistungs-Keramik. Den Mahlgrad f\u00fcr Salz, Pfeffer, Gew\u00fcrze und getrocknete Kr\u00e4uter k\u00f6nnen Sie stufenlos in 6 Stufen verstellen, von ultrafein bis grob. Da die Skala am M\u00fchlenboden angebracht ist, bleibt die Einstellung beim Bef\u00fcllen erhalten.<\/p>\n<p>&nbsp;<\/p>\n<p><strong>Pfeffer- und Salzm\u00fchle FRANKFURT<\/strong><\/p>\n<p>Material: Bambus aus nachhaltigem Anbau<\/p>\n<p><strong>Ma\u00dfe:<\/strong><br \/>\nH\u00f6he: 14 cm, 18 cm<br \/>\nDurchmesser: 5,8 cm<\/p>\n","protected":false},"excerpt":{"rendered":"<ul>\n<li>schnell nachwachsender Bambus<\/li>\n<li>Mahlwerk aus Hochleistungs-Keramik<\/li>\n<li>25 Jahre Garantie auf das Mahlwerk<\/li>\n<\/ul>\n","protected":false},"featured_media":12914,"comment_status":"open","ping_status":"closed","template":"","meta":{"_acf_changed":false},"pwb-brand":[1176],"product_brand":[],"product_cat":[1407],"product_tag":[1419,1627,1482,1575],"class_list":{"0":"post-13030","1":"product","2":"type-product","3":"status-publish","4":"has-post-thumbnail","6":"pwb-brand-zassenhaus-en","7":"product_cat-spice-mills","8":"product_tag-pfeffermuehle-en","9":"product_tag-salzmuehle-en","10":"product_tag-spice-grinder-en","11":"product_tag-zassenhaus-en","13":"first","14":"instock","15":"taxable","16":"shipping-taxable","17":"purchasable","18":"product-type-variable"},"bundled_by":[],"bundle_stock_status":"instock","bundle_stock_quantity":null,"bundle_virtual":false,"bundle_layout":"","bundle_add_to_cart_form_location":"","bundle_editable_in_cart":false,"bundle_sold_individually_context":"","bundle_item_grouping":"","bundle_min_size":"","bundle_max_size":"","bundle_price":[],"bundled_items":[],"bundle_sell_ids":[],"exclude_global_add_ons":[],"addons":[],"acf":[],"brands":[{"id":1176,"name":"Zassenhaus","slug":"zassenhaus-en"}],"_links":{"self":[{"href":"https:\/\/luba.de\/en\/wp-json\/wp\/v2\/product\/13030","targetHints":{"allow":["GET"]}}],"collection":[{"href":"https:\/\/luba.de\/en\/wp-json\/wp\/v2\/product"}],"about":[{"href":"https:\/\/luba.de\/en\/wp-json\/wp\/v2\/types\/product"}],"replies":[{"embeddable":true,"href":"https:\/\/luba.de\/en\/wp-json\/wp\/v2\/comments?post=13030"}],"wp:featuredmedia":[{"embeddable":true,"href":"https:\/\/luba.de\/en\/wp-json\/wp\/v2\/media\/12914"}],"wp:attachment":[{"href":"https:\/\/luba.de\/en\/wp-json\/wp\/v2\/media?parent=13030"}],"wp:term":[{"taxonomy":"pwb-brand","embeddable":true,"href":"https:\/\/luba.de\/en\/wp-json\/wp\/v2\/pwb-brand?post=13030"},{"taxonomy":"product_brand","embeddable":true,"href":"https:\/\/luba.de\/en\/wp-json\/wp\/v2\/product_brand?post=13030"},{"taxonomy":"product_cat","embeddable":true,"href":"https:\/\/luba.de\/en\/wp-json\/wp\/v2\/product_cat?post=13030"},{"taxonomy":"product_tag","embeddable":true,"href":"https:\/\/luba.de\/en\/wp-json\/wp\/v2\/product_tag?post=13030"}],"curies":[{"name":"wp","href":"https:\/\/api.w.org\/{rel}","templated":true}]}}