{"id":13040,"date":"2021-06-21T11:04:22","date_gmt":"2021-06-21T09:04:22","guid":{"rendered":"https:\/\/luba.de\/zassenhaus-kurbel-pfeffermuehle-speyer-buche-antik-12-cm\/"},"modified":"2024-07-23T12:11:56","modified_gmt":"2024-07-23T10:11:56","slug":"zassenhaus-kurbel-pfeffermuehle-speyer-buche-antik-12-cm","status":"publish","type":"product","link":"https:\/\/luba.de\/en\/zassenhaus-kurbel-pfeffermuehle-speyer-buche-antik-12-cm\/","title":{"rendered":"Zassenhaus Kurbel-Pfefferm\u00fchle &#8220;Speyer&#8221; \u2013 Buche antik \u2013 12 cm"},"content":{"rendered":"<h2>Zassenhaus Pfefferm\u00fchle SPEYER<\/h2>\n<p>Speyer ist eine der \u00e4ltesten St\u00e4dte Deutschlands, sie verbindet Tradition mit Moderne. Das trifft auch auf die Pfefferm\u00fchle SPEYER von Zassenhaus zu. Das Buchenholz mit der attraktiven Maserung ist in Buche natur oder antik gebeizt erh\u00e4ltlich. Es harmoniert sehr gut mit der runden Form, die wie ein Turm in einer Spitze m\u00fcndet. Der Clou ist die formsch\u00f6ne Kurbel. Sie ist ideal, wenn Sie gr\u00f6\u00dfere Mengen Pfeffer, Salz oder getrocknete Kr\u00e4uter mahlen m\u00f6chten. Das patentierte Mahlwerk aus Hochleistungskeramik passt sich Ihren W\u00fcnschen an. Auf einer Skala stellen Sie den Mahlgrad von extrafein bis grob ein. Das verschlei\u00df- und korrosionsfreie Mahlwerk liefert Ihnen zuverl\u00e4ssig und schnell Ihr Gew\u00fcrz. Da sich die Skala am M\u00fchlenboden befindet, bleibt Ihre Einstellung nach dem Bef\u00fcllen erhalten. Wie auch die \u00fcbrigen M\u00fchlen von Zassenhaus ist das Modell SPEYER bis ins Detail durchdacht. Auf diese Qualit\u00e4t Made in Germany erhalten Sie 25 Jahre Garantie.<\/p>\n<p><strong>Pfefferm\u00fchle SPEYER<\/strong><\/p>\n<p><strong>Material:<\/strong> Buche antik gebeizt<\/p>\n<p><strong>Ma\u00dfe:<\/strong><br \/>\nH\u00f6he: 12 cm<br \/>\nDurchmesser: 6 cm<\/p>\n","protected":false},"excerpt":{"rendered":"<ul>\n<li>ideal f\u00fcr gr\u00f6\u00dfere Mengen<\/li>\n<li>deutsches Pr\u00e4zisions-Mahlwerk<\/li>\n<li>25 Jahre Garantie<\/li>\n<\/ul>\n","protected":false},"featured_media":12884,"comment_status":"open","ping_status":"closed","template":"","meta":{"_acf_changed":false},"pwb-brand":[1176],"product_brand":[],"product_cat":[1407],"product_tag":[],"class_list":{"0":"post-13040","1":"product","2":"type-product","3":"status-publish","4":"has-post-thumbnail","6":"pwb-brand-zassenhaus-en","7":"product_cat-spice-mills","9":"first","10":"instock","11":"taxable","12":"shipping-taxable","13":"purchasable","14":"product-type-simple"},"bundled_by":[],"bundle_stock_status":"instock","bundle_stock_quantity":7,"bundle_virtual":false,"bundle_layout":"","bundle_add_to_cart_form_location":"","bundle_editable_in_cart":false,"bundle_sold_individually_context":"","bundle_item_grouping":"","bundle_min_size":"","bundle_max_size":"","bundle_price":[],"bundled_items":[],"bundle_sell_ids":[],"exclude_global_add_ons":[],"addons":[],"acf":[],"brands":[{"id":1176,"name":"Zassenhaus","slug":"zassenhaus-en"}],"_links":{"self":[{"href":"https:\/\/luba.de\/en\/wp-json\/wp\/v2\/product\/13040","targetHints":{"allow":["GET"]}}],"collection":[{"href":"https:\/\/luba.de\/en\/wp-json\/wp\/v2\/product"}],"about":[{"href":"https:\/\/luba.de\/en\/wp-json\/wp\/v2\/types\/product"}],"replies":[{"embeddable":true,"href":"https:\/\/luba.de\/en\/wp-json\/wp\/v2\/comments?post=13040"}],"wp:featuredmedia":[{"embeddable":true,"href":"https:\/\/luba.de\/en\/wp-json\/wp\/v2\/media\/12884"}],"wp:attachment":[{"href":"https:\/\/luba.de\/en\/wp-json\/wp\/v2\/media?parent=13040"}],"wp:term":[{"taxonomy":"pwb-brand","embeddable":true,"href":"https:\/\/luba.de\/en\/wp-json\/wp\/v2\/pwb-brand?post=13040"},{"taxonomy":"product_brand","embeddable":true,"href":"https:\/\/luba.de\/en\/wp-json\/wp\/v2\/product_brand?post=13040"},{"taxonomy":"product_cat","embeddable":true,"href":"https:\/\/luba.de\/en\/wp-json\/wp\/v2\/product_cat?post=13040"},{"taxonomy":"product_tag","embeddable":true,"href":"https:\/\/luba.de\/en\/wp-json\/wp\/v2\/product_tag?post=13040"}],"curies":[{"name":"wp","href":"https:\/\/api.w.org\/{rel}","templated":true}]}}