{"id":13042,"date":"2021-06-21T09:53:17","date_gmt":"2021-06-21T07:53:17","guid":{"rendered":"https:\/\/luba.de\/zassenhaus-pfeffer-salzmuehle-berlin-olivenholz\/"},"modified":"2024-07-23T12:14:01","modified_gmt":"2024-07-23T10:14:01","slug":"zassenhaus-pfeffer-salzmuehle-berlin-olivenholz","status":"publish","type":"product","link":"https:\/\/luba.de\/en\/zassenhaus-pfeffer-salzmuehle-berlin-olivenholz\/","title":{"rendered":"Zassenhaus Pfeffer-\/Salzm\u00fchle &#8220;Berlin&#8221; &#8211; Olivenholz"},"content":{"rendered":"<h2>Zassenhaus Pfeffer- und Salzm\u00fchle BERLIN Olivenholz<\/h2>\n<p>Sie k\u00f6nnte auf dem Tisch einer angesagten Trattoria in der Hauptstadt stehen. Oder in Ihrer K\u00fcche. Die Zassenhaus Pfeffer- und Salzm\u00fchle BERLIN aus Olivenholz verbreitet mediterranes Flair. Die Maserung macht jede M\u00fchle zum Unikat. Einzigartig ist auch das patentierte Qualit\u00e4ts-Mahlwerk aus Hochleistungskeramik. Harte Pfefferk\u00f6rner? Kein Problem! Grobe Salzkristalle? Check! Auch getrocknete Gew\u00fcrze und Kr\u00e4uter f\u00fcr Pizza, Pasta und mehr mahlt die M\u00fchle schnell und sauber.<\/p>\n<p>Den Mahlgrad stellen Sie stufenlos ein von pulverfein (1) bis grob gem\u00f6rsert (6). Dieser bleibt auch beim Nachf\u00fcllen der M\u00fchle exakt erhalten und l\u00e4sst sich auf der Skala am M\u00fchlenboden ablesen. Die klassisch taillierte Form liegt gut in der Hand, die Reinigung der Ger\u00e4te ist schnell erledigt. F\u00fcllen Sie einfach etwas grobk\u00f6rniges Salz ein und mahlen es kurz durch. Das Mahlwerk aus Hochleistungs-Keramik und die Spindel aus Edelstahl werden dadurch nicht angegriffen. Darauf gew\u00e4hrt Zassenhaus\u00a0<strong>25 Jahre Garantie<\/strong>.<\/p>\n<p>&nbsp;<\/p>\n<p><strong>Pfeffer- und Salzm\u00fchle BERLIN<\/strong><\/p>\n<p><strong>Material:<\/strong> Olivenholz<\/p>\n<p><strong>Ma\u00dfe:<\/strong><br \/>\nH\u00f6he: 12 cm, 18 cm, 24 cm<br \/>\nDurchmesser: 5,3 cm, 5,5 cm, 6,0 cm<\/p>\n","protected":false},"excerpt":{"rendered":"<ul>\n<li>ausdrucksstarkes Olivenholz<\/li>\n<li><span style=\"color: #555555; font-size: 14.4px;\">Mahlwerk aus Hochleistungskeramik &#8211; Made in Germany<\/span><\/li>\n<li><span style=\"color: #555555; font-size: 14.4px;\">mediterranes Flair<\/span><\/li>\n<\/ul>\n","protected":false},"featured_media":12858,"comment_status":"open","ping_status":"closed","template":"","meta":{"_acf_changed":false},"pwb-brand":[1176],"product_brand":[],"product_cat":[1407],"product_tag":[1419,1627,1482,1575],"class_list":{"0":"post-13042","1":"product","2":"type-product","3":"status-publish","4":"has-post-thumbnail","6":"pwb-brand-zassenhaus-en","7":"product_cat-spice-mills","8":"product_tag-pfeffermuehle-en","9":"product_tag-salzmuehle-en","10":"product_tag-spice-grinder-en","11":"product_tag-zassenhaus-en","13":"first","14":"instock","15":"taxable","16":"shipping-taxable","17":"purchasable","18":"product-type-variable"},"bundled_by":[],"bundle_stock_status":"instock","bundle_stock_quantity":null,"bundle_virtual":false,"bundle_layout":"","bundle_add_to_cart_form_location":"","bundle_editable_in_cart":false,"bundle_sold_individually_context":"","bundle_item_grouping":"","bundle_min_size":"","bundle_max_size":"","bundle_price":[],"bundled_items":[],"bundle_sell_ids":[],"exclude_global_add_ons":[],"addons":[],"acf":[],"brands":[{"id":1176,"name":"Zassenhaus","slug":"zassenhaus-en"}],"_links":{"self":[{"href":"https:\/\/luba.de\/en\/wp-json\/wp\/v2\/product\/13042","targetHints":{"allow":["GET"]}}],"collection":[{"href":"https:\/\/luba.de\/en\/wp-json\/wp\/v2\/product"}],"about":[{"href":"https:\/\/luba.de\/en\/wp-json\/wp\/v2\/types\/product"}],"replies":[{"embeddable":true,"href":"https:\/\/luba.de\/en\/wp-json\/wp\/v2\/comments?post=13042"}],"wp:featuredmedia":[{"embeddable":true,"href":"https:\/\/luba.de\/en\/wp-json\/wp\/v2\/media\/12858"}],"wp:attachment":[{"href":"https:\/\/luba.de\/en\/wp-json\/wp\/v2\/media?parent=13042"}],"wp:term":[{"taxonomy":"pwb-brand","embeddable":true,"href":"https:\/\/luba.de\/en\/wp-json\/wp\/v2\/pwb-brand?post=13042"},{"taxonomy":"product_brand","embeddable":true,"href":"https:\/\/luba.de\/en\/wp-json\/wp\/v2\/product_brand?post=13042"},{"taxonomy":"product_cat","embeddable":true,"href":"https:\/\/luba.de\/en\/wp-json\/wp\/v2\/product_cat?post=13042"},{"taxonomy":"product_tag","embeddable":true,"href":"https:\/\/luba.de\/en\/wp-json\/wp\/v2\/product_tag?post=13042"}],"curies":[{"name":"wp","href":"https:\/\/api.w.org\/{rel}","templated":true}]}}