{"id":13049,"date":"2021-06-18T10:20:18","date_gmt":"2021-06-18T08:20:18","guid":{"rendered":"https:\/\/luba.de\/zassenhaus-pfeffer-salzmuehle-berlin-buche-dunkel\/"},"modified":"2024-07-23T12:15:08","modified_gmt":"2024-07-23T10:15:08","slug":"zassenhaus-pfeffer-salzmuehle-berlin-buche-dunkel","status":"publish","type":"product","link":"https:\/\/luba.de\/en\/zassenhaus-pfeffer-salzmuehle-berlin-buche-dunkel\/","title":{"rendered":"Zassenhaus Pfeffer- \/ Salzm\u00fchle &#8220;Berlin&#8221; &#8211; Buche dunkel"},"content":{"rendered":"<h2>Pfeffer- und Salzm\u00fchle BERLIN &#8211; Buche dunkel gebeizt<\/h2>\n<p>Berlin steht f\u00fcr Ver\u00e4nderung und Innovation. Die Pfeffer- und Salzm\u00fchlen der BERLIN-Serie von Zassenhaus werden Sie zu neuen Kreationen inspirieren. Ihr patentiertes Pr\u00e4zisions-Mahlwerk ist h\u00e4rter als Stahl, verschlei\u00df- und korrosionsfrei. Es zerkleinert Pfeffer, Salz, Gew\u00fcrze wie geschrotete Chilischoten, Kreuzk\u00fcmmel oder Koriander ganz nach Ihrem Geschmack. Sie haben die Wahl zwischen sechs Stufen \u2013 von ultrafein bis extragrob den Mahlgrad einzustellen. Dieser bleibt auch beim Nachf\u00fcllen der M\u00fchle exakt erhalten und l\u00e4sst sich auf der Skala am M\u00fchlenboden ablesen. Die klassisch taillierte Form liegt gut in der Hand, die Reinigung der Ger\u00e4te ist schnell erledigt. F\u00fcllen Sie einfach etwas grobk\u00f6rniges Salz ein und mahlen es kurz durch. Das Mahlwerk aus Hochleistungs-Keramik und die Spindel aus Edelstahl werden dadurch nicht angegriffen. Darauf gew\u00e4hrt Zassenhaus 25 Jahre Garantie.<\/p>\n<p>&nbsp;<\/p>\n<p><strong>Pfeffer- und Salzm\u00fchle BERLIN<\/strong><\/p>\n<p>Material: Buche<br \/>\nFarbe: dunkel gebeizt<\/p>\n<p><strong>Ma\u00dfe: <\/strong><br \/>\nH\u00f6he: 12 cm, 18 cm, 24 cm, 80 cm<br \/>\nDurchmesser: 5,3 cm, 5,5 cm, 6,0 cm<\/p>\n","protected":false},"excerpt":{"rendered":"<ul>\n<li>von ultrafein bis extragrob<\/li>\n<li>auch f\u00fcr Gew\u00fcrze<\/li>\n<li>nat\u00fcrliche Optik bis edle Hochglanzlackierung<\/li>\n<\/ul>\n","protected":false},"featured_media":12824,"comment_status":"open","ping_status":"closed","template":"","meta":{"_acf_changed":false},"pwb-brand":[1176],"product_brand":[],"product_cat":[1407],"product_tag":[1419,1627,1482,1575],"class_list":{"0":"post-13049","1":"product","2":"type-product","3":"status-publish","4":"has-post-thumbnail","6":"pwb-brand-zassenhaus-en","7":"product_cat-spice-mills","8":"product_tag-pfeffermuehle-en","9":"product_tag-salzmuehle-en","10":"product_tag-spice-grinder-en","11":"product_tag-zassenhaus-en","13":"first","14":"instock","15":"taxable","16":"shipping-taxable","17":"purchasable","18":"product-type-variable"},"bundled_by":[],"bundle_stock_status":"instock","bundle_stock_quantity":null,"bundle_virtual":false,"bundle_layout":"","bundle_add_to_cart_form_location":"","bundle_editable_in_cart":false,"bundle_sold_individually_context":"","bundle_item_grouping":"","bundle_min_size":"","bundle_max_size":"","bundle_price":[],"bundled_items":[],"bundle_sell_ids":[],"exclude_global_add_ons":[],"addons":[],"acf":[],"brands":[{"id":1176,"name":"Zassenhaus","slug":"zassenhaus-en"}],"_links":{"self":[{"href":"https:\/\/luba.de\/en\/wp-json\/wp\/v2\/product\/13049","targetHints":{"allow":["GET"]}}],"collection":[{"href":"https:\/\/luba.de\/en\/wp-json\/wp\/v2\/product"}],"about":[{"href":"https:\/\/luba.de\/en\/wp-json\/wp\/v2\/types\/product"}],"replies":[{"embeddable":true,"href":"https:\/\/luba.de\/en\/wp-json\/wp\/v2\/comments?post=13049"}],"wp:featuredmedia":[{"embeddable":true,"href":"https:\/\/luba.de\/en\/wp-json\/wp\/v2\/media\/12824"}],"wp:attachment":[{"href":"https:\/\/luba.de\/en\/wp-json\/wp\/v2\/media?parent=13049"}],"wp:term":[{"taxonomy":"pwb-brand","embeddable":true,"href":"https:\/\/luba.de\/en\/wp-json\/wp\/v2\/pwb-brand?post=13049"},{"taxonomy":"product_brand","embeddable":true,"href":"https:\/\/luba.de\/en\/wp-json\/wp\/v2\/product_brand?post=13049"},{"taxonomy":"product_cat","embeddable":true,"href":"https:\/\/luba.de\/en\/wp-json\/wp\/v2\/product_cat?post=13049"},{"taxonomy":"product_tag","embeddable":true,"href":"https:\/\/luba.de\/en\/wp-json\/wp\/v2\/product_tag?post=13049"}],"curies":[{"name":"wp","href":"https:\/\/api.w.org\/{rel}","templated":true}]}}