{"id":13064,"date":"2021-03-23T17:19:12","date_gmt":"2021-03-23T16:19:12","guid":{"rendered":"https:\/\/luba.de\/graef-hand-allesschneider-manuale-h-1920-eu-beige\/"},"modified":"2023-03-09T16:00:28","modified_gmt":"2023-03-09T15:00:28","slug":"graef-hand-allesschneider-manuale-h-1920-eu-beige","status":"publish","type":"product","link":"https:\/\/luba.de\/en\/graef-hand-allesschneider-manuale-h-1920-eu-beige\/","title":{"rendered":"Graef Hand-Allesschneider Manuale H 1920 EU, beige"},"content":{"rendered":"<p>Der Handallesschneider in Vollmetallausf\u00fchrung in Optik der 60er Jahre. Mit abnehmbarem Edelstahlschlitten und 190 mm, gezahntem, durchgeh\u00e4rtetem Edelstahlmesser. Schnittst\u00e4rke von 0 &#8211; 15 mm regulierbar, leichtg\u00e4ngige Handkurbel mit Echtholzgriff; Gummisaugf\u00fc\u00dfe und Edelstahl-Restehalter. Standfl\u00e4che: 37 x 36 cm<\/p>\n","protected":false},"excerpt":{"rendered":"<p>Der Handallesschneider in Vollmetallausf\u00fchrung in Optik der 60er Jahre. Mit abnehmbarem Edelstahlschlitten und 190 mm, gezahntem, durchgeh\u00e4rtetem Edelstahlmesser. Schnittst\u00e4rke von 0 &#8211; 15 mm regulierbar, leichtg\u00e4ngige Handkurbel mit Echtholzgriff; Gummisaugf\u00fc\u00dfe und Edelstahl-Restehalter. Standfl\u00e4che: 37 x 36 cm<\/p>\n","protected":false},"featured_media":12348,"comment_status":"open","ping_status":"closed","template":"","meta":{"_acf_changed":false},"pwb-brand":[1180],"product_brand":[],"product_cat":[1380],"product_tag":[],"class_list":{"0":"post-13064","1":"product","2":"type-product","3":"status-publish","4":"has-post-thumbnail","6":"pwb-brand-graef-en","7":"product_cat-universal-slicer","9":"first","10":"outofstock","11":"taxable","12":"shipping-taxable","13":"purchasable","14":"product-type-simple"},"bundled_by":[],"bundle_stock_status":"outofstock","bundle_stock_quantity":0,"bundle_virtual":false,"bundle_layout":"","bundle_add_to_cart_form_location":"","bundle_editable_in_cart":false,"bundle_sold_individually_context":"","bundle_item_grouping":"","bundle_min_size":"","bundle_max_size":"","bundle_price":[],"bundled_items":[],"bundle_sell_ids":[],"exclude_global_add_ons":[],"addons":[],"acf":[],"brands":[{"id":1180,"name":"Graef","slug":"graef-en"}],"_links":{"self":[{"href":"https:\/\/luba.de\/en\/wp-json\/wp\/v2\/product\/13064","targetHints":{"allow":["GET"]}}],"collection":[{"href":"https:\/\/luba.de\/en\/wp-json\/wp\/v2\/product"}],"about":[{"href":"https:\/\/luba.de\/en\/wp-json\/wp\/v2\/types\/product"}],"replies":[{"embeddable":true,"href":"https:\/\/luba.de\/en\/wp-json\/wp\/v2\/comments?post=13064"}],"wp:featuredmedia":[{"embeddable":true,"href":"https:\/\/luba.de\/en\/wp-json\/wp\/v2\/media\/12348"}],"wp:attachment":[{"href":"https:\/\/luba.de\/en\/wp-json\/wp\/v2\/media?parent=13064"}],"wp:term":[{"taxonomy":"pwb-brand","embeddable":true,"href":"https:\/\/luba.de\/en\/wp-json\/wp\/v2\/pwb-brand?post=13064"},{"taxonomy":"product_brand","embeddable":true,"href":"https:\/\/luba.de\/en\/wp-json\/wp\/v2\/product_brand?post=13064"},{"taxonomy":"product_cat","embeddable":true,"href":"https:\/\/luba.de\/en\/wp-json\/wp\/v2\/product_cat?post=13064"},{"taxonomy":"product_tag","embeddable":true,"href":"https:\/\/luba.de\/en\/wp-json\/wp\/v2\/product_tag?post=13064"}],"curies":[{"name":"wp","href":"https:\/\/api.w.org\/{rel}","templated":true}]}}