{"id":13065,"date":"2020-10-02T11:40:55","date_gmt":"2020-10-02T09:40:55","guid":{"rendered":"https:\/\/luba.de\/gaerkorb-motiv-biene-oval-1-kg\/"},"modified":"2024-07-23T13:56:30","modified_gmt":"2024-07-23T11:56:30","slug":"gaerkorb-motiv-biene-oval-1-kg","status":"publish","type":"product","link":"https:\/\/luba.de\/en\/gaerkorb-motiv-biene-oval-1-kg\/","title":{"rendered":"G\u00e4rkorb Motiv Biene, oval (1 kg)"},"content":{"rendered":"<h3>G\u00e4rkorb mit Motiv Biene oval lang 1 kg<\/h3>\n<p>G\u00e4rkorb aus Peddigrohr mit Holzboden.<\/p>\n<p>Motiv: Biene<\/p>\n<p>Form: oval<\/p>\n<p>Teigling bis: 1 kg<\/p>\n<p>Ma\u00dfe (L\/B\/H): 30x14x7 cm<\/p>\n","protected":false},"excerpt":{"rendered":"<p>G\u00e4rkorb mit Motiv Biene oval lang 1 kg G\u00e4rkorb aus Peddigrohr mit Holzboden. Motiv: Biene Form: oval Teigling bis: 1 kg Ma\u00dfe (L\/B\/H): 30x14x7 cm<\/p>\n","protected":false},"featured_media":10959,"comment_status":"open","ping_status":"closed","template":"","meta":{"_acf_changed":false},"pwb-brand":[],"product_brand":[],"product_cat":[911],"product_tag":[1293,1311,1296,1408],"class_list":{"0":"post-13065","1":"product","2":"type-product","3":"status-publish","4":"has-post-thumbnail","6":"product_cat-rattan-baskets","7":"product_tag-gaerkorb-en","8":"product_tag-gaerkorb-1-kg-en","9":"product_tag-gaerkorb-mit-motiv-en","10":"product_tag-goerkorb-oval-en","12":"first","13":"instock","14":"taxable","15":"shipping-taxable","16":"purchasable","17":"product-type-simple"},"bundled_by":[],"bundle_stock_status":"instock","bundle_stock_quantity":22,"bundle_virtual":false,"bundle_layout":"","bundle_add_to_cart_form_location":"","bundle_editable_in_cart":false,"bundle_sold_individually_context":"","bundle_item_grouping":"","bundle_min_size":"","bundle_max_size":"","bundle_price":[],"bundled_items":[],"bundle_sell_ids":[],"exclude_global_add_ons":[],"addons":[],"acf":[],"brands":[],"_links":{"self":[{"href":"https:\/\/luba.de\/en\/wp-json\/wp\/v2\/product\/13065","targetHints":{"allow":["GET"]}}],"collection":[{"href":"https:\/\/luba.de\/en\/wp-json\/wp\/v2\/product"}],"about":[{"href":"https:\/\/luba.de\/en\/wp-json\/wp\/v2\/types\/product"}],"replies":[{"embeddable":true,"href":"https:\/\/luba.de\/en\/wp-json\/wp\/v2\/comments?post=13065"}],"wp:featuredmedia":[{"embeddable":true,"href":"https:\/\/luba.de\/en\/wp-json\/wp\/v2\/media\/10959"}],"wp:attachment":[{"href":"https:\/\/luba.de\/en\/wp-json\/wp\/v2\/media?parent=13065"}],"wp:term":[{"taxonomy":"pwb-brand","embeddable":true,"href":"https:\/\/luba.de\/en\/wp-json\/wp\/v2\/pwb-brand?post=13065"},{"taxonomy":"product_brand","embeddable":true,"href":"https:\/\/luba.de\/en\/wp-json\/wp\/v2\/product_brand?post=13065"},{"taxonomy":"product_cat","embeddable":true,"href":"https:\/\/luba.de\/en\/wp-json\/wp\/v2\/product_cat?post=13065"},{"taxonomy":"product_tag","embeddable":true,"href":"https:\/\/luba.de\/en\/wp-json\/wp\/v2\/product_tag?post=13065"}],"curies":[{"name":"wp","href":"https:\/\/api.w.org\/{rel}","templated":true}]}}