{"id":13067,"date":"2020-09-11T09:44:44","date_gmt":"2020-09-11T07:44:44","guid":{"rendered":"https:\/\/luba.de\/yonanas-elite-sorbetzubereiter-schwarz\/"},"modified":"2020-09-11T09:44:44","modified_gmt":"2020-09-11T07:44:44","slug":"yonanas-elite-sorbetzubereiter-schwarz","status":"publish","type":"product","link":"https:\/\/luba.de\/en\/yonanas-elite-sorbetzubereiter-schwarz\/","title":{"rendered":"Yonanas Elite &#8211; Sorbetzubereiter Schwarz"},"content":{"rendered":"<h3>K\u00f6stlich und gesund<\/h3>\n<p>Mit dem Yonanas Elite k\u00f6nnen Sie aus 100 % gefrorenem Obst sofort ein gesundes Dessert ohne zus\u00e4tzliches Fett, Zucker oder Konservierungsmittel zubereiten. Tauen Sie einfach gefrorene Fr\u00fcchte wie Bananen, Pfirsiche, Mangos, Erdbeeren, Blaubeeren und mehr f\u00fcr ein paar Minuten auf, geben Sie sie in die Yonanas Elite und beobachten Sie, wie die tiefgefrorenen Fr\u00fcchte in Ihre Schale zum Verzehr gelangen. Und weil es zu 100% aus Obst besteht, ist es auch vegan. Das leistungsstarke Elite-Modell ist f\u00fcr eine lange Lebensdauer gebaut, mit einem robusten und leistungsstarken Motor, der auch die h\u00e4rtesten gefrorenen Fr\u00fcchte verarbeiten kann.<\/p>\n<h3>Gefrorene Fr\u00fcchte in Sorbet umwandeln<\/h3>\n<p>Erhalten Sie die dicke und cremige Konsistenz von Sorbet ohne Fl\u00fcssigkeiten, so dass die Konsistenz nicht wie ein in einem Mixer zubereiteter Smoothie verl\u00e4uft.<\/p>\n<h3>Einfach zu bedienen und noch leistungsf\u00e4higer<\/h3>\n<p>Mit dem Yonanas Elite k\u00f6nnen Sie gefrorene Fr\u00fcchte in Sekundenschnelle in Dessert verwandeln, indem Sie einfach gefrorene Bananen (oder eine beliebige Frucht Ihrer Wahl) in die Rutsche einf\u00fchren und mit dem Kolben nach unten dr\u00fccken. Mit einem extrastarken 250-Watt-Motor und einer felsenfesten Konstruktion machen Sie Desserts schneller als je zuvor. Der drehmomentstarke Motor ist auch viel leiser als das Standardmodell. Lassen Sie Ihre Kinder ihre Lieblingsfruchtkombinationen w\u00e4hlen. Sie k\u00f6nnen ihn auch mit verschiedenen Bel\u00e4gen belegen, wie Sie es mit gefrorenem Joghurt tun w\u00fcrden.<br \/>\nWenn Sie Obst in Scheiben schneiden und einfrieren k\u00f6nnen, k\u00f6nnen Sie Yonanas verwenden! Unsere einfach zu verstehende Anleitung wird Sie im Handumdrehen leckere Kreationen zubereiten lassen.<\/p>\n<h3>Leicht zu reinigen<\/h3>\n<p>Nehmen Sie einfach den Einf\u00fcllschacht ab, wenn Sie fertig sind, und sp\u00fclen Sie alles mit warmem Wasser ab. Das Beste daran ist, dass die Sch\u00fctte, der St\u00f6\u00dfel und die Klinge sp\u00fclmaschinenfest sind. Es ist so einfach zu reinigen, dass Sie es jeden Tag benutzen m\u00f6chten.<\/p>\n<p>&nbsp;<\/p>\n<p>100% gefrorene Fr\u00fcchte in Sekundenschnelle zum Dessert! Mit Yonanas k\u00f6nnen Sie Ihre eigenen gesunden gefrorenen Fr\u00fcchte sofort zu einem gesunden, k\u00f6stlichen, veganen Dessert ohne Zusatz von Fett, Zucker oder Chemikalien verarbeiten. Mit den \u00fcber 75 mitgelieferten Rezepten k\u00f6nnen Sie sofort mit der Zubereitung Ihrer eigenen gesunden, tiefgefrorenen Desserts beginnen: Die Sch\u00fctte, der St\u00f6\u00dfel und die Klinge sind sp\u00fclmaschinenfest (oberstes Geschirrsp\u00fclmaschinengestell).BPA frei.<\/p>\n<p>&nbsp;<\/p>\n<p>Abmessungen: 22,5 x 16 x 38,5 cm (L x B x H)<\/p>\n<p>Gewicht: 3,2 kg<\/p>\n<p>Leistung: 250 W<\/p>\n","protected":false},"excerpt":{"rendered":"<p>K\u00f6stlich und gesund Mit dem Yonanas Elite k\u00f6nnen Sie aus 100 % gefrorenem Obst sofort ein gesundes Dessert ohne zus\u00e4tzliches Fett, Zucker oder Konservierungsmittel zubereiten. Tauen Sie einfach gefrorene Fr\u00fcchte wie Bananen, Pfirsiche, Mangos, Erdbeeren, Blaubeeren und mehr f\u00fcr ein paar Minuten auf, geben Sie sie in die Yonanas Elite und beobachten Sie, wie die [&#8230;]\n","protected":false},"featured_media":10832,"comment_status":"open","ping_status":"closed","template":"","meta":{"_acf_changed":false},"pwb-brand":[1283],"product_brand":[],"product_cat":[852],"product_tag":[],"class_list":{"0":"post-13067","1":"product","2":"type-product","3":"status-publish","4":"has-post-thumbnail","6":"pwb-brand-yonanas-en","7":"product_cat-kitchen-appliances-electrical","9":"first","10":"instock","11":"sale","12":"featured","13":"taxable","14":"shipping-taxable","15":"purchasable","16":"product-type-simple"},"bundled_by":[],"bundle_stock_status":"instock","bundle_stock_quantity":59,"bundle_virtual":false,"bundle_layout":"","bundle_add_to_cart_form_location":"","bundle_editable_in_cart":false,"bundle_sold_individually_context":"","bundle_item_grouping":"","bundle_min_size":"","bundle_max_size":"","bundle_price":[],"bundled_items":[],"bundle_sell_ids":[],"exclude_global_add_ons":[],"addons":[],"acf":[],"brands":[{"id":1283,"name":"Yonanas","slug":"yonanas-en"}],"_links":{"self":[{"href":"https:\/\/luba.de\/en\/wp-json\/wp\/v2\/product\/13067","targetHints":{"allow":["GET"]}}],"collection":[{"href":"https:\/\/luba.de\/en\/wp-json\/wp\/v2\/product"}],"about":[{"href":"https:\/\/luba.de\/en\/wp-json\/wp\/v2\/types\/product"}],"replies":[{"embeddable":true,"href":"https:\/\/luba.de\/en\/wp-json\/wp\/v2\/comments?post=13067"}],"wp:featuredmedia":[{"embeddable":true,"href":"https:\/\/luba.de\/en\/wp-json\/wp\/v2\/media\/10832"}],"wp:attachment":[{"href":"https:\/\/luba.de\/en\/wp-json\/wp\/v2\/media?parent=13067"}],"wp:term":[{"taxonomy":"pwb-brand","embeddable":true,"href":"https:\/\/luba.de\/en\/wp-json\/wp\/v2\/pwb-brand?post=13067"},{"taxonomy":"product_brand","embeddable":true,"href":"https:\/\/luba.de\/en\/wp-json\/wp\/v2\/product_brand?post=13067"},{"taxonomy":"product_cat","embeddable":true,"href":"https:\/\/luba.de\/en\/wp-json\/wp\/v2\/product_cat?post=13067"},{"taxonomy":"product_tag","embeddable":true,"href":"https:\/\/luba.de\/en\/wp-json\/wp\/v2\/product_tag?post=13067"}],"curies":[{"name":"wp","href":"https:\/\/api.w.org\/{rel}","templated":true}]}}