{"id":13183,"date":"2021-07-12T13:39:38","date_gmt":"2021-07-12T11:39:38","guid":{"rendered":"https:\/\/luba.de\/esge-zauberstab-m-200-bbq\/"},"modified":"2024-07-23T11:21:52","modified_gmt":"2024-07-23T09:21:52","slug":"esge-zauberstab-m-200-bbq","status":"publish","type":"product","link":"https:\/\/luba.de\/en\/esge-zauberstab-m-200-bbq\/","title":{"rendered":"ESGE-Zauberstab\u00ae M 200 BBQ"},"content":{"rendered":"\t<div id=\"text-748766207\" class=\"text\">\n\t\t\n<h2 class=\"product-title product_title entry-title\">ESGE-Zauberstab\u00ae M 200 BBQ<\/h2>\n\t\t\n<style>\n#text-748766207 {\n  font-size: 1rem;\n}\n<\/style>\n\t<\/div>\n\t\n<div class=\"row\"  id=\"row-798169012\">\n\n\t<div id=\"col-1231819845\" class=\"col medium-7 small-12 large-7\"  >\n\t\t\t\t<div class=\"col-inner\"  >\n\t\t\t\n\t\t\t\n\t<div id=\"text-1466952691\" class=\"text\">\n\t\t\n<p>Marinaden, Dips, Relish, Gew\u00fcrzmischungen\u2026 Was auch immer auf den Grill kommt, wird begleitet von w\u00fcrzigem Drumherum. Damit das flott zubereitet werden kann, gibt\u2019s den ESGE-Zauberstab\u00ae\u00a0M 200 BBQ in stylischem Schwarz! Mit seinem langlebigen, robusten AC-Motor \u201eMade in Switzerland\u201c p\u00fcriert, hackt und zerkleinert er alle Zutaten von der Avocado f\u00fcr die leckere Guamacole bis zu Zwiebeln f\u00fcr Dressings und Dips. Per Sicherheits-Twinschalter stehen zwei Geschwindigkeitsstufen zur Auswahl: 12.000 U\/min und 17.000 U\/min. Das circa 60 cm lange Spiralkabel ist bis zu 150 cm ausziehbar und sorgt so f\u00fcr Bewegungsfreiheit bei der Zubereitung.<\/p>\n<p>Umfangreiches Zubeh\u00f6r begleitet den ESGE-Zauberstab\u00ae\u00a0M 200 BBQ. Multimesser, Schlagscheibe und Fleischmesser sind durch die praktische Aufsteckzentrierung im Handumdrehen einsatzbereit. Damit Gew\u00fcrzmischungen schnell gemacht sind, gibt es den Prozessor. Der zerkleinert oder mahlt Gew\u00fcrze, N\u00fcsse und Co. Die Puderscheibe gew\u00e4hrleistet das optimale Verarbeiten kleinerer Mengen. Ein zweiteiliges Becher-Set mit dichtschlie\u00dfenden Deckeln und das exklusive Rezeptbooklet sowie die Bedienungsanleitung mit Rezepten runden das praktische Paket ab.<\/p>\n\t\t\n<style>\n#text-1466952691 {\n  font-size: 1rem;\n}\n<\/style>\n\t<\/div>\n\t\n\t\t<\/div>\n\t\t\t\t\t<\/div>\n\n\t\n\n\t<div id=\"col-1525842955\" class=\"col medium-5 small-12 large-5\"  >\n\t\t\t\t<div class=\"col-inner\"  >\n\t\t\t\n\t\t\t\n\t<div class=\"img has-hover x md-x lg-x y md-y lg-y\" id=\"image_1758684814\">\n\t\t\t\t\t\t\t\t<div class=\"img-inner dark\" >\n\t\t\t<img decoding=\"async\" width=\"800\" height=\"800\" src=\"https:\/\/luba.de\/wp-content\/uploads\/2021\/07\/ESGE-Zauberstab-M200-BBQ-F5-090200.jpg\" class=\"attachment-large size-large\" alt=\"\" srcset=\"https:\/\/luba.de\/wp-content\/uploads\/2021\/07\/ESGE-Zauberstab-M200-BBQ-F5-090200.jpg 800w, https:\/\/luba.de\/wp-content\/uploads\/2021\/07\/ESGE-Zauberstab-M200-BBQ-F5-090200-400x400.jpg 400w, https:\/\/luba.de\/wp-content\/uploads\/2021\/07\/ESGE-Zauberstab-M200-BBQ-F5-090200-280x280.jpg 280w, https:\/\/luba.de\/wp-content\/uploads\/2021\/07\/ESGE-Zauberstab-M200-BBQ-F5-090200-768x768.jpg 768w, https:\/\/luba.de\/wp-content\/uploads\/2021\/07\/ESGE-Zauberstab-M200-BBQ-F5-090200-510x510.jpg 510w, https:\/\/luba.de\/wp-content\/uploads\/2021\/07\/ESGE-Zauberstab-M200-BBQ-F5-090200-100x100.jpg 100w\" sizes=\"(max-width: 800px) 100vw, 800px\" title=\"\">\t\t\t\t\t\t\n\t\t\t\t\t<\/div>\n\t\t\t\t\t\t\t\t\n<style>\n#image_1758684814 {\n  width: 100%;\n}\n<\/style>\n\t<\/div>\n\t\n\t\t<\/div>\n\t\t\t\t\t<\/div>\n\n\t\n<\/div>\n<div class=\"row\"  id=\"row-1602152260\">\n\n\t<div id=\"col-1774171081\" class=\"col medium-5 small-12 large-5\"  >\n\t\t\t\t<div class=\"col-inner\"  >\n\t\t\t\n\t\t\t\n\t<div class=\"img has-hover x md-x lg-x y md-y lg-y\" id=\"image_1612400716\">\n\t\t\t\t\t\t\t\t<div class=\"img-inner dark\" >\n\t\t\t<img decoding=\"async\" width=\"800\" height=\"800\" src=\"https:\/\/luba.de\/wp-content\/uploads\/2021\/07\/ESGE-Zauberstab-M200-BBQ-K2-090200.jpg\" class=\"attachment-large size-large\" alt=\"\" srcset=\"https:\/\/luba.de\/wp-content\/uploads\/2021\/07\/ESGE-Zauberstab-M200-BBQ-K2-090200.jpg 800w, https:\/\/luba.de\/wp-content\/uploads\/2021\/07\/ESGE-Zauberstab-M200-BBQ-K2-090200-400x400.jpg 400w, https:\/\/luba.de\/wp-content\/uploads\/2021\/07\/ESGE-Zauberstab-M200-BBQ-K2-090200-280x280.jpg 280w, https:\/\/luba.de\/wp-content\/uploads\/2021\/07\/ESGE-Zauberstab-M200-BBQ-K2-090200-768x768.jpg 768w, https:\/\/luba.de\/wp-content\/uploads\/2021\/07\/ESGE-Zauberstab-M200-BBQ-K2-090200-510x510.jpg 510w, https:\/\/luba.de\/wp-content\/uploads\/2021\/07\/ESGE-Zauberstab-M200-BBQ-K2-090200-100x100.jpg 100w\" sizes=\"(max-width: 800px) 100vw, 800px\" title=\"\">\t\t\t\t\t\t\n\t\t\t\t\t<\/div>\n\t\t\t\t\t\t\t\t\n<style>\n#image_1612400716 {\n  width: 100%;\n}\n<\/style>\n\t<\/div>\n\t\n\t\t<\/div>\n\t\t\t\t\t<\/div>\n\n\t\n\n\t<div id=\"col-694044750\" class=\"col medium-7 small-12 large-7\"  >\n\t\t\t\t<div class=\"col-inner\"  >\n\t\t\t\n\t\t\t\n\t<div id=\"text-126683484\" class=\"text\">\n\t\t\n<ul>\n<li>Soft-Touch-Membranschalter<\/li>\n<li>Ergonomisches Griffdesign<\/li>\n<li>Kurzbetriebszeit: 5 Minuten<\/li>\n<li>Eintauchtiefe: ca. 23 cm<\/li>\n<li>Langlebiger, robuster AC-Motor, Made in Switzerland<\/li>\n<li>Aufsteckzentrierung &#8211; erleichtert das Aufstecken der Zubehrteile<\/li>\n<li>Mit Processor zum Zerkleinern oder Mahlen von bspw. Gewu\u0308rzen, Nu\u0308ssen oder Zucker<\/li>\n<li>Inklusive Pulverscheibe zum optimalen Verarbeiten kleinerer Mengen<\/li>\n<li>Exklusives Rezeptbooklet<\/li>\n<li><strong>5 Jahre Garantie<\/strong><\/li>\n<li>Leistung: 200 W, 220-240 V~, 50\/60 Hz<br \/>\nStufe 1: 12.000 U\/min, Stufe 2: 17:000 U\/min<\/li>\n<li>Ma\u00dfe (BxTxH): ca. 6,7 x 9,7 x 34,6 cm<\/li>\n<li>Spiralkabel: L\u00e4nge ca. 60 cm, ausziehbar bis zu 150 cm<\/li>\n<li>Farbe: Schwarz<\/li>\n<li>Gewicht: ca. 0,93 kg<\/li>\n<li>Material: Kunststoff\/Metall<\/li>\n<li>Zubeh\u00f6r: Multimesser, Schlagscheibe, Fleischmesser, Becher-Set mit Deckel, Processor inkl. Pulverscheibe, Exklusives Rezeptbooklet, Bedienungsanleitung mit Rezepten<\/li>\n<\/ul>\n\t\t\n<style>\n#text-126683484 {\n  font-size: 1rem;\n}\n<\/style>\n\t<\/div>\n\t\n\t\t<\/div>\n\t\t\t\t\t<\/div>\n\n\t\n<\/div>\n<p>Mit wahlweise 12.000 U\/min oder 17.000 U\/min zerkleinert, hackt, p\u00fcriert oder verquirlt der ESGE-Zauberstab\u00ae M 200 BBQ die Zutaten f\u00fcr Marianden, Dips und Dressings. Daf\u00fcr sorgen sein robuster, langlebiger AC-Motor \u201eMade in Switzerland\u201c und der Sicherheits-Twinschalter. Das umfangreiche Zubeh\u00f6r umfasst nicht nur Multimesser, Schlagscheibe und Fleischmesser sowie ein Becher-Set und das exklusive Rezeptbooklet. Zus\u00e4tzlich gibt es den praktischen Prozessor. Er zerkleinert oder mahlt Gew\u00fcrze oder N\u00fcsse \u2013 und werden kleinere Mengen ben\u00f6tigt, kommt seine Puderscheibe zum Einsatz.<\/p>\n","protected":false},"excerpt":{"rendered":"<p>It\u2019s Grill-Time! F\u00fcr Marinaden &amp; mehr!<\/p>\n<ul>\n<li>Zerkleinert, hackt, p\u00fcriert oder verquirlt der ESGE-Zauberstab\u00ae M 200 BBQ<\/li>\n<li>Mit umfangreichem Zubeh\u00f6r<\/li>\n<\/ul>\n","protected":false},"featured_media":13162,"comment_status":"open","ping_status":"closed","template":"","meta":{"_acf_changed":false},"pwb-brand":[1216],"product_brand":[],"product_cat":[852],"product_tag":[1460,1411],"class_list":{"0":"post-13183","1":"product","2":"type-product","3":"status-publish","4":"has-post-thumbnail","6":"pwb-brand-unold-en","7":"product_cat-kitchen-appliances-electrical","8":"product_tag-stabmixer-en","9":"product_tag-zauberstab-en","11":"first","12":"instock","13":"featured","14":"taxable","15":"shipping-taxable","16":"purchasable","17":"product-type-simple"},"bundled_by":[],"bundle_stock_status":"instock","bundle_stock_quantity":4,"bundle_virtual":false,"bundle_layout":"","bundle_add_to_cart_form_location":"","bundle_editable_in_cart":false,"bundle_sold_individually_context":"","bundle_item_grouping":"","bundle_min_size":"","bundle_max_size":"","bundle_price":[],"bundled_items":[],"bundle_sell_ids":[],"exclude_global_add_ons":[],"addons":[],"acf":[],"brands":[{"id":1216,"name":"Unold","slug":"unold-en"}],"_links":{"self":[{"href":"https:\/\/luba.de\/en\/wp-json\/wp\/v2\/product\/13183","targetHints":{"allow":["GET"]}}],"collection":[{"href":"https:\/\/luba.de\/en\/wp-json\/wp\/v2\/product"}],"about":[{"href":"https:\/\/luba.de\/en\/wp-json\/wp\/v2\/types\/product"}],"replies":[{"embeddable":true,"href":"https:\/\/luba.de\/en\/wp-json\/wp\/v2\/comments?post=13183"}],"wp:featuredmedia":[{"embeddable":true,"href":"https:\/\/luba.de\/en\/wp-json\/wp\/v2\/media\/13162"}],"wp:attachment":[{"href":"https:\/\/luba.de\/en\/wp-json\/wp\/v2\/media?parent=13183"}],"wp:term":[{"taxonomy":"pwb-brand","embeddable":true,"href":"https:\/\/luba.de\/en\/wp-json\/wp\/v2\/pwb-brand?post=13183"},{"taxonomy":"product_brand","embeddable":true,"href":"https:\/\/luba.de\/en\/wp-json\/wp\/v2\/product_brand?post=13183"},{"taxonomy":"product_cat","embeddable":true,"href":"https:\/\/luba.de\/en\/wp-json\/wp\/v2\/product_cat?post=13183"},{"taxonomy":"product_tag","embeddable":true,"href":"https:\/\/luba.de\/en\/wp-json\/wp\/v2\/product_tag?post=13183"}],"curies":[{"name":"wp","href":"https:\/\/api.w.org\/{rel}","templated":true}]}}