{"id":16337,"date":"2022-08-01T07:05:36","date_gmt":"2022-08-01T05:05:36","guid":{"rendered":"https:\/\/luba.de\/brod-taylor-high-capacity-baking-scale\/"},"modified":"2026-03-12T18:24:54","modified_gmt":"2026-03-12T17:24:54","slug":"brod-taylor-high-capacity-baking-scale","status":"publish","type":"product","link":"https:\/\/luba.de\/en\/brod-taylor-high-capacity-baking-scale\/","title":{"rendered":"Brod &#038; Taylor High Capacity Baking Scale"},"content":{"rendered":"<h2>Precision kitchen scales from Brod &amp; Taylor made of scratch-resistant tempered glass<\/h2>\n\n\t<section class=\"section\" id=\"section_732992704\">\n\t\t<div class=\"section-bg fill\" >\n\t\t\t\t\t\t\t\t\t\n\t\t\t\n\n\t\t<\/div>\n\n\t\t\n\n\t\t<div class=\"section-content relative\">\n\t\t\t\n<h3>A remarkable kitchen scale makes a remarkable difference. Your secret weapon to get your prep down to a science.<\/h3>\n<div class=\"row align-middle\"  id=\"row-1469979719\">\n\n\t<div id=\"col-1290144810\" class=\"col medium-6 small-12 large-6\"  >\n\t\t\t\t<div class=\"col-inner\"  >\n\t\t\t\n\t\t\t\n\t<div id=\"text-1418483095\" class=\"text\">\n\t\t\n<p><strong>Simple, Easy-to-Clean Design.<\/strong><br \/>\nScratch-resistant tempered glass with an extra-bright contrasted LCD screen.<\/p>\n\t\t\n<style>\n#text-1418483095 {\n  font-size: 1.3rem;\n}\n<\/style>\n\t<\/div>\n\t\n\t\t<\/div>\n\t\t\t\t\t<\/div>\n\n\t\n\n\t<div id=\"col-1313924236\" class=\"col medium-6 small-12 large-6\"  >\n\t\t\t\t<div class=\"col-inner\"  >\n\t\t\t\n\t\t\t\n\t<div class=\"img has-hover x md-x lg-x y md-y lg-y\" id=\"image_2116363128\">\n\t\t\t\t\t\t\t\t<div class=\"img-inner dark\" >\n\t\t\t<img decoding=\"async\" width=\"800\" height=\"800\" src=\"https:\/\/luba.de\/wp-content\/uploads\/2022\/08\/Brodandtaylor-Kuchenwaage-7-008440.jpg\" class=\"attachment-large size-large\" alt=\"Pr\u00e4zisions K\u00fcchenwaage mit hoher Kapazit\u00e4t 15 kg\" srcset=\"https:\/\/luba.de\/wp-content\/uploads\/2022\/08\/Brodandtaylor-Kuchenwaage-7-008440.jpg 800w, https:\/\/luba.de\/wp-content\/uploads\/2022\/08\/Brodandtaylor-Kuchenwaage-7-008440-400x400.jpg 400w, https:\/\/luba.de\/wp-content\/uploads\/2022\/08\/Brodandtaylor-Kuchenwaage-7-008440-280x280.jpg 280w, https:\/\/luba.de\/wp-content\/uploads\/2022\/08\/Brodandtaylor-Kuchenwaage-7-008440-768x768.jpg 768w, https:\/\/luba.de\/wp-content\/uploads\/2022\/08\/Brodandtaylor-Kuchenwaage-7-008440-510x510.jpg 510w, https:\/\/luba.de\/wp-content\/uploads\/2022\/08\/Brodandtaylor-Kuchenwaage-7-008440-100x100.jpg 100w\" sizes=\"(max-width: 800px) 100vw, 800px\" title=\"\">\t\t\t\t\t\t\n\t\t\t\t\t<\/div>\n\t\t\t\t\t\t\t\t\n<style>\n#image_2116363128 {\n  width: 100%;\n}\n<\/style>\n\t<\/div>\n\t\n\t\t<\/div>\n\t\t\t\t\t<\/div>\n\n\t\n<\/div>\n<div class=\"row align-middle\"  id=\"row-403573007\">\n\n\t<div id=\"col-339272601\" class=\"col medium-6 small-12 large-6\"  >\n\t\t\t\t<div class=\"col-inner\"  >\n\t\t\t\n\t\t\t\n\t<div class=\"img has-hover x md-x lg-x y md-y lg-y\" id=\"image_1403022165\">\n\t\t\t\t\t\t\t\t<div class=\"img-inner dark\" >\n\t\t\t<img decoding=\"async\" width=\"800\" height=\"800\" src=\"https:\/\/luba.de\/wp-content\/uploads\/2022\/08\/Brodandtaylor-Kuchenwaage-9-008440.jpg\" class=\"attachment-large size-large\" alt=\"Pr\u00e4zisions K\u00fcchenwaage mit hoher Kapazit\u00e4t 15 kg\" srcset=\"https:\/\/luba.de\/wp-content\/uploads\/2022\/08\/Brodandtaylor-Kuchenwaage-9-008440.jpg 800w, https:\/\/luba.de\/wp-content\/uploads\/2022\/08\/Brodandtaylor-Kuchenwaage-9-008440-400x400.jpg 400w, https:\/\/luba.de\/wp-content\/uploads\/2022\/08\/Brodandtaylor-Kuchenwaage-9-008440-280x280.jpg 280w, https:\/\/luba.de\/wp-content\/uploads\/2022\/08\/Brodandtaylor-Kuchenwaage-9-008440-768x768.jpg 768w, https:\/\/luba.de\/wp-content\/uploads\/2022\/08\/Brodandtaylor-Kuchenwaage-9-008440-510x510.jpg 510w, https:\/\/luba.de\/wp-content\/uploads\/2022\/08\/Brodandtaylor-Kuchenwaage-9-008440-100x100.jpg 100w\" sizes=\"(max-width: 800px) 100vw, 800px\" title=\"\">\t\t\t\t\t\t\n\t\t\t\t\t<\/div>\n\t\t\t\t\t\t\t\t\n<style>\n#image_1403022165 {\n  width: 100%;\n}\n<\/style>\n\t<\/div>\n\t\n\t\t<\/div>\n\t\t\t\t\t<\/div>\n\n\t\n\n\t<div id=\"col-1251388073\" class=\"col medium-6 small-12 large-6\"  >\n\t\t\t\t<div class=\"col-inner\"  >\n\t\t\t\n\t\t\t\n\t<div id=\"text-796395713\" class=\"text\">\n\t\t\n<p><strong>Accurate and High Capacity.<\/strong><br \/>\n1-gram accuracy up to 15kg \/ 33lbs. Batteries Included.<\/p>\n\t\t\n<style>\n#text-796395713 {\n  font-size: 1.3rem;\n}\n<\/style>\n\t<\/div>\n\t\n\t\t<\/div>\n\t\t\t\t\t<\/div>\n\n\t\n<\/div>\n<div class=\"row align-middle\"  id=\"row-76749181\">\n\n\t<div id=\"col-1964859326\" class=\"col medium-6 small-12 large-6\"  >\n\t\t\t\t<div class=\"col-inner\"  >\n\t\t\t\n\t\t\t\n\t<div id=\"text-3328799800\" class=\"text\">\n\t\t\n<p><strong>Built to last. <\/strong><br \/>\nOur rigorous testing ensures best in class dependability, accuracy, and ease of use.<\/p>\n\t\t\n<style>\n#text-3328799800 {\n  font-size: 1.3rem;\n}\n<\/style>\n\t<\/div>\n\t\n\t\t<\/div>\n\t\t\t\t\t<\/div>\n\n\t\n\n\t<div id=\"col-1541876163\" class=\"col medium-6 small-12 large-6\"  >\n\t\t\t\t<div class=\"col-inner\"  >\n\t\t\t\n\t\t\t\n\t<div class=\"img has-hover x md-x lg-x y md-y lg-y\" id=\"image_34716739\">\n\t\t\t\t\t\t\t\t<div class=\"img-inner dark\" >\n\t\t\t<img decoding=\"async\" width=\"800\" height=\"800\" src=\"https:\/\/luba.de\/wp-content\/uploads\/2022\/08\/Brodandtaylor-Kuchenwaage-8-008440.jpg\" class=\"attachment-large size-large\" alt=\"Pr\u00e4zisions K\u00fcchenwaage mit hoher Kapazit\u00e4t 15 kg\" srcset=\"https:\/\/luba.de\/wp-content\/uploads\/2022\/08\/Brodandtaylor-Kuchenwaage-8-008440.jpg 800w, https:\/\/luba.de\/wp-content\/uploads\/2022\/08\/Brodandtaylor-Kuchenwaage-8-008440-400x400.jpg 400w, https:\/\/luba.de\/wp-content\/uploads\/2022\/08\/Brodandtaylor-Kuchenwaage-8-008440-280x280.jpg 280w, https:\/\/luba.de\/wp-content\/uploads\/2022\/08\/Brodandtaylor-Kuchenwaage-8-008440-768x768.jpg 768w, https:\/\/luba.de\/wp-content\/uploads\/2022\/08\/Brodandtaylor-Kuchenwaage-8-008440-510x510.jpg 510w, https:\/\/luba.de\/wp-content\/uploads\/2022\/08\/Brodandtaylor-Kuchenwaage-8-008440-100x100.jpg 100w\" sizes=\"(max-width: 800px) 100vw, 800px\" title=\"\">\t\t\t\t\t\t\n\t\t\t\t\t<\/div>\n\t\t\t\t\t\t\t\t\n<style>\n#image_34716739 {\n  width: 100%;\n}\n<\/style>\n\t<\/div>\n\t\n\t\t<\/div>\n\t\t\t\t\t<\/div>\n\n\t\n<\/div>\n\t\t<\/div>\n\n\t\t\n<style>\n#section_732992704 {\n  padding-top: 30px;\n  padding-bottom: 30px;\n  background-color: rgb(245, 245, 245);\n}\n<\/style>\n\t<\/section>\n\t\n","protected":false},"excerpt":{"rendered":"<ul>\n<li>Scratch-resistant tempered glass with extra bright, high-contrast LCD display.<\/li>\n<li>High-capacity precision scale; weighs up to 15 kg<\/li>\n<li>1 gram accuracy<\/li>\n<li>Easy to clean<\/li>\n<li>Batteries included<\/li>\n<\/ul>\n","protected":false},"featured_media":16319,"comment_status":"open","ping_status":"closed","template":"","meta":{"_acf_changed":false},"pwb-brand":[1168],"product_brand":[],"product_cat":[857],"product_tag":[1425,1531],"class_list":{"0":"post-16337","1":"product","2":"type-product","3":"status-publish","4":"has-post-thumbnail","6":"pwb-brand-brod-taylor-en","7":"product_cat-kitchen-utensils","8":"product_tag-kuechenwaage-en","9":"product_tag-scale","11":"first","12":"instock","13":"featured","14":"taxable","15":"shipping-taxable","16":"purchasable","17":"product-type-simple"},"bundled_by":[],"bundle_stock_status":"instock","bundle_stock_quantity":100,"bundle_virtual":false,"bundle_layout":"","bundle_add_to_cart_form_location":"","bundle_editable_in_cart":false,"bundle_sold_individually_context":"","bundle_item_grouping":"","bundle_min_size":"","bundle_max_size":"","bundle_price":[],"bundled_items":[],"bundle_sell_ids":[],"exclude_global_add_ons":[],"addons":[],"acf":[],"brands":[{"id":1168,"name":"Brod &amp; Taylor","slug":"brod-taylor-en"}],"_links":{"self":[{"href":"https:\/\/luba.de\/en\/wp-json\/wp\/v2\/product\/16337","targetHints":{"allow":["GET"]}}],"collection":[{"href":"https:\/\/luba.de\/en\/wp-json\/wp\/v2\/product"}],"about":[{"href":"https:\/\/luba.de\/en\/wp-json\/wp\/v2\/types\/product"}],"replies":[{"embeddable":true,"href":"https:\/\/luba.de\/en\/wp-json\/wp\/v2\/comments?post=16337"}],"wp:featuredmedia":[{"embeddable":true,"href":"https:\/\/luba.de\/en\/wp-json\/wp\/v2\/media\/16319"}],"wp:attachment":[{"href":"https:\/\/luba.de\/en\/wp-json\/wp\/v2\/media?parent=16337"}],"wp:term":[{"taxonomy":"pwb-brand","embeddable":true,"href":"https:\/\/luba.de\/en\/wp-json\/wp\/v2\/pwb-brand?post=16337"},{"taxonomy":"product_brand","embeddable":true,"href":"https:\/\/luba.de\/en\/wp-json\/wp\/v2\/product_brand?post=16337"},{"taxonomy":"product_cat","embeddable":true,"href":"https:\/\/luba.de\/en\/wp-json\/wp\/v2\/product_cat?post=16337"},{"taxonomy":"product_tag","embeddable":true,"href":"https:\/\/luba.de\/en\/wp-json\/wp\/v2\/product_tag?post=16337"}],"curies":[{"name":"wp","href":"https:\/\/api.w.org\/{rel}","templated":true}]}}