{"id":18059,"date":"2023-01-11T09:17:21","date_gmt":"2023-01-11T08:17:21","guid":{"rendered":"https:\/\/luba.de\/millenia-m1\/"},"modified":"2026-03-02T09:09:53","modified_gmt":"2026-03-02T08:09:53","slug":"millenia-m1-grainmill","status":"publish","type":"product","link":"https:\/\/luba.de\/en\/millenia-m1-grainmill\/","title":{"rendered":"Millenia M1"},"content":{"rendered":"<h2>Grain mill MILLENIA M1 manually operated grain mill<\/h2>\n<p>The Millenia M1 grain mill is the version from the Millenia series for lovers of grain mills with manual fine adjustment. The intuitive operation via a slider, which finely adjusts the grinding degree, is simple and practical. The woods used, such as pine, larch, walnut (Ami Nuss) or white lacquer, make it suitable for any kitchen.<\/p>\n<h3>Strong performance<\/h3>\n<p>The powerful industrial motor with 400 watts of power always ensures strong drive and performance. Paired with corundum-ceramic grinding stones, this ensures a remarkable grinding performance and the finest flour. The corundum-ceramic grinding stones were newly developed by Werkst\u00fcck in Tyrol (corundum-ceramic stone is a highly compacted and very hot (up to 2000\u00b0C) fired artificial stone consisting of corundum and binder).<\/p>\n<h3>Made in Austria Tirol<\/h3>\n<p>Made in the Austrian Tyrol, the Millenia flour mill won the Tyrolean Design and Inventor Award in 2022. Rightly so, because this grain mill is unique. Innovation paired with tradition means high-quality woods and a natural look, combined with smart and contemporary technology. The Millenia grain mill has become truly beautiful.<br \/>Werkst\u00fcck is part of GW Tirol (Gesch\u00fctzte Werkst\u00e4tte Integrative Betriebe Tirol), which has been creating market-oriented jobs for people with disabilities since 1980.<\/p>\n<h3>Technical data of the Millenia M1<\/h3>\n<table style=\"width: 100%; border-collapse: collapse;\">\n<tbody>\n<tr>\n<td style=\"width: 20%;\">Dimension (H x W x D)<\/td>\n<td style=\"width: 50%;\">\u00a0<\/td>\n<\/tr>\n<tr>\n<td style=\"width: 20%;\">without mains plug<\/td>\n<td style=\"width: 50%;\">33.5 x 20.5 x 25.0 cm<\/td>\n<\/tr>\n<tr>\n<td style=\"width: 20%;\">with mains plug<\/td>\n<td style=\"width: 50%;\">33.5 x 20.5 x 32.0 cm<\/td>\n<\/tr>\n<tr>\n<td style=\"width: 20%;\">Hopper filling quantity<\/td>\n<td style=\"width: 50%;\">1.000 g<\/td>\n<\/tr>\n<tr>\n<td style=\"width: 20%;\">Milling grade Adjustment<\/td>\n<td style=\"width: 50%;\">Clamping lever<\/td>\n<\/tr>\n<tr>\n<td style=\"width: 20%;\">Milling grade for wheat fine<\/td>\n<td style=\"width: 50%;\">~ 180 g\/min<\/td>\n<\/tr>\n<tr>\n<td style=\"width: 20%;\">Support height for bowl<\/td>\n<td style=\"width: 50%;\">11.5 cm<\/td>\n<\/tr>\n<tr>\n<td style=\"width: 20%;\">Volume for fine wheat<\/td>\n<td style=\"width: 50%;\">~ 75 db<\/td>\n<\/tr>\n<tr>\n<td style=\"width: 20%;\">Millstone<\/td>\n<td style=\"width: 50%;\">Corundum ceramic<\/td>\n<\/tr>\n<tr>\n<td style=\"width: 20%;\">\u00a0<\/td>\n<td style=\"width: 50%;\">\u00d8 90 mm<\/td>\n<\/tr>\n<tr>\n<td style=\"width: 20%;\">Housing<\/td>\n<td style=\"width: 50%;\">Veneered bendable plywood \/ parts in contact with the product made of food-safe plastic<\/td>\n<\/tr>\n<tr>\n<td style=\"width: 20%;\">Motor power<\/td>\n<td style=\"width: 50%;\">400 watts \/ 230 volts \/ 50 Hz<\/td>\n<\/tr>\n<tr>\n<td style=\"width: 20%;\">Weight<\/td>\n<td style=\"width: 50%;\">7.0 kg<\/td>\n<\/tr>\n<tr>\n<td style=\"width: 20%;\">Certificate \/ Safety mark<\/td>\n<td style=\"width: 50%;\">T\u00dcV S\u00dcD<\/td>\n<\/tr>\n<tr>\n<td style=\"width: 20%;\">Warranty<\/td>\n<td style=\"width: 50%;\">8 years<\/td>\n<\/tr>\n<\/tbody>\n<\/table>\n<div>\u00a0<\/div>\n<h3>Warranty<\/h3>\n<div>We provide a warranty within the scope of the statutory provisions.<\/div>\n<div>\u00a0<\/div>\n<div><strong>No warranty is given:<\/strong><\/div>\n<ul>\n<li>For all parts that are subject to natural wear and tear.<\/li>\n<li>For defects caused by unsuitable or improper use.<\/li>\n<\/ul>\n<h3>Video operating instructions in German<\/h3>\n<div style=\"width: 854px;\" class=\"wp-video\"><video class=\"wp-video-shortcode\" id=\"video-18059-1\" width=\"854\" height=\"480\" preload=\"metadata\" controls=\"controls\"><source type=\"video\/mp4\" src=\"https:\/\/luba.de\/wp-content\/uploads\/2023\/01\/millenia_m1_1.mp4?_=1\" \/><a href=\"https:\/\/luba.de\/wp-content\/uploads\/2023\/01\/millenia_m1_1.mp4\">https:\/\/luba.de\/wp-content\/uploads\/2023\/01\/millenia_m1_1.mp4<\/a><\/video><\/div>\n<p><a href=\"\/wp-content\/uploads\/pdf\/anleitungen\/millenia\/bl-millenia-getreidemuehle-2022.pdf\" target=\"_blank\" rel=\"noopener\"><strong>Operating instructions Millenia PDF<\/strong><\/a><\/p>\n<p>Luba GmbH in Bad Homburg is the exclusive B2B distributor for Werkst\u00fcck Millenia grain mills.<br \/>You can find information on the Internet at www.luba.de or info@luba.de.<br \/>For dealer enquiries, please contact us.<\/p>\n","protected":false},"excerpt":{"rendered":"<p>The manually operated grain mill.<\/p>\n","protected":false},"featured_media":25060,"comment_status":"open","ping_status":"closed","template":"","meta":{"_acf_changed":false},"pwb-brand":[1593],"product_brand":[],"product_cat":[1592],"product_tag":[],"class_list":{"0":"post-18059","1":"product","2":"type-product","3":"status-publish","4":"has-post-thumbnail","6":"pwb-brand-werkstueck-en","7":"product_cat-werkstueck-grainmills","9":"first","10":"instock","11":"taxable","12":"shipping-taxable","13":"purchasable","14":"product-type-variable"},"bundled_by":[],"bundle_stock_status":"instock","bundle_stock_quantity":null,"bundle_virtual":false,"bundle_layout":"","bundle_add_to_cart_form_location":"","bundle_editable_in_cart":false,"bundle_sold_individually_context":"","bundle_item_grouping":"","bundle_min_size":"","bundle_max_size":"","bundle_price":[],"bundled_items":[],"bundle_sell_ids":[],"exclude_global_add_ons":[],"addons":[],"acf":[],"brands":[{"id":1593,"name":"werkst\u00fcck","slug":"werkstueck-en"}],"_links":{"self":[{"href":"https:\/\/luba.de\/en\/wp-json\/wp\/v2\/product\/18059","targetHints":{"allow":["GET"]}}],"collection":[{"href":"https:\/\/luba.de\/en\/wp-json\/wp\/v2\/product"}],"about":[{"href":"https:\/\/luba.de\/en\/wp-json\/wp\/v2\/types\/product"}],"replies":[{"embeddable":true,"href":"https:\/\/luba.de\/en\/wp-json\/wp\/v2\/comments?post=18059"}],"wp:featuredmedia":[{"embeddable":true,"href":"https:\/\/luba.de\/en\/wp-json\/wp\/v2\/media\/25060"}],"wp:attachment":[{"href":"https:\/\/luba.de\/en\/wp-json\/wp\/v2\/media?parent=18059"}],"wp:term":[{"taxonomy":"pwb-brand","embeddable":true,"href":"https:\/\/luba.de\/en\/wp-json\/wp\/v2\/pwb-brand?post=18059"},{"taxonomy":"product_brand","embeddable":true,"href":"https:\/\/luba.de\/en\/wp-json\/wp\/v2\/product_brand?post=18059"},{"taxonomy":"product_cat","embeddable":true,"href":"https:\/\/luba.de\/en\/wp-json\/wp\/v2\/product_cat?post=18059"},{"taxonomy":"product_tag","embeddable":true,"href":"https:\/\/luba.de\/en\/wp-json\/wp\/v2\/product_tag?post=18059"}],"curies":[{"name":"wp","href":"https:\/\/api.w.org\/{rel}","templated":true}]}}