{"id":18956,"date":"2023-05-10T14:58:52","date_gmt":"2023-05-10T12:58:52","guid":{"rendered":"https:\/\/luba.de\/solis-scala-zero-static-1662-coffee-grinder-electric\/"},"modified":"2024-12-08T20:14:37","modified_gmt":"2024-12-08T19:14:37","slug":"solis-scala-zero-static-1662-coffee-grinder-electric","status":"publish","type":"product","link":"https:\/\/luba.de\/en\/solis-scala-zero-static-1662-coffee-grinder-electric\/","title":{"rendered":"Solis Scala Zero Static 1662 Coffee Grinder Electric"},"content":{"rendered":"<h2>Electric Coffee Grinder Solis Scala Zero Static 1662<\/h2>\n<p>Grind freshly ground coffee for all types of coffee preparations, from filter coffee to caf\u00e9 cr\u00e8me to real espresso. The Solis Scala Zero Static grinder also features 24 different grind settings and hardened stainless steel grinding cones for effortless grinding of whole coffee beans. The advanced ZeroStatic technology offers many advantages: Eliminating static from ground coffee reduces wastage, improves dosing consistency\/precision and keeps your kitchen counter clean. The low speed of the double reduction gearbox enables particularly aroma-friendly grinding.<\/p>\n<p>&nbsp;<\/p>\n<div class=\"row\"  id=\"row-887087111\">\n\n\t<div id=\"col-1103809970\" class=\"col medium-4 small-12 large-4\"  >\n\t\t\t\t<div class=\"col-inner\"  >\n\t\t\t\n\t\t\t\n\t<div class=\"box has-hover   has-hover box-text-bottom\" >\n\n\t\t<div class=\"box-image\" >\n\t\t\t\t\t\t<div class=\"\" >\n\t\t\t\t<img decoding=\"async\" width=\"500\" height=\"333\" src=\"https:\/\/luba.de\/wp-content\/uploads\/2023\/05\/Solis-Scala-Zero-Static-1662-Kaffeemuehle-15.jpg\" class=\"attachment- size-\" alt=\"\" title=\"\">\t\t\t\t\t\t\t\t\t\t\t<\/div>\n\t\t\t\t\t<\/div>\n\n\t\t<div class=\"box-text text-left\" >\n\t\t\t<div class=\"box-text-inner\">\n\t\t\t\t\n<h4>24 grind settings<\/h4>\n<p>The Solis Scala Zero Static grinds your favourite coffee beans into the right blend quickly and easily.<\/p>\n\t\t\t<\/div>\n\t\t<\/div>\n\t<\/div>\n\t\n\t\t<\/div>\n\t\t\t\t\t<\/div>\n\n\t\n\n\t<div id=\"col-645854863\" class=\"col medium-4 small-12 large-4\"  >\n\t\t\t\t<div class=\"col-inner\"  >\n\t\t\t\n\t\t\t\n\t<div class=\"box has-hover   has-hover box-text-bottom\" >\n\n\t\t<div class=\"box-image\" >\n\t\t\t\t\t\t<div class=\"\" >\n\t\t\t\t<img decoding=\"async\" width=\"500\" height=\"333\" src=\"https:\/\/luba.de\/wp-content\/uploads\/2023\/05\/Solis-Scala-Zero-Static-1662-Kaffeemuehle-13.jpg\" class=\"attachment- size-\" alt=\"\" title=\"\">\t\t\t\t\t\t\t\t\t\t\t<\/div>\n\t\t\t\t\t<\/div>\n\n\t\t<div class=\"box-text text-left\" >\n\t\t\t<div class=\"box-text-inner\">\n\t\t\t\t\n<h4>Large bean hopper<\/h4>\n<p>The large bean hopper holds up to 300 grams of coffee beans, which is enough for an average of 40 cups of coffee.<\/p>\n\t\t\t<\/div>\n\t\t<\/div>\n\t<\/div>\n\t\n\t\t<\/div>\n\t\t\t\t\t<\/div>\n\n\t\n\n\t<div id=\"col-802971385\" class=\"col medium-4 small-12 large-4\"  >\n\t\t\t\t<div class=\"col-inner\"  >\n\t\t\t\n\t\t\t\n\t<div class=\"box has-hover   has-hover box-text-bottom\" >\n\n\t\t<div class=\"box-image\" >\n\t\t\t\t\t\t<div class=\"\" >\n\t\t\t\t<img decoding=\"async\" width=\"500\" height=\"333\" src=\"https:\/\/luba.de\/wp-content\/uploads\/2023\/05\/Solis-Scala-Zero-Static-1662-Kaffeemuehle-11.jpg\" class=\"attachment- size-\" alt=\"\" title=\"\">\t\t\t\t\t\t\t\t\t\t\t<\/div>\n\t\t\t\t\t<\/div>\n\n\t\t<div class=\"box-text text-left\" >\n\t\t\t<div class=\"box-text-inner\">\n\t\t\t\t\n<h4>ZeroStatic technology<\/h4>\n<p>The built-in ion generator eliminates static electricity generated during grinding, thus reducing ground coffee waste and improving dosing consistency\/precision.<\/p>\n\t\t\t<\/div>\n\t\t<\/div>\n\t<\/div>\n\t\n\t\t<\/div>\n\t\t\t\t\t<\/div>\n\n\t\n<\/div>\n<div class=\"row\"  id=\"row-577617229\">\n\n\t<div id=\"col-1693947626\" class=\"col medium-4 small-12 large-4\"  >\n\t\t\t\t<div class=\"col-inner\"  >\n\t\t\t\n\t\t\t\n\t<div class=\"box has-hover   has-hover box-text-bottom\" >\n\n\t\t<div class=\"box-image\" >\n\t\t\t\t\t\t<div class=\"\" >\n\t\t\t\t<img decoding=\"async\" width=\"500\" height=\"333\" src=\"https:\/\/luba.de\/wp-content\/uploads\/2023\/05\/Solis-Scala-Zero-Static-1662-Kaffeemuehle-10.jpg\" class=\"attachment- size-\" alt=\"\" title=\"\">\t\t\t\t\t\t\t\t\t\t\t<\/div>\n\t\t\t\t\t<\/div>\n\n\t\t<div class=\"box-text text-left\" >\n\t\t\t<div class=\"box-text-inner\">\n\t\t\t\t\n<h4>Best bean quality<\/h4>\n<p>The bean container is hermetically sealed, which preserves the quality and aroma of the coffee beans.<\/p>\n\t\t\t<\/div>\n\t\t<\/div>\n\t<\/div>\n\t\n\t\t<\/div>\n\t\t\t\t\t<\/div>\n\n\t\n\n\t<div id=\"col-562354247\" class=\"col medium-4 small-12 large-4\"  >\n\t\t\t\t<div class=\"col-inner\"  >\n\t\t\t\n\t\t\t\n\t<div class=\"box has-hover   has-hover box-text-bottom\" >\n\n\t\t<div class=\"box-image\" >\n\t\t\t\t\t\t<div class=\"\" >\n\t\t\t\t<img decoding=\"async\" width=\"500\" height=\"333\" src=\"https:\/\/luba.de\/wp-content\/uploads\/2023\/05\/Solis-Scala-Zero-Static-1662-Kaffeemuehle-12.jpg\" class=\"attachment- size-\" alt=\"\" title=\"\">\t\t\t\t\t\t\t\t\t\t\t<\/div>\n\t\t\t\t\t<\/div>\n\n\t\t<div class=\"box-text text-left\" >\n\t\t\t<div class=\"box-text-inner\">\n\t\t\t\t\n<h4>Storage compartment<\/h4>\n<p>A useful storage compartment in the bottom of the housing for the cable keeps your kitchen counter looking tidy.<\/p>\n\t\t\t<\/div>\n\t\t<\/div>\n\t<\/div>\n\t\n\t\t<\/div>\n\t\t\t\t\t<\/div>\n\n\t\n\n\t<div id=\"col-1626312823\" class=\"col medium-4 small-12 large-4\"  >\n\t\t\t\t<div class=\"col-inner\"  >\n\t\t\t\n\t\t\t\n\t<div class=\"box has-hover   has-hover box-text-bottom\" >\n\n\t\t<div class=\"box-image\" >\n\t\t\t\t\t\t<div class=\"\" >\n\t\t\t\t<img decoding=\"async\" width=\"500\" height=\"333\" src=\"https:\/\/luba.de\/wp-content\/uploads\/2023\/05\/Solis-Scala-Zero-Static-1662-Kaffeemuehle-14.jpg\" class=\"attachment- size-\" alt=\"\" title=\"\">\t\t\t\t\t\t\t\t\t\t\t<\/div>\n\t\t\t\t\t<\/div>\n\n\t\t<div class=\"box-text text-left\" >\n\t\t\t<div class=\"box-text-inner\">\n\t\t\t\t\n<h4>Adjustable grind settings<\/h4>\n<p>There are 24 different, easily adjustable grind settings, from fine for espresso to coarse for filter coffee.<\/p>\n\t\t\t<\/div>\n\t\t<\/div>\n\t<\/div>\n\t\n\t\t<\/div>\n\t\t\t\t\t<\/div>\n\n\t\n<\/div>\n<h3>More information about Solis Coffee Grinder Scala Zero Static 1662<\/h3>\n<p>Die Menge an gemahlenem Kaffee wird von einem elektronischen Timer gesteuert, und der Kaffee wird in einem Auffangbeh\u00e4lter gesammelt. Da sich bei einigen Kaffeesorten auch kleine Steine unter den Bohnen befinden k\u00f6nnen, ist das Ger\u00e4t mit einer Steinschutzsicherung ausgestattet, die die M\u00fchle vor Besch\u00e4digungen sch\u00fctzt.<\/p>\n<p>Der transparente, aromakonservierende Bohnenbeh\u00e4lter aus SAN-Kunststoff fasst bis zu 300 Gramm Bohnen und ist zur einfachen Reinigung abnehmbar. Das BPA-freie Kunststoffgeh\u00e4use ist mit einem praktischen Fach ausgestattet, in dem das Kabel aufbewahrt werden kann. Eine elektronische Start\/Stopp-Taste und Anti-Rutsch-F\u00fc\u00dfe sorgen f\u00fcr eine komfortable und sichere Bedienung.<\/p>\n<div class=\"row\"  id=\"row-1626136663\">\n\n\t<div id=\"col-1478298232\" class=\"col medium-4 small-12 large-4\"  >\n\t\t\t\t<div class=\"col-inner\"  >\n\t\t\t\n\t\t\t\n\n\t\t<div class=\"icon-box featured-box icon-box-left text-left\"  >\n\t\t\t\t\t<div class=\"icon-box-img has-icon-bg\" style=\"width: 30px\">\n\t\t\t\t<div class=\"icon\">\n\t\t\t\t\t<div class=\"icon-inner\" style=\"border-width:2px;color:rgb(203, 2, 2);\">\n\t\t\t\t\t\t<svg xmlns=\"http:\/\/www.w3.org\/2000\/svg\" viewBox=\"0 0 448 512\"><!--! Font Awesome Pro 6.4.0 by @fontawesome - https:\/\/fontawesome.com License - https:\/\/fontawesome.com\/license (Commercial License) Copyright 2023 Fonticons, Inc. --><path d=\"M438.6 105.4c12.5 12.5 12.5 32.8 0 45.3l-256 256c-12.5 12.5-32.8 12.5-45.3 0l-128-128c-12.5-12.5-12.5-32.8 0-45.3s32.8-12.5 45.3 0L160 338.7 393.4 105.4c12.5-12.5 32.8-12.5 45.3 0z\"\/><\/svg>\t\t\t\t\t<\/div>\n\t\t\t\t<\/div>\n\t\t\t<\/div>\n\t\t\t\t<div class=\"icon-box-text last-reset\">\n\t\t\t\t\t\t\t\t\t\n<h3>Stone protection fuse<\/h3>\n<p>A built-in stone protection guard protects the unit from damage caused by stones.<\/p>\n\t\t<\/div>\n\t<\/div>\n\t\n\t\n\t\t<\/div>\n\t\t\t\t\t<\/div>\n\n\t\n\n\t<div id=\"col-723902349\" class=\"col medium-4 small-12 large-4\"  >\n\t\t\t\t<div class=\"col-inner\"  >\n\t\t\t\n\t\t\t\n\n\t\t<div class=\"icon-box featured-box icon-box-left text-left\"  >\n\t\t\t\t\t<div class=\"icon-box-img has-icon-bg\" style=\"width: 30px\">\n\t\t\t\t<div class=\"icon\">\n\t\t\t\t\t<div class=\"icon-inner\" style=\"border-width:2px;color:rgb(203, 2, 2);\">\n\t\t\t\t\t\t<svg xmlns=\"http:\/\/www.w3.org\/2000\/svg\" viewBox=\"0 0 448 512\"><!--! Font Awesome Pro 6.4.0 by @fontawesome - https:\/\/fontawesome.com License - https:\/\/fontawesome.com\/license (Commercial License) Copyright 2023 Fonticons, Inc. --><path d=\"M438.6 105.4c12.5 12.5 12.5 32.8 0 45.3l-256 256c-12.5 12.5-32.8 12.5-45.3 0l-128-128c-12.5-12.5-12.5-32.8 0-45.3s32.8-12.5 45.3 0L160 338.7 393.4 105.4c12.5-12.5 32.8-12.5 45.3 0z\"\/><\/svg>\t\t\t\t\t<\/div>\n\t\t\t\t<\/div>\n\t\t\t<\/div>\n\t\t\t\t<div class=\"icon-box-text last-reset\">\n\t\t\t\t\t\t\t\t\t\n<h3>BPA-free plastic parts<\/h3>\n<p>All plastic components are BPA-free.<\/p>\n\t\t<\/div>\n\t<\/div>\n\t\n\t\n\t\t<\/div>\n\t\t\t\t\t<\/div>\n\n\t\n\n\t<div id=\"col-1170939043\" class=\"col medium-4 small-12 large-4\"  >\n\t\t\t\t<div class=\"col-inner\"  >\n\t\t\t\n\t\t\t\n\n\t\t<div class=\"icon-box featured-box icon-box-left text-left\"  >\n\t\t\t\t\t<div class=\"icon-box-img has-icon-bg\" style=\"width: 30px\">\n\t\t\t\t<div class=\"icon\">\n\t\t\t\t\t<div class=\"icon-inner\" style=\"border-width:2px;color:rgb(203, 2, 2);\">\n\t\t\t\t\t\t<svg xmlns=\"http:\/\/www.w3.org\/2000\/svg\" viewBox=\"0 0 448 512\"><!--! Font Awesome Pro 6.4.0 by @fontawesome - https:\/\/fontawesome.com License - https:\/\/fontawesome.com\/license (Commercial License) Copyright 2023 Fonticons, Inc. --><path d=\"M438.6 105.4c12.5 12.5 12.5 32.8 0 45.3l-256 256c-12.5 12.5-32.8 12.5-45.3 0l-128-128c-12.5-12.5-12.5-32.8 0-45.3s32.8-12.5 45.3 0L160 338.7 393.4 105.4c12.5-12.5 32.8-12.5 45.3 0z\"\/><\/svg>\t\t\t\t\t<\/div>\n\t\t\t\t<\/div>\n\t\t\t<\/div>\n\t\t\t\t<div class=\"icon-box-text last-reset\">\n\t\t\t\t\t\t\t\t\t\n<h3>Overheating protection<\/h3>\n<p>Prevents permanent damage to the mill&#8217;s motor if the appliance is subjected to excessive use.<\/p>\n\t\t<\/div>\n\t<\/div>\n\t\n\t\n\t\t<\/div>\n\t\t\t\t\t<\/div>\n\n\t\n\n<style>\n#row-1626136663 > .col > .col-inner {\n  padding: 40px 0px 0px 0px;\n}\n<\/style>\n<\/div>\n<div class=\"row\"  id=\"row-1034109093\">\n\n\t<div id=\"col-912423884\" class=\"col medium-4 small-12 large-4\"  >\n\t\t\t\t<div class=\"col-inner\"  >\n\t\t\t\n\t\t\t\n\n\t\t<div class=\"icon-box featured-box icon-box-left text-left\"  >\n\t\t\t\t\t<div class=\"icon-box-img has-icon-bg\" style=\"width: 30px\">\n\t\t\t\t<div class=\"icon\">\n\t\t\t\t\t<div class=\"icon-inner\" style=\"border-width:2px;color:rgb(203, 2, 2);\">\n\t\t\t\t\t\t<svg xmlns=\"http:\/\/www.w3.org\/2000\/svg\" viewBox=\"0 0 448 512\"><!--! Font Awesome Pro 6.4.0 by @fontawesome - https:\/\/fontawesome.com License - https:\/\/fontawesome.com\/license (Commercial License) Copyright 2023 Fonticons, Inc. --><path d=\"M438.6 105.4c12.5 12.5 12.5 32.8 0 45.3l-256 256c-12.5 12.5-32.8 12.5-45.3 0l-128-128c-12.5-12.5-12.5-32.8 0-45.3s32.8-12.5 45.3 0L160 338.7 393.4 105.4c12.5-12.5 32.8-12.5 45.3 0z\"\/><\/svg>\t\t\t\t\t<\/div>\n\t\t\t\t<\/div>\n\t\t\t<\/div>\n\t\t\t\t<div class=\"icon-box-text last-reset\">\n\t\t\t\t\t\t\t\t\t\n<h3>Start\/stop button<\/h3>\n<p>Full control over the grinding: With a simple touch of a button, you can stop and (re)start the grinding process whenever you want.<\/p>\n\t\t<\/div>\n\t<\/div>\n\t\n\t\n\t\t<\/div>\n\t\t\t\t\t<\/div>\n\n\t\n\n\t<div id=\"col-321190403\" class=\"col medium-4 small-12 large-4\"  >\n\t\t\t\t<div class=\"col-inner\"  >\n\t\t\t\n\t\t\t\n\n\t\t<div class=\"icon-box featured-box icon-box-left text-left\"  >\n\t\t\t\t\t<div class=\"icon-box-img has-icon-bg\" style=\"width: 30px\">\n\t\t\t\t<div class=\"icon\">\n\t\t\t\t\t<div class=\"icon-inner\" style=\"border-width:2px;color:rgb(203, 2, 2);\">\n\t\t\t\t\t\t<svg xmlns=\"http:\/\/www.w3.org\/2000\/svg\" viewBox=\"0 0 448 512\"><!--! Font Awesome Pro 6.4.0 by @fontawesome - https:\/\/fontawesome.com License - https:\/\/fontawesome.com\/license (Commercial License) Copyright 2023 Fonticons, Inc. --><path d=\"M438.6 105.4c12.5 12.5 12.5 32.8 0 45.3l-256 256c-12.5 12.5-32.8 12.5-45.3 0l-128-128c-12.5-12.5-12.5-32.8 0-45.3s32.8-12.5 45.3 0L160 338.7 393.4 105.4c12.5-12.5 32.8-12.5 45.3 0z\"\/><\/svg>\t\t\t\t\t<\/div>\n\t\t\t\t<\/div>\n\t\t\t<\/div>\n\t\t\t\t<div class=\"icon-box-text last-reset\">\n\t\t\t\t\t\t\t\t\t\n<h3>Anti-slip rubber feet<\/h3>\n<p>The anti-slip rubber feet ensure a firm stand at all times.<\/p>\n\t\t<\/div>\n\t<\/div>\n\t\n\t\n\t\t<\/div>\n\t\t\t\t\t<\/div>\n\n\t\n\n\t<div id=\"col-1674271750\" class=\"col medium-4 small-12 large-4\"  >\n\t\t\t\t<div class=\"col-inner\"  >\n\t\t\t\n\t\t\t\n\n\t\t<div class=\"icon-box featured-box icon-box-left text-left\"  >\n\t\t\t\t\t<div class=\"icon-box-img has-icon-bg\" style=\"width: 30px\">\n\t\t\t\t<div class=\"icon\">\n\t\t\t\t\t<div class=\"icon-inner\" style=\"border-width:2px;color:rgb(203, 2, 2);\">\n\t\t\t\t\t\t<svg xmlns=\"http:\/\/www.w3.org\/2000\/svg\" viewBox=\"0 0 448 512\"><!--! Font Awesome Pro 6.4.0 by @fontawesome - https:\/\/fontawesome.com License - https:\/\/fontawesome.com\/license (Commercial License) Copyright 2023 Fonticons, Inc. --><path d=\"M438.6 105.4c12.5 12.5 12.5 32.8 0 45.3l-256 256c-12.5 12.5-32.8 12.5-45.3 0l-128-128c-12.5-12.5-12.5-32.8 0-45.3s32.8-12.5 45.3 0L160 338.7 393.4 105.4c12.5-12.5 32.8-12.5 45.3 0z\"\/><\/svg>\t\t\t\t\t<\/div>\n\t\t\t\t<\/div>\n\t\t\t<\/div>\n\t\t\t\t<div class=\"icon-box-text last-reset\">\n\t\t\t\t\t\t\t\t\t\n<h3>Premium grinding cone<\/h3>\n<p>Grinding cone made of high-quality premium stainless steel.<\/p>\n\t\t<\/div>\n\t<\/div>\n\t\n\t\n\t\t<\/div>\n\t\t\t\t\t<\/div>\n\n\t\n\n<style>\n#row-1034109093 > .col > .col-inner {\n  padding: 0px 0px 40px 0px;\n}\n<\/style>\n<\/div>\n<h3>Scope of delivery:<\/h3>\n<ul>\n<li>Solis Scala Zero 1662 Coffee Grinder<\/li>\n<li>Cleaning brush<\/li>\n<\/ul>\n","protected":false},"excerpt":{"rendered":"<p><strong>This black beauty ensures that your finely ground coffee is not wasted.<\/strong><\/p>\n<ul>\n<li>24-stage grinder setting<\/li>\n<li>Antistatic<\/li>\n<li>High-quality stainless steel grinding cones<\/li>\n<li>Stone protection fuse<\/li>\n<li>BPA-free<\/li>\n<\/ul>\n","protected":false},"featured_media":18938,"comment_status":"open","ping_status":"closed","template":"","meta":{"_acf_changed":false},"pwb-brand":[1190],"product_brand":[],"product_cat":[881],"product_tag":[1457],"class_list":{"0":"post-18956","1":"product","2":"type-product","3":"status-publish","4":"has-post-thumbnail","6":"pwb-brand-solis-en","7":"product_cat-coffee-machines-en","8":"product_tag-kaffeemuehle-en","10":"first","11":"outofstock","12":"featured","13":"taxable","14":"shipping-taxable","15":"purchasable","16":"product-type-simple"},"bundled_by":[],"bundle_stock_status":"outofstock","bundle_stock_quantity":0,"bundle_virtual":false,"bundle_layout":"","bundle_add_to_cart_form_location":"","bundle_editable_in_cart":false,"bundle_sold_individually_context":"","bundle_item_grouping":"","bundle_min_size":"","bundle_max_size":"","bundle_price":[],"bundled_items":[],"bundle_sell_ids":[],"exclude_global_add_ons":[],"addons":[],"acf":[],"brands":[{"id":1190,"name":"Solis","slug":"solis-en"}],"_links":{"self":[{"href":"https:\/\/luba.de\/en\/wp-json\/wp\/v2\/product\/18956","targetHints":{"allow":["GET"]}}],"collection":[{"href":"https:\/\/luba.de\/en\/wp-json\/wp\/v2\/product"}],"about":[{"href":"https:\/\/luba.de\/en\/wp-json\/wp\/v2\/types\/product"}],"replies":[{"embeddable":true,"href":"https:\/\/luba.de\/en\/wp-json\/wp\/v2\/comments?post=18956"}],"wp:featuredmedia":[{"embeddable":true,"href":"https:\/\/luba.de\/en\/wp-json\/wp\/v2\/media\/18938"}],"wp:attachment":[{"href":"https:\/\/luba.de\/en\/wp-json\/wp\/v2\/media?parent=18956"}],"wp:term":[{"taxonomy":"pwb-brand","embeddable":true,"href":"https:\/\/luba.de\/en\/wp-json\/wp\/v2\/pwb-brand?post=18956"},{"taxonomy":"product_brand","embeddable":true,"href":"https:\/\/luba.de\/en\/wp-json\/wp\/v2\/product_brand?post=18956"},{"taxonomy":"product_cat","embeddable":true,"href":"https:\/\/luba.de\/en\/wp-json\/wp\/v2\/product_cat?post=18956"},{"taxonomy":"product_tag","embeddable":true,"href":"https:\/\/luba.de\/en\/wp-json\/wp\/v2\/product_tag?post=18956"}],"curies":[{"name":"wp","href":"https:\/\/api.w.org\/{rel}","templated":true}]}}