{"id":21096,"date":"2024-01-12T14:20:38","date_gmt":"2024-01-12T13:20:38","guid":{"rendered":"https:\/\/luba.de\/eschenfelder-sprouting-jar-750-ml-stainless-steel-ring\/"},"modified":"2025-01-22T10:44:59","modified_gmt":"2025-01-22T09:44:59","slug":"eschenfelder-sprouting-jar-750-ml-stainless-steel-ring","status":"publish","type":"product","link":"https:\/\/luba.de\/en\/eschenfelder-sprouting-jar-750-ml-stainless-steel-ring\/","title":{"rendered":"Eschenfelder Sprouting Jar 750 ml, stainless steel ring"},"content":{"rendered":"<h2>Sprout jar 750 ml, with fine-mesh sieve and stainless steel screw ring.<\/h2>\n<p>Mit unserem Sprossenglas k\u00f6nnen Sie t\u00e4glich das ganze Jahr \u00fcber frische Sprossen ernten. Die Kombination aus Glas und feinmaschigem Sieb, welches f\u00fcr die notwendige Luftzirkulation sorgt, garantiert eine m\u00fchelose und hygienisch saubere Sprossenzucht ohne Erde. Die Saaten werden im Sprossenglas eingeweicht, gesp\u00fclt und bis zur Ernte gezogen.<\/p>\n<p>Das Sprossenglas ist geeignet f\u00fcr das Anziehen von frischen Sprossen aus Getreide, H\u00fclsenfr\u00fcchten, Radieschen, Alfalfa, Sonnenblumenkerne uvm.<\/p>\n<h3>HINWEIS:<\/h3>\n<p><strong>Achtung: Nicht f\u00fcr schleimbildende Saaten geeignet<\/strong> (z.B. Kresse, Rucola, Senf, Leinsamen), die einen &#8220;ruhenden Boden&#8221; beanspruchen. Hierf\u00fcr eignen sich die Eschenfelder\u00a0<a href=\"https:\/\/luba.de\/en\/kitchen-appliances-non-electric\/germination-equipment\/eschenfelder-en\/cress-strainers\/\">Kressesiebe<\/a>.<\/p>\n<p><strong>Tipp:<\/strong> Farbliche Ver\u00e4nderungen des Edelstahl-Siebs sind kein Rost (!), sondern r\u00fchren von den \u00e4therischen \u00d6len in den Sprossen her. Besonders bei Bockshornklee k\u00f6nnen starke gelbliche Verf\u00e4rbungen auftreten. Mit Wasch Soda (erh\u00e4ltlch im dm-Markt) lassen sich diese R\u00fcckst\u00e4nde leicht entfernen.<br \/>\n<div class=\"message-box relative\" style=\"padding-top:15px;padding-bottom:15px;\"><div class=\"message-box-bg-image bg-fill fill\" ><\/div><div class=\"message-box-bg-overlay bg-fill fill\" style=\"background-color:rgb(171, 237, 190);\"><\/div><div class=\"container relative\"><div class=\"inner last-reset\">\n<div class=\"row align-middle align-center\"  id=\"row-1401403881\">\n\n\t<div id=\"col-587122771\" class=\"col medium-9 small-12 large-9\"  >\n\t\t\t\t<div class=\"col-inner\"  >\n\t\t\t\n\t\t\t\n<p>As the stainless steel sieve does not contain nickel, it must not be put in the dishwasher. Otherwise, the sieve may rust!<\/p>\n\t\t<\/div>\n\t\t\t\t\t<\/div>\n\n\t\n<\/div>\n<\/div><\/div><\/div>\n","protected":false},"excerpt":{"rendered":"<ul>\n<li>750 ml Sprouting Jar<\/li>\n<li>Fine-mesh sieve made of stainless steel<\/li>\n<li>Stainless steel screw ring<\/li>\n<\/ul>\n","protected":false},"featured_media":21095,"comment_status":"open","ping_status":"closed","template":"","meta":{"_acf_changed":false},"pwb-brand":[1183],"product_brand":[],"product_cat":[845,847],"product_tag":[],"class_list":{"0":"post-21096","1":"product","2":"type-product","3":"status-publish","4":"has-post-thumbnail","6":"pwb-brand-eschenfelder-en","7":"product_cat-eschenfelder-en","8":"product_cat-germination-equipment","10":"first","11":"instock","12":"taxable","13":"shipping-taxable","14":"purchasable","15":"product-type-simple"},"bundled_by":[],"bundle_stock_status":"instock","bundle_stock_quantity":100,"bundle_virtual":false,"bundle_layout":"","bundle_add_to_cart_form_location":"","bundle_editable_in_cart":false,"bundle_sold_individually_context":"","bundle_item_grouping":"","bundle_min_size":"","bundle_max_size":"","bundle_price":[],"bundled_items":[],"bundle_sell_ids":[],"exclude_global_add_ons":[],"addons":[],"acf":[],"brands":[{"id":1183,"name":"Eschenfelder","slug":"eschenfelder-en"}],"_links":{"self":[{"href":"https:\/\/luba.de\/en\/wp-json\/wp\/v2\/product\/21096","targetHints":{"allow":["GET"]}}],"collection":[{"href":"https:\/\/luba.de\/en\/wp-json\/wp\/v2\/product"}],"about":[{"href":"https:\/\/luba.de\/en\/wp-json\/wp\/v2\/types\/product"}],"replies":[{"embeddable":true,"href":"https:\/\/luba.de\/en\/wp-json\/wp\/v2\/comments?post=21096"}],"wp:featuredmedia":[{"embeddable":true,"href":"https:\/\/luba.de\/en\/wp-json\/wp\/v2\/media\/21095"}],"wp:attachment":[{"href":"https:\/\/luba.de\/en\/wp-json\/wp\/v2\/media?parent=21096"}],"wp:term":[{"taxonomy":"pwb-brand","embeddable":true,"href":"https:\/\/luba.de\/en\/wp-json\/wp\/v2\/pwb-brand?post=21096"},{"taxonomy":"product_brand","embeddable":true,"href":"https:\/\/luba.de\/en\/wp-json\/wp\/v2\/product_brand?post=21096"},{"taxonomy":"product_cat","embeddable":true,"href":"https:\/\/luba.de\/en\/wp-json\/wp\/v2\/product_cat?post=21096"},{"taxonomy":"product_tag","embeddable":true,"href":"https:\/\/luba.de\/en\/wp-json\/wp\/v2\/product_tag?post=21096"}],"curies":[{"name":"wp","href":"https:\/\/api.w.org\/{rel}","templated":true}]}}