{"id":22487,"date":"2024-07-13T14:33:58","date_gmt":"2024-07-13T12:33:58","guid":{"rendered":"https:\/\/luba.de\/madalga-dough-sheeter-rs201-40cm-wide-folding-dough-sheeter\/"},"modified":"2026-04-08T15:13:17","modified_gmt":"2026-04-08T13:13:17","slug":"madalga-dough-sheeter-rs201-40cm-wide-folding-dough-sheeter","status":"publish","type":"product","link":"https:\/\/luba.de\/en\/madalga-dough-sheeter-rs201-40cm-wide-folding-dough-sheeter\/","title":{"rendered":"Madalga Dough Sheeter RS201 &#8211; 40cm wide, Folding Dough Sheeter"},"content":{"rendered":"<h2>Have you ever imagined how much easier baking French pastries would be if you could laminate the dough perfectly every time?<\/h2>\n<p>While professional bakers have long relied on automated commercial-size dough sheeters, there hasn\u2019t been a solution for home pastry enthusiasts or those with limited kitchen space. Until now!<br \/>\nOur Dough Sheeter makes laminating dough as easy as pie\u2026 or should we say, croissant!<br \/>\nWith Japan Kneader Dough Sheeters, the impossible becomes possible. Designed with the needs of home bakers and small bakery owners in mind, our sheeters are a breeze to set up and disassemble, usable on any flat surface. Plus, they\u2019re environmentally friendly, operating without the need for electricity.<\/p>\n<p>In cooperation with Japan Kneader, Madalga brings you the best compact dough sheeter. Create perfect laminated doughs in your home kitchen with this simple and compact dough sheeter.<\/p>\n<p>Create flawless laminated doughs in your home kitchen with this simple and compact dough sheeter. The 40cm (15.5 inch) width is perfect for tabletop use, yet offers commercial-level capacity for everything from pastries to pizza.<\/p>\n<p>The double-sided board features a non-stick soft polypropylene side for rolling and a stiff blue polypropylene side for cutting.<\/p>\n<h3>Features:<\/h3>\n<ul>\n<li>Compact design for table use<\/li>\n<li>Easy to dismantle<\/li>\n<li>Manual operation<\/li>\n<li>55 thickness settings<\/li>\n<li>Made in Japan<\/li>\n<li>Includes a 100 x 40 cm board<\/li>\n<\/ul>\n<h3>Size:<\/h3>\n<ul>\n<li>Open dimensions (with handle): 104 x 24 x 47 cm (with handle, 57 cm)<\/li>\n<li>Closed dimensions: 11 x 27 x 44 cm<\/li>\n<li>Polypropylene board: 39 x 100 cm, 10 mm thick, 1 kg<\/li>\n<li>Weight of the machine: 6.4 kg<\/li>\n<li>Stainless steel frame<\/li>\n<\/ul>\n<p><strong>Warranty:<\/strong> 2 year warranty<\/p>\n<h3><strong>FAQ:<\/strong><\/h3>\n<ul>\n<li><strong>What thickness settings are available?<\/strong><br \/>\nThe thickness range is 0-27 mm.<\/li>\n<li><strong>What types of dough can I roll? <\/strong><br \/>\nMost commonly for laminated doughs, but also for cookie dough, p\u00e2te sucr\u00e9e, p\u00e2te bris\u00e9e, cracker dough, and even fondant and gum paste.<\/li>\n<li><strong>How much space do I need? <\/strong><br \/>\nAssembled: 104 x 57 x 24 cm.<\/li>\n<li><strong>How much dough can the machine hold? <\/strong><br \/>\nThe board measures 100 cm x 40 cm.<\/li>\n<\/ul>\n","protected":false},"excerpt":{"rendered":"<p>Have you ever imagined how much easier baking French pastries would be if you could laminate the dough perfectly every time? While professional bakers have long relied on automated commercial-size dough sheeters, there hasn\u2019t been a solution for home pastry enthusiasts or those with limited kitchen space. Until now! Our Dough Sheeter makes laminating dough [&#8230;]\n","protected":false},"featured_media":24360,"comment_status":"open","ping_status":"closed","template":"","meta":{"_acf_changed":false},"pwb-brand":[1539],"product_brand":[],"product_cat":[1664],"product_tag":[],"class_list":{"0":"post-22487","1":"product","2":"type-product","3":"status-publish","4":"has-post-thumbnail","6":"pwb-brand-madalga-en","7":"product_cat-dough-sheeter","8":"product_shipping_class-dhl-kostenlos-en","10":"first","11":"instock","12":"taxable","13":"shipping-taxable","14":"purchasable","15":"product-type-simple"},"bundled_by":[],"bundle_stock_status":"instock","bundle_stock_quantity":10,"bundle_virtual":false,"bundle_layout":"","bundle_add_to_cart_form_location":"","bundle_editable_in_cart":false,"bundle_sold_individually_context":"","bundle_item_grouping":"","bundle_min_size":"","bundle_max_size":"","bundle_price":[],"bundled_items":[],"bundle_sell_ids":[],"exclude_global_add_ons":[],"addons":[],"acf":[],"brands":[{"id":1539,"name":"Madalga","slug":"madalga-en"}],"_links":{"self":[{"href":"https:\/\/luba.de\/en\/wp-json\/wp\/v2\/product\/22487","targetHints":{"allow":["GET"]}}],"collection":[{"href":"https:\/\/luba.de\/en\/wp-json\/wp\/v2\/product"}],"about":[{"href":"https:\/\/luba.de\/en\/wp-json\/wp\/v2\/types\/product"}],"replies":[{"embeddable":true,"href":"https:\/\/luba.de\/en\/wp-json\/wp\/v2\/comments?post=22487"}],"wp:featuredmedia":[{"embeddable":true,"href":"https:\/\/luba.de\/en\/wp-json\/wp\/v2\/media\/24360"}],"wp:attachment":[{"href":"https:\/\/luba.de\/en\/wp-json\/wp\/v2\/media?parent=22487"}],"wp:term":[{"taxonomy":"pwb-brand","embeddable":true,"href":"https:\/\/luba.de\/en\/wp-json\/wp\/v2\/pwb-brand?post=22487"},{"taxonomy":"product_brand","embeddable":true,"href":"https:\/\/luba.de\/en\/wp-json\/wp\/v2\/product_brand?post=22487"},{"taxonomy":"product_cat","embeddable":true,"href":"https:\/\/luba.de\/en\/wp-json\/wp\/v2\/product_cat?post=22487"},{"taxonomy":"product_tag","embeddable":true,"href":"https:\/\/luba.de\/en\/wp-json\/wp\/v2\/product_tag?post=22487"}],"curies":[{"name":"wp","href":"https:\/\/api.w.org\/{rel}","templated":true}]}}