{"id":25762,"date":"2025-05-28T14:28:09","date_gmt":"2025-05-28T12:28:09","guid":{"rendered":"https:\/\/luba.de\/?post_type=product&#038;p=25762"},"modified":"2025-05-28T14:43:21","modified_gmt":"2025-05-28T12:43:21","slug":"mesh-drying-sheets-410-x-253-mm-for-sahara","status":"publish","type":"product","link":"https:\/\/luba.de\/en\/mesh-drying-sheets-410-x-253-mm-for-sahara\/","title":{"rendered":"Mesh Drying Sheets  (410 x 253 mm) for Sahara"},"content":{"rendered":"<h2>Netzt D\u00f6rrgitterauflage f\u00fcr D\u00f6rrautomat<\/h2>\n<p>Nicht haftende D\u00f6rrgitterauflage f\u00fcr den <a href=\"https:\/\/luba.de\/sahara-faltbarer-doerrautomat\/\">Sahara D\u00f6rrautomat<\/a>.<br \/>\nHervorragend geeignet zur Ablage von kleinen Produkten, Kr\u00e4utern und mehr.<\/p>\n<p>Format: 410 x 253 mm<br \/>\nPackung mit 7 St\u00fcck<\/p>\n","protected":false},"excerpt":{"rendered":"<h2>Mesh Drying Sheets for\u00a0Dehydtrator<\/h2>\n<p>Non-stick mesh drying sheets for use with the <a href=\"https:\/\/luba.de\/en\/brod-taylor-sahara-folding-dehydrator\/\">Sahara Folding Dehydrator<\/a>. Great for holding small items, herbs, and more.<\/p>\n<p>Size: 410 x 253 mm<br \/>\nPack of 7<\/p>\n","protected":false},"featured_media":25764,"comment_status":"open","ping_status":"closed","template":"","meta":{"_acf_changed":false},"pwb-brand":[1168],"product_brand":[],"product_cat":[903],"product_tag":[],"class_list":{"0":"post-25762","1":"product","2":"type-product","3":"status-publish","4":"has-post-thumbnail","6":"pwb-brand-brod-taylor-en","7":"product_cat-accessories-dehydrators","9":"first","10":"instock","11":"featured","12":"taxable","13":"shipping-taxable","14":"purchasable","15":"product-type-simple"},"bundled_by":[],"bundle_stock_status":"instock","bundle_stock_quantity":100,"bundle_virtual":false,"bundle_layout":"","bundle_add_to_cart_form_location":"","bundle_editable_in_cart":false,"bundle_sold_individually_context":"","bundle_item_grouping":"","bundle_min_size":"","bundle_max_size":"","bundle_price":[],"bundled_items":[],"bundle_sell_ids":[],"exclude_global_add_ons":[],"addons":[],"acf":[],"brands":[{"id":1168,"name":"Brod &amp; Taylor","slug":"brod-taylor-en"}],"_links":{"self":[{"href":"https:\/\/luba.de\/en\/wp-json\/wp\/v2\/product\/25762","targetHints":{"allow":["GET"]}}],"collection":[{"href":"https:\/\/luba.de\/en\/wp-json\/wp\/v2\/product"}],"about":[{"href":"https:\/\/luba.de\/en\/wp-json\/wp\/v2\/types\/product"}],"replies":[{"embeddable":true,"href":"https:\/\/luba.de\/en\/wp-json\/wp\/v2\/comments?post=25762"}],"wp:featuredmedia":[{"embeddable":true,"href":"https:\/\/luba.de\/en\/wp-json\/wp\/v2\/media\/25764"}],"wp:attachment":[{"href":"https:\/\/luba.de\/en\/wp-json\/wp\/v2\/media?parent=25762"}],"wp:term":[{"taxonomy":"pwb-brand","embeddable":true,"href":"https:\/\/luba.de\/en\/wp-json\/wp\/v2\/pwb-brand?post=25762"},{"taxonomy":"product_brand","embeddable":true,"href":"https:\/\/luba.de\/en\/wp-json\/wp\/v2\/product_brand?post=25762"},{"taxonomy":"product_cat","embeddable":true,"href":"https:\/\/luba.de\/en\/wp-json\/wp\/v2\/product_cat?post=25762"},{"taxonomy":"product_tag","embeddable":true,"href":"https:\/\/luba.de\/en\/wp-json\/wp\/v2\/product_tag?post=25762"}],"curies":[{"name":"wp","href":"https:\/\/api.w.org\/{rel}","templated":true}]}}