{"id":5766,"date":"2020-05-06T09:24:31","date_gmt":"2020-05-06T07:24:31","guid":{"rendered":"https:\/\/luba.de\/product\/gesichtsschutzschild-vabon-safety\/"},"modified":"2026-03-09T09:08:46","modified_gmt":"2026-03-09T08:08:46","slug":"gesichtsschutzschild-vabon-safety","status":"publish","type":"product","link":"https:\/\/luba.de\/en\/gesichtsschutzschild-vabon-safety\/","title":{"rendered":"Gesichtsschutzschild Vabon Safety"},"content":{"rendered":"\n  <div class=\"banner has-hover\" id=\"banner-155554681\">\n          <div class=\"banner-inner fill\">\n        <div class=\"banner-bg fill\" >\n            <img decoding=\"async\" width=\"1020\" height=\"349\" src=\"https:\/\/luba.de\/wp-content\/uploads\/2020\/05\/Protection-Face-Shield_Banner_01.jpg\" class=\"bg attachment-large size-large\" alt=\"\" title=\"\">                                    \n                    <\/div>\n\t\t\n        <div class=\"banner-layers container\">\n            <div class=\"fill banner-link\"><\/div>            \n   <div id=\"text-box-1059159869\" class=\"text-box banner-layer x5 md-x5 lg-x5 y50 md-y50 lg-y50 res-text\">\n                                <div class=\"text-box-content text \">\n              \n              <div class=\"text-inner text-left\">\n                  \n<h2 align=\"LEFT\">Gesichtsschutzschild Vabon Safety<\/h2>\n<h3 align=\"LEFT\">SCH\u00dcTZEN SIE IHRE MITARBEITER<\/h3>\n<p><span style=\"color: #333333;\">HOCHWERTIG VERARBEITET F\u00dcR OPTIMALEN SCHUTZ<br \/>\nMADE IN GERMANY<\/span><\/p>\n              <\/div>\n           <\/div>\n                            \n<style>\n#text-box-1059159869 {\n  width: 60%;\n}\n#text-box-1059159869 .text-box-content {\n  font-size: 100%;\n}\n@media (min-width:550px) {\n  #text-box-1059159869 {\n    width: 54%;\n  }\n}\n<\/style>\n    <\/div>\n \n        <\/div>\n      <\/div>\n\n              <div class=\"height-fix is-invisible\"><img decoding=\"async\" width=\"1020\" height=\"349\" src=\"https:\/\/luba.de\/wp-content\/uploads\/2020\/05\/Protection-Face-Shield_Banner_01.jpg\" class=\"attachment-large size-large\" alt=\"\" srcset=\"https:\/\/luba.de\/wp-content\/uploads\/2020\/05\/Protection-Face-Shield_Banner_01.jpg 1170w, https:\/\/luba.de\/wp-content\/uploads\/2020\/05\/Protection-Face-Shield_Banner_01-800x274.jpg 800w, https:\/\/luba.de\/wp-content\/uploads\/2020\/05\/Protection-Face-Shield_Banner_01-768x263.jpg 768w, https:\/\/luba.de\/wp-content\/uploads\/2020\/05\/Protection-Face-Shield_Banner_01-400x137.jpg 400w, https:\/\/luba.de\/wp-content\/uploads\/2020\/05\/Protection-Face-Shield_Banner_01-510x174.jpg 510w\" sizes=\"(max-width: 1020px) 100vw, 1020px\" title=\"\"><\/div>\n            \n<style>\n#banner-155554681 {\n  background-color: rgb(255, 255, 255);\n}\n<\/style>\n  <\/div>\n\n\n<div class=\"row\"  id=\"row-599950616\">\n\n\t<div id=\"col-888464666\" class=\"col medium-8 small-12 large-8\"  >\n\t\t\t\t<div class=\"col-inner\"  >\n\t\t\t\n\t\t\t\n<p>Das Gesichtsschutzschild Vabon Safety dient der Abschirmung vor \u00e4u\u00dferen Einwirkungen durch z.B. Schmutz, Partikel, Tr\u00f6pfchen, Spritzern. Das Gesichtsschutzschild Vabon Safety ist ein Artikel der aufgrund des aktuellen hohen Bedarfs in K\u00fcrze entwickelt wurde. Alle verwendeten Teile\/Artikel sind REACH konform, werden im Arbeitsschutzbereich oder Kopfbedeckungsbereich bereits seit vielen Jahre eingesetzt und haben sich bestens bew\u00e4hrt.<\/p>\n<h4>Schu\u0308tzen Sie sich und ihre Mitarbeiter langfristig &#8211; mit einem professionellen Gesichtsschutz.<\/h4>\n<p>Nachhaltig, wiederverwendbar, einfach zu reinigen und f\u00fcr jede Kopfgr\u00f6\u00dfe einstellbar geh\u00f6rt der Gesichtsschutz zur unvermeidbaren Ausstattung eines jeden Mitarbeiters mit Kundenkontakt.<\/p>\n<h4>HOCHWERTIG VERARBEITET F\u00dcR OPTIMALEN SCHUTZ<\/h4>\n<p>Gesichtsschutz Made in Germany, in professioneller Qualit\u00e4t und mit hohem Tragekomfort, fu\u0308r ihre Mitarbeiter oder ihre Kunden. Auch bei diesem Produkt liegt uns Qualit\u00e4t wie immer am Herzen.<\/p>\n<h4>GR\u00d6SSEN ANPASSBAR<\/h4>\n<p>Jeder Kopf ist anders, daher ist eine variable Anpassung der Gr\u00f6\u00dfe unabdingbar und wichtig fu\u0308r die Langzeitnutzung.<\/p>\n<p>Der Hersteller gibt gleichwohl keine Garantie auf Eigenschaften irgendeiner Art, (mangels spezifischer Langzeit-Tests).<\/p>\n<p>Der Anwender hat eigenverantwortlich dieses Produkt auf seine Verwendbarkeit zu pr\u00fcfen.<\/p>\n\t\t<\/div>\n\t\t\t\t\t<\/div>\n\n\t\n\n\t<div id=\"col-1044625718\" class=\"col medium-4 small-12 large-4\"  >\n\t\t\t\t<div class=\"col-inner\"  >\n\t\t\t\n\t\t\t\n\t<div class=\"img has-hover x md-x lg-x y md-y lg-y\" id=\"image_749152229\">\n\t\t\t\t\t\t\t\t<div class=\"img-inner dark\" >\n\t\t\t<img decoding=\"async\" width=\"800\" height=\"800\" src=\"https:\/\/luba.de\/wp-content\/uploads\/2020\/05\/Protection-Face-Shield_03-800x800.jpg\" class=\"attachment-large size-large\" alt=\"\" srcset=\"https:\/\/luba.de\/wp-content\/uploads\/2020\/05\/Protection-Face-Shield_03-800x800.jpg 800w, https:\/\/luba.de\/wp-content\/uploads\/2020\/05\/Protection-Face-Shield_03-400x400.jpg 400w, https:\/\/luba.de\/wp-content\/uploads\/2020\/05\/Protection-Face-Shield_03-280x280.jpg 280w, https:\/\/luba.de\/wp-content\/uploads\/2020\/05\/Protection-Face-Shield_03-768x768.jpg 768w, https:\/\/luba.de\/wp-content\/uploads\/2020\/05\/Protection-Face-Shield_03-32x32.jpg 32w, https:\/\/luba.de\/wp-content\/uploads\/2020\/05\/Protection-Face-Shield_03-510x510.jpg 510w, https:\/\/luba.de\/wp-content\/uploads\/2020\/05\/Protection-Face-Shield_03-100x100.jpg 100w, https:\/\/luba.de\/wp-content\/uploads\/2020\/05\/Protection-Face-Shield_03.jpg 1000w\" sizes=\"(max-width: 800px) 100vw, 800px\" title=\"\">\t\t\t\t\t\t\n\t\t\t\t\t<\/div>\n\t\t\t\t\t\t\t\t\n<style>\n#image_749152229 {\n  width: 100%;\n}\n<\/style>\n\t<\/div>\n\t\n\t<div class=\"img has-hover x md-x lg-x y md-y lg-y\" id=\"image_1183018766\">\n\t\t\t\t\t\t\t\t<div class=\"img-inner dark\" >\n\t\t\t<img decoding=\"async\" width=\"800\" height=\"800\" src=\"https:\/\/luba.de\/wp-content\/uploads\/2020\/05\/Protection-Face-Shield_01-800x800.jpg\" class=\"attachment-large size-large\" alt=\"\" srcset=\"https:\/\/luba.de\/wp-content\/uploads\/2020\/05\/Protection-Face-Shield_01-800x800.jpg 800w, https:\/\/luba.de\/wp-content\/uploads\/2020\/05\/Protection-Face-Shield_01-400x400.jpg 400w, https:\/\/luba.de\/wp-content\/uploads\/2020\/05\/Protection-Face-Shield_01-280x280.jpg 280w, https:\/\/luba.de\/wp-content\/uploads\/2020\/05\/Protection-Face-Shield_01-768x768.jpg 768w, https:\/\/luba.de\/wp-content\/uploads\/2020\/05\/Protection-Face-Shield_01-510x510.jpg 510w, https:\/\/luba.de\/wp-content\/uploads\/2020\/05\/Protection-Face-Shield_01-100x100.jpg 100w, https:\/\/luba.de\/wp-content\/uploads\/2020\/05\/Protection-Face-Shield_01.jpg 1000w\" sizes=\"(max-width: 800px) 100vw, 800px\" title=\"\">\t\t\t\t\t\t\n\t\t\t\t\t<\/div>\n\t\t\t\t\t\t\t\t\n<style>\n#image_1183018766 {\n  width: 100%;\n}\n<\/style>\n\t<\/div>\n\t\n\t\t<\/div>\n\t\t\t\t\t<\/div>\n\n\t\n<\/div>\n<div class=\"row align-equal\"  id=\"row-93224722\">\n\n\t<div id=\"col-1802432348\" class=\"col medium-6 small-12 large-6\"  >\n\t\t\t\t<div class=\"col-inner\"  >\n\t\t\t\n\t\t\t\n<h4 align=\"LEFT\">Vorteile<\/h4>\n<ul>\n<li>Visier Glasklar, durch Druckkn\u00f6pfe abnehmbar.<\/li>\n<li>Hochwertiges Mikrofaser Schwei\u00dfband im Stirnbereich.<\/li>\n<li>Variabel einstellbar, daher hohe Passgenauigkeit.<\/li>\n<li>Auf alle g\u00e4ngigen Kopfgr\u00f6\u00dfen einstellbar.<\/li>\n<li>Der Artikel ist ein Leichtgewicht nur ca. 140 Gramm.<\/li>\n<li>Schwei\u00dfband und Scheibe innerhalb von Sekunden austauschbar.<\/li>\n<li>Abwaschbar<\/li>\n<li>Auch f\u00fcr Brillentr\u00e4ger bestens geeignet.<\/li>\n<li>Tragbar mit und ohne zus\u00e4tzlichen Mundschutz.<\/li>\n<\/ul>\n\t\t<\/div>\n\t\t\t\t\t<\/div>\n\n\t\n\n\t<div id=\"col-109760345\" class=\"col medium-6 small-12 large-6\"  >\n\t\t\t\t<div class=\"col-inner\"  >\n\t\t\t\n\t\t\t\n<h4>FAQ<\/h4>\n<ul>\n<li><strong>Aus welchem Material besteht der Kopfgurt:<\/strong> PE Material 1,2 mm (Polyethylen)<\/li>\n<li><strong>Aus welchem Material besteht das Schild:<\/strong> Macrolon glasklar, 1mm St\u00e4rke<\/li>\n<li><strong>Aus welchem Material besteht das Schwei\u00dfband:<\/strong> Mikrofaser und PU Schaum FRB 3003 EU \/ hergestellt in EU<\/li>\n<li><strong>Mit welchen Mitteln abwaschbar:<\/strong> z.B. mit Geschirrsp\u00fclmittel, Seife, Glasreiniger etc. (keine Scheuermittel, kein Spiritus, kein Benzin, keine Nitroverd\u00fcnnung etc).<\/li>\n<li><strong>F\u00fcr Brillentr\u00e4ger geeignet:<\/strong> aber ja, bestens, warum nicht? Abstand zwischen Scheibe und Gesicht ist ausreichend f\u00fcr Brillentr\u00e4ger.<\/li>\n<\/ul>\n\t\t<\/div>\n\t\t\t\t\t<\/div>\n\n\t\n\n<style>\n#row-93224722 > .col > .col-inner {\n  padding: 10px 10px 10px 10px;\n  background-color: rgba(18, 171, 201, 0.21);\n}\n<\/style>\n<\/div>\n<div class=\"row\"  id=\"row-2026711270\">\n\n\t<div id=\"col-1026948869\" class=\"col medium-3 small-6 large-3\"  >\n\t\t\t\t<div class=\"col-inner\"  >\n\t\t\t\n\t\t\t\n\t<div class=\"img has-hover x md-x lg-x y md-y lg-y\" id=\"image_790882870\">\n\t\t\t\t\t\t\t\t<div class=\"img-inner dark\" >\n\t\t\t<img decoding=\"async\" width=\"800\" height=\"800\" src=\"https:\/\/luba.de\/wp-content\/uploads\/2020\/05\/Protection-Face-Shield_05-800x800.jpg\" class=\"attachment-large size-large\" alt=\"\" srcset=\"https:\/\/luba.de\/wp-content\/uploads\/2020\/05\/Protection-Face-Shield_05-800x800.jpg 800w, https:\/\/luba.de\/wp-content\/uploads\/2020\/05\/Protection-Face-Shield_05-400x400.jpg 400w, https:\/\/luba.de\/wp-content\/uploads\/2020\/05\/Protection-Face-Shield_05-280x280.jpg 280w, https:\/\/luba.de\/wp-content\/uploads\/2020\/05\/Protection-Face-Shield_05-768x768.jpg 768w, https:\/\/luba.de\/wp-content\/uploads\/2020\/05\/Protection-Face-Shield_05-510x510.jpg 510w, https:\/\/luba.de\/wp-content\/uploads\/2020\/05\/Protection-Face-Shield_05-100x100.jpg 100w, https:\/\/luba.de\/wp-content\/uploads\/2020\/05\/Protection-Face-Shield_05.jpg 1000w\" sizes=\"(max-width: 800px) 100vw, 800px\" title=\"\">\t\t\t\t\t\t\n\t\t\t\t\t<\/div>\n\t\t\t\t\t\t\t\t\n<style>\n#image_790882870 {\n  width: 100%;\n}\n<\/style>\n\t<\/div>\n\t\n\t\t<\/div>\n\t\t\t\t\t<\/div>\n\n\t\n\n\t<div id=\"col-1050889490\" class=\"col medium-3 small-6 large-3\"  >\n\t\t\t\t<div class=\"col-inner\"  >\n\t\t\t\n\t\t\t\n\t<div class=\"img has-hover x md-x lg-x y md-y lg-y\" id=\"image_563988889\">\n\t\t\t\t\t\t\t\t<div class=\"img-inner dark\" >\n\t\t\t<img decoding=\"async\" width=\"800\" height=\"800\" src=\"https:\/\/luba.de\/wp-content\/uploads\/2020\/05\/Protection-Face-Shield_07-800x800.jpg\" class=\"attachment-large size-large\" alt=\"\" srcset=\"https:\/\/luba.de\/wp-content\/uploads\/2020\/05\/Protection-Face-Shield_07-800x800.jpg 800w, https:\/\/luba.de\/wp-content\/uploads\/2020\/05\/Protection-Face-Shield_07-400x400.jpg 400w, https:\/\/luba.de\/wp-content\/uploads\/2020\/05\/Protection-Face-Shield_07-280x280.jpg 280w, https:\/\/luba.de\/wp-content\/uploads\/2020\/05\/Protection-Face-Shield_07-768x768.jpg 768w, https:\/\/luba.de\/wp-content\/uploads\/2020\/05\/Protection-Face-Shield_07-510x510.jpg 510w, https:\/\/luba.de\/wp-content\/uploads\/2020\/05\/Protection-Face-Shield_07-100x100.jpg 100w, https:\/\/luba.de\/wp-content\/uploads\/2020\/05\/Protection-Face-Shield_07.jpg 1000w\" sizes=\"(max-width: 800px) 100vw, 800px\" title=\"\">\t\t\t\t\t\t\n\t\t\t\t\t<\/div>\n\t\t\t\t\t\t\t\t\n<style>\n#image_563988889 {\n  width: 100%;\n}\n<\/style>\n\t<\/div>\n\t\n\t\t<\/div>\n\t\t\t\t\t<\/div>\n\n\t\n\n\t<div id=\"col-1859740188\" class=\"col medium-3 small-6 large-3\"  >\n\t\t\t\t<div class=\"col-inner\"  >\n\t\t\t\n\t\t\t\n\t<div class=\"img has-hover x md-x lg-x y md-y lg-y\" id=\"image_728868021\">\n\t\t\t\t\t\t\t\t<div class=\"img-inner dark\" >\n\t\t\t<img decoding=\"async\" width=\"800\" height=\"800\" src=\"https:\/\/luba.de\/wp-content\/uploads\/2020\/05\/Protection-Face-Shield_08-800x800.jpg\" class=\"attachment-large size-large\" alt=\"\" srcset=\"https:\/\/luba.de\/wp-content\/uploads\/2020\/05\/Protection-Face-Shield_08-800x800.jpg 800w, https:\/\/luba.de\/wp-content\/uploads\/2020\/05\/Protection-Face-Shield_08-400x400.jpg 400w, https:\/\/luba.de\/wp-content\/uploads\/2020\/05\/Protection-Face-Shield_08-280x280.jpg 280w, https:\/\/luba.de\/wp-content\/uploads\/2020\/05\/Protection-Face-Shield_08-768x768.jpg 768w, https:\/\/luba.de\/wp-content\/uploads\/2020\/05\/Protection-Face-Shield_08-510x510.jpg 510w, https:\/\/luba.de\/wp-content\/uploads\/2020\/05\/Protection-Face-Shield_08-100x100.jpg 100w, https:\/\/luba.de\/wp-content\/uploads\/2020\/05\/Protection-Face-Shield_08.jpg 1000w\" sizes=\"(max-width: 800px) 100vw, 800px\" title=\"\">\t\t\t\t\t\t\n\t\t\t\t\t<\/div>\n\t\t\t\t\t\t\t\t\n<style>\n#image_728868021 {\n  width: 100%;\n}\n<\/style>\n\t<\/div>\n\t\n\t\t<\/div>\n\t\t\t\t\t<\/div>\n\n\t\n\n\t<div id=\"col-1658410513\" class=\"col medium-3 small-6 large-3\"  >\n\t\t\t\t<div class=\"col-inner\"  >\n\t\t\t\n\t\t\t\n\t<div class=\"img has-hover x md-x lg-x y md-y lg-y\" id=\"image_673507455\">\n\t\t\t\t\t\t\t\t<div class=\"img-inner dark\" >\n\t\t\t<img decoding=\"async\" width=\"800\" height=\"800\" src=\"https:\/\/luba.de\/wp-content\/uploads\/2020\/05\/Protection-Face-Shield_06-800x800.jpg\" class=\"attachment-large size-large\" alt=\"\" srcset=\"https:\/\/luba.de\/wp-content\/uploads\/2020\/05\/Protection-Face-Shield_06-800x800.jpg 800w, https:\/\/luba.de\/wp-content\/uploads\/2020\/05\/Protection-Face-Shield_06-400x400.jpg 400w, https:\/\/luba.de\/wp-content\/uploads\/2020\/05\/Protection-Face-Shield_06-280x280.jpg 280w, https:\/\/luba.de\/wp-content\/uploads\/2020\/05\/Protection-Face-Shield_06-768x768.jpg 768w, https:\/\/luba.de\/wp-content\/uploads\/2020\/05\/Protection-Face-Shield_06-510x510.jpg 510w, https:\/\/luba.de\/wp-content\/uploads\/2020\/05\/Protection-Face-Shield_06-100x100.jpg 100w, https:\/\/luba.de\/wp-content\/uploads\/2020\/05\/Protection-Face-Shield_06.jpg 1000w\" sizes=\"(max-width: 800px) 100vw, 800px\" title=\"\">\t\t\t\t\t\t\n\t\t\t\t\t<\/div>\n\t\t\t\t\t\t\t\t\n<style>\n#image_673507455 {\n  width: 100%;\n}\n<\/style>\n\t<\/div>\n\t\n\t\t<\/div>\n\t\t\t\t\t<\/div>\n\n\t\n<\/div>\n","protected":false},"excerpt":{"rendered":"<p align=\"LEFT\">Das Gesichtsschutzschild Vabon Safety dient der Abschirmung vor \u00e4u\u00dferen Einwirkungen durch z.B. Schmutz, Partikel, Tr\u00f6pfchen, Spritzern.<\/p>\n<p align=\"LEFT\">Gesichtsschutz Made in Germany, in professioneller Qualit\u00e4t und mit hohem Tragekomfort, fu\u0308r ihre Mitarbeiter oder ihre Kunden. Auch bei diesem Produkt liegt uns Qualit\u00e4t wie immer am Herzen.<\/p>\n","protected":false},"featured_media":5653,"comment_status":"open","ping_status":"closed","template":"","meta":{"_acf_changed":false},"pwb-brand":[1247],"product_brand":[],"product_cat":[1440],"product_tag":[],"class_list":{"0":"post-5766","1":"product","2":"type-product","3":"status-publish","4":"has-post-thumbnail","6":"pwb-brand-vabon-en","7":"product_cat-sonstiges-en","9":"first","10":"instock","11":"featured","12":"taxable","13":"shipping-taxable","14":"purchasable","15":"product-type-simple"},"bundled_by":[],"bundle_stock_status":"instock","bundle_stock_quantity":100,"bundle_virtual":false,"bundle_layout":"","bundle_add_to_cart_form_location":"","bundle_editable_in_cart":false,"bundle_sold_individually_context":"","bundle_item_grouping":"","bundle_min_size":"","bundle_max_size":"","bundle_price":[],"bundled_items":[],"bundle_sell_ids":[],"exclude_global_add_ons":[],"addons":[],"acf":[],"brands":[{"id":1247,"name":"Vabon","slug":"vabon-en"}],"_links":{"self":[{"href":"https:\/\/luba.de\/en\/wp-json\/wp\/v2\/product\/5766","targetHints":{"allow":["GET"]}}],"collection":[{"href":"https:\/\/luba.de\/en\/wp-json\/wp\/v2\/product"}],"about":[{"href":"https:\/\/luba.de\/en\/wp-json\/wp\/v2\/types\/product"}],"replies":[{"embeddable":true,"href":"https:\/\/luba.de\/en\/wp-json\/wp\/v2\/comments?post=5766"}],"wp:featuredmedia":[{"embeddable":true,"href":"https:\/\/luba.de\/en\/wp-json\/wp\/v2\/media\/5653"}],"wp:attachment":[{"href":"https:\/\/luba.de\/en\/wp-json\/wp\/v2\/media?parent=5766"}],"wp:term":[{"taxonomy":"pwb-brand","embeddable":true,"href":"https:\/\/luba.de\/en\/wp-json\/wp\/v2\/pwb-brand?post=5766"},{"taxonomy":"product_brand","embeddable":true,"href":"https:\/\/luba.de\/en\/wp-json\/wp\/v2\/product_brand?post=5766"},{"taxonomy":"product_cat","embeddable":true,"href":"https:\/\/luba.de\/en\/wp-json\/wp\/v2\/product_cat?post=5766"},{"taxonomy":"product_tag","embeddable":true,"href":"https:\/\/luba.de\/en\/wp-json\/wp\/v2\/product_tag?post=5766"}],"curies":[{"name":"wp","href":"https:\/\/api.w.org\/{rel}","templated":true}]}}