{"id":5769,"date":"2020-03-15T20:21:58","date_gmt":"2020-03-15T19:21:58","guid":{"rendered":"https:\/\/luba.de\/product\/denk-lagertopf\/"},"modified":"2025-10-11T23:43:06","modified_gmt":"2025-10-11T21:43:06","slug":"denk-lagertopf","status":"publish","type":"product","link":"https:\/\/luba.de\/en\/denk-lagertopf\/","title":{"rendered":"Denk Lagertopf"},"content":{"rendered":"<h2>Lagertopf f\u00fcr Gem\u00fcse und Obst aus CeraNatur\u00ae Keramik &#8211; DLT<\/h2>\n<p>Der Lagertopf ist f\u00fcr die nat\u00fcrliche Lagerung von Gem\u00fcse und Obst gemacht. Er ist aus atmungsaktiver CeraNatur\u00ae-Keramik hergestellt. Der Lagertopf sch\u00fctzt vor Licht und sorgt f\u00fcr eine gute Luftzirkulation, es bildet sich keine Kondensn\u00e4sse. Die Keramik nimmt keine Ger\u00fcche auf und gibt auch keine ab. Der Lagertopf wird von Hand in Coburger Werkst\u00e4tten in sehr hochwertiger und stabiler Qualit\u00e4t gefertigt.<br \/>\nZum Schutz der Standfl\u00e4che ist er am Boden mit Filzgleitern versehen.<\/p>\n<h3>Gem\u00fcse und Obst nat\u00fcrlich lagern<\/h3>\n<ul>\n<li>Lagertopf f\u00fcr die nat\u00fcrliche Lagerung von Gem\u00fcse und Obst<\/li>\n<li>Hergestellt aus atmungsaktiver CeraNatur\u00ae-Keramik<\/li>\n<li>Lichtgesch\u00fctzte &amp; bel\u00fcftete Lagerung f\u00fcr l\u00e4ngere Frische<\/li>\n<li>Keine Kondensn\u00e4sse, keine Geruchsaufnahme und \u2013 abgabe<\/li>\n<li>2 steckbare Teiler aus Buche-Massivholz<\/li>\n<li>Abdeckung aus Oberlausitzer Leinen mit eingearbeitetem Spanngummi<\/li>\n<li>Hochwertige, sehr stabile Qualit\u00e4t<\/li>\n<li>Leicht und hygienisch mit Seifenlauge zu reinigen<\/li>\n<li>Handmade in Germany<\/li>\n<li>\u2300 39,50 cm<\/li>\n<li>H\u00f6he: 16 cm<\/li>\n<li>Gewicht: 6 kg<\/li>\n<\/ul>\n<p>Es werden zwei steckbare Teiler aus naturbelassener, massiver Buche mitgeliefert. Damit entstehen im Lagertopf vier Lagerbereiche. Wird ein Teiler einzeln in den Topf gestellt, k\u00f6nnen zwei gr\u00f6\u00dfere Bereiche abgeteilt werden. Das Holz stammt aus fr\u00e4nkischen W\u00e4ldern und ist PEFC-zertifiziert.<\/p>\n<p>Wir liefern eine Abdeckung mit eingen\u00e4htem Spanngummi aus hochwertigem Oberlausitzer Leinen mit. Dieses Leinen zeichnet sich durch eine rasche Feuchteaufnahme und eine schnelle Feuchteabgabe aus.<\/p>\n<h3>Lagerung<\/h3>\n<p>Der Lagertopf wird sonnengesch\u00fctzt und m\u00f6glichst k\u00fchl in der K\u00fcche, in der Speisekammer oder im Keller aufgestellt. Er ist f\u00fcr die Aufbewahrung des Bedarfs von ein bis zwei Wochen gedacht. Die steckbaren Buchenholzbretter bieten die Wahl unterschiedlicher Aufteilungen. Buchenholz ist sehr hart und eignet sich hervorragend f\u00fcr die Verwendung im direkten Kontakt mit Lebensmitteln, sodass Karotten ungest\u00f6rt neben Zwiebeln oder Kartoffeln ruhen k\u00f6nnen.<\/p>\n<h3>Spezielle CeraNatur\u00ae-Keramik<\/h3>\n<p>F\u00fcr den Lagertopf haben wir eine atmungsaktive Variante unserer Keramik entwickelt. Dadurch wird die Luftzirkulation verbessert. Gleichzeitig ist diese Keramik jedoch nicht wasserdicht. Der Farbton der Keramik changiert in Beigebraunt\u00f6nen. Wobei sich auf dem St\u00fcck dunklere und hellere Bereich abwechseln k\u00f6nnen. Auch schwarze Sprenkel k\u00f6nnen vorkommen. Diese individuellen Besonderheiten unterstreichen die nat\u00fcrliche Herstellung und stellen keinen Reklamationsgrund dar.<\/p>\n<h3>Reinigung<\/h3>\n<p>Der Lagertopf kann mit Wasser, B\u00fcrste und Sp\u00fclmittel ges\u00e4ubert werden. Danach soll er an der Luft ca. zwei Tage austrocknen. Die Leinenabdeckung kann bei 60\u00b0 C in der Waschmaschine gewaschen werden. Sie ist nicht trocknergeeignet. Die mit Oliven\u00f6l eingelassenen Holzteiler k\u00f6nnen mit einem feuchten Tuch abgewischt werden. Zum Trocknen werden sie auf einer ebenen Fl\u00e4che auf die Seite gelegt oder ineinander gesteckt.<\/p>\n<h3>Lieferumfang:<\/h3>\n<p>Lagertopf, 4-teilig, mit Teilern und Abdeckhaube, Anleitung<\/p>\n","protected":false},"excerpt":{"rendered":"<p>Lagertopf f\u00fcr Gem\u00fcse und Obst aus CeraNatur\u00ae Keramik &#8211; DLT Der Lagertopf ist f\u00fcr die nat\u00fcrliche Lagerung von Gem\u00fcse und Obst gemacht. Er ist aus atmungsaktiver CeraNatur\u00ae-Keramik hergestellt. Der Lagertopf sch\u00fctzt vor Licht und sorgt f\u00fcr eine gute Luftzirkulation, es bildet sich keine Kondensn\u00e4sse. Die Keramik nimmt keine Ger\u00fcche auf und gibt auch keine ab. [&#8230;]\n","protected":false},"featured_media":10692,"comment_status":"closed","ping_status":"closed","template":"","meta":{"_acf_changed":false},"pwb-brand":[1213],"product_brand":[],"product_cat":[1440],"product_tag":[],"class_list":{"0":"post-5769","1":"product","2":"type-product","3":"status-publish","4":"has-post-thumbnail","6":"pwb-brand-denk-en","7":"product_cat-sonstiges-en","9":"first","10":"instock","11":"taxable","12":"shipping-taxable","13":"purchasable","14":"product-type-simple"},"bundled_by":[],"bundle_stock_status":"instock","bundle_stock_quantity":25,"bundle_virtual":false,"bundle_layout":"","bundle_add_to_cart_form_location":"","bundle_editable_in_cart":false,"bundle_sold_individually_context":"","bundle_item_grouping":"","bundle_min_size":"","bundle_max_size":"","bundle_price":[],"bundled_items":[],"bundle_sell_ids":[],"exclude_global_add_ons":[],"addons":[],"acf":[],"brands":[{"id":1213,"name":"Denk","slug":"denk-en"}],"_links":{"self":[{"href":"https:\/\/luba.de\/en\/wp-json\/wp\/v2\/product\/5769","targetHints":{"allow":["GET"]}}],"collection":[{"href":"https:\/\/luba.de\/en\/wp-json\/wp\/v2\/product"}],"about":[{"href":"https:\/\/luba.de\/en\/wp-json\/wp\/v2\/types\/product"}],"replies":[{"embeddable":true,"href":"https:\/\/luba.de\/en\/wp-json\/wp\/v2\/comments?post=5769"}],"wp:featuredmedia":[{"embeddable":true,"href":"https:\/\/luba.de\/en\/wp-json\/wp\/v2\/media\/10692"}],"wp:attachment":[{"href":"https:\/\/luba.de\/en\/wp-json\/wp\/v2\/media?parent=5769"}],"wp:term":[{"taxonomy":"pwb-brand","embeddable":true,"href":"https:\/\/luba.de\/en\/wp-json\/wp\/v2\/pwb-brand?post=5769"},{"taxonomy":"product_brand","embeddable":true,"href":"https:\/\/luba.de\/en\/wp-json\/wp\/v2\/product_brand?post=5769"},{"taxonomy":"product_cat","embeddable":true,"href":"https:\/\/luba.de\/en\/wp-json\/wp\/v2\/product_cat?post=5769"},{"taxonomy":"product_tag","embeddable":true,"href":"https:\/\/luba.de\/en\/wp-json\/wp\/v2\/product_tag?post=5769"}],"curies":[{"name":"wp","href":"https:\/\/api.w.org\/{rel}","templated":true}]}}