{"id":5781,"date":"2020-03-15T20:21:41","date_gmt":"2020-03-15T19:21:41","guid":{"rendered":"https:\/\/luba.de\/product\/eschenfelder-3er-sprossen-system-750-ml-glas-weiss\/"},"modified":"2026-03-31T12:12:27","modified_gmt":"2026-03-31T10:12:27","slug":"eschenfelder-3er-sprossen-system-750-ml-glas-weiss-edelstahlring","status":"publish","type":"product","link":"https:\/\/luba.de\/en\/eschenfelder-3er-sprossen-system-750-ml-glas-weiss-edelstahlring\/","title":{"rendered":"Eschenfelder 3er-Sprossen-System 750 ml Glas, Wei\u00df, Edelstahlring"},"content":{"rendered":"<h2>Eschenfelder 3er Sprossenglas System 750 ml mit feinmaschigem Sieb und Schraubring aus Edelstahl und einem Abtropfgestell aus Edelstahl mit Abtropfschale aus Keramik<\/h2>\n<p>Abtropfschale in Keramik Wei\u00df, <strong>in Deutschland<\/strong> <strong>handgefertigten, <\/strong>von sehr hochwertiger Qualit\u00e4t &#8211; hochgebrannt und lebensmittelecht glasiert.<br \/>\nInklusive einem T\u00fctchen Bio-Keimsaat aus kontrolliert biologischem Anbau.<\/p>\n<p>Mit diesem Sprossenglas-System\u00a0gelingt Ihnen eine m\u00fchelose und hygienisch saubere Spossenzucht ohne Erde. Die schr\u00e4ge Position des Glases garantiert die fortw\u00e4hrende Frische der Sprossen, da das Wasser ablaufen (keine Staun\u00e4sse) und Luft zirkulieren kann (feinmaschiges Sieb). Die Keramikschale f\u00e4ngt das Abtropfwasser auf, so dass das System an jeden beliebigen Platz gestellt werden kann. Die Saaten werden im Sprossenglas eingeweicht, gesp\u00fclt und bis zur Ernte gezogen.<\/p>\n<p>Das Sprossenglas ist geeignet f\u00fcr das Anziehen von frischen Sprossen aus Getreide, H\u00fclsenfr\u00fcchten, Radieschen, Alfalfa, Sonnenblumenkerne uvm.<\/p>\n<h3>HINWEIS:<\/h3>\n<p><strong>Achtung: Nicht f\u00fcr schleimbildende Saaten geeignet<\/strong> (z.B. Kresse, Rucola, Senf, Leinsamen), die einen &#8220;ruhenden Boden&#8221; beanspruchen. Hierf\u00fcr eignen sich die Eschenfelder\u00a0<a href=\"https:\/\/luba.de\/en\/kitchen-appliances-non-electric\/germination-equipment\/eschenfelder-en\/cress-strainers\/\">Kressesiebe<\/a>.<\/p>\n<p><strong>Tipp:<\/strong> Farbliche Ver\u00e4nderungen des Edelstahl-Siebs sind kein Rost (!), sondern r\u00fchren von den \u00e4therischen \u00d6len in den Sprossen her. Besonders bei Bockshornklee k\u00f6nnen starke gelbliche Verf\u00e4rbungen auftreten. Mit Wasch Soda (erh\u00e4ltlch im dm-Markt) lassen sich diese R\u00fcckst\u00e4nde leicht entfernen.<br \/>\n<div class=\"message-box relative\" style=\"padding-top:15px;padding-bottom:15px;\"><div class=\"message-box-bg-image bg-fill fill\" ><\/div><div class=\"message-box-bg-overlay bg-fill fill\" style=\"background-color:rgb(171, 237, 190);\"><\/div><div class=\"container relative\"><div class=\"inner last-reset\">\n<div class=\"row align-middle align-center\"  id=\"row-1314452439\">\n\n\t<div id=\"col-1712705992\" class=\"col medium-9 small-12 large-9\"  >\n\t\t\t\t<div class=\"col-inner\"  >\n\t\t\t\n\t\t\t\n<p>Da in dem Edelstahl Sieb kein Nickel enthalten ist, darf das Sieb nicht in den Geschirrsp\u00fcler. Andernfalls kann es passieren, dass das Sieb rostet!<\/p>\n\t\t<\/div>\n\t\t\t\t\t<\/div>\n\n\t\n<\/div>\n<\/div><\/div><\/div>\n","protected":false},"excerpt":{"rendered":"<ul>\n<li>3 x 750 ml Sprossenglas<\/li>\n<li>3 x feinmaschiges Sieb aus nickelfreiem Edelstahl<\/li>\n<li>3 x Schraubring aus Edelstahl<\/li>\n<li>Abtropfgestell aus Edelstahl<\/li>\n<li>Abtropfschale in Keramik Wei\u00df<\/li>\n<li>1 T\u00fctchen Bio-Keimsaat aus kontrolliert biologischem Anbau.<\/li>\n<\/ul>\n","protected":false},"featured_media":16659,"comment_status":"closed","ping_status":"closed","template":"","meta":{"_acf_changed":false},"pwb-brand":[1183],"product_brand":[],"product_cat":[845],"product_tag":[1546,1019],"class_list":{"0":"post-5781","1":"product","2":"type-product","3":"status-publish","4":"has-post-thumbnail","6":"pwb-brand-eschenfelder-en","7":"product_cat-eschenfelder-en","8":"product_tag-3er-sprossen-system-en","9":"product_tag-keimgeraete-en","11":"first","12":"instock","13":"taxable","14":"shipping-taxable","15":"purchasable","16":"product-type-simple"},"bundled_by":[],"bundle_stock_status":"instock","bundle_stock_quantity":12,"bundle_virtual":false,"bundle_layout":"","bundle_add_to_cart_form_location":"","bundle_editable_in_cart":false,"bundle_sold_individually_context":"","bundle_item_grouping":"","bundle_min_size":"","bundle_max_size":"","bundle_price":[],"bundled_items":[],"bundle_sell_ids":[],"exclude_global_add_ons":[],"addons":[],"acf":[],"brands":[{"id":1183,"name":"Eschenfelder","slug":"eschenfelder-en"}],"_links":{"self":[{"href":"https:\/\/luba.de\/en\/wp-json\/wp\/v2\/product\/5781","targetHints":{"allow":["GET"]}}],"collection":[{"href":"https:\/\/luba.de\/en\/wp-json\/wp\/v2\/product"}],"about":[{"href":"https:\/\/luba.de\/en\/wp-json\/wp\/v2\/types\/product"}],"replies":[{"embeddable":true,"href":"https:\/\/luba.de\/en\/wp-json\/wp\/v2\/comments?post=5781"}],"wp:featuredmedia":[{"embeddable":true,"href":"https:\/\/luba.de\/en\/wp-json\/wp\/v2\/media\/16659"}],"wp:attachment":[{"href":"https:\/\/luba.de\/en\/wp-json\/wp\/v2\/media?parent=5781"}],"wp:term":[{"taxonomy":"pwb-brand","embeddable":true,"href":"https:\/\/luba.de\/en\/wp-json\/wp\/v2\/pwb-brand?post=5781"},{"taxonomy":"product_brand","embeddable":true,"href":"https:\/\/luba.de\/en\/wp-json\/wp\/v2\/product_brand?post=5781"},{"taxonomy":"product_cat","embeddable":true,"href":"https:\/\/luba.de\/en\/wp-json\/wp\/v2\/product_cat?post=5781"},{"taxonomy":"product_tag","embeddable":true,"href":"https:\/\/luba.de\/en\/wp-json\/wp\/v2\/product_tag?post=5781"}],"curies":[{"name":"wp","href":"https:\/\/api.w.org\/{rel}","templated":true}]}}