{"id":5954,"date":"2020-03-15T20:20:00","date_gmt":"2020-03-15T19:20:00","guid":{"rendered":"https:\/\/luba.de\/product\/adapter-fuer-kenwood\/"},"modified":"2026-02-20T09:08:41","modified_gmt":"2026-02-20T08:08:41","slug":"adapter-fuer-kenwood","status":"publish","type":"product","link":"https:\/\/luba.de\/en\/adapter-fuer-kenwood\/","title":{"rendered":"Adapter f\u00fcr Kenwood mit Bar-Anschluss"},"content":{"rendered":"<h2>Adapter Kenwood 25100 \u201eBar-Anschluss\u201c<\/h2>\n<p>Mit diesem Adapter k\u00f6nnen Sie alle Messerschmidt Vors\u00e4tze wie Getreidem\u00fchle, Flockenquetsche, Gem\u00fcseschneider und Universalwolf mit originalem Messerschmidt-Anschluss an folgende Kenwood K\u00fcchenmaschinen bis Baujahr 2017 \u2013 (mit Twist-Anschluss) anschlie\u00dfen:<\/p>\n<ul>\n<li>Kenwood Chef<\/li>\n<li>Kenwood Cooking Chef KM09X, KM08X (bis Bj. 2017)<\/li>\n<li>Kenwood Chef KMCXXX, KM33X (bis Bj. 2017)<\/li>\n<li>Kenwood Chef KMCXXX, KM33X (bis Bj. 2017)<\/li>\n<li>Kenwood Major KMMXXX, KM63X (bis Bj. 2017)<\/li>\n<li>Kenwood Lafer Edition KMC (bis Bj. 2017)<\/li>\n<\/ul>\n<p>Alle Kenwood K\u00fcchenmaschinen haben bis 2017 den Bar-Anschluss. Nach 2017 gebaute Kenwood K\u00fcchenmaschinen haben den Twist-Anschluss<\/p>\n","protected":false},"excerpt":{"rendered":"<p>Adapter Kenwood 25100 \u201eBar-Anschluss\u201c Mit diesem Adapter k\u00f6nnen Sie alle Messerschmidt Vors\u00e4tze wie Getreidem\u00fchle, Flockenquetsche, Gem\u00fcseschneider und Universalwolf mit originalem Messerschmidt-Anschluss an folgende Kenwood K\u00fcchenmaschinen bis Baujahr 2017 \u2013 (mit Twist-Anschluss) anschlie\u00dfen: Kenwood Chef Kenwood Cooking Chef KM09X, KM08X (bis Bj. 2017) Kenwood Chef KMCXXX, KM33X (bis Bj. 2017) Kenwood Chef KMCXXX, KM33X (bis Bj. [&#8230;]\n","protected":false},"featured_media":24710,"comment_status":"closed","ping_status":"closed","template":"","meta":{"_acf_changed":false},"pwb-brand":[1163],"product_brand":[],"product_cat":[878,879],"product_tag":[],"class_list":{"0":"post-5954","1":"product","2":"type-product","3":"status-publish","4":"has-post-thumbnail","6":"pwb-brand-messerschmidt-en","7":"product_cat-kenwood-kuechenmaschienen-zubehoer-en","8":"product_cat-kitchen-appliance-accessories","10":"first","11":"instock","12":"taxable","13":"shipping-taxable","14":"purchasable","15":"product-type-simple"},"bundled_by":[],"bundle_stock_status":"instock","bundle_stock_quantity":5,"bundle_virtual":false,"bundle_layout":"","bundle_add_to_cart_form_location":"","bundle_editable_in_cart":false,"bundle_sold_individually_context":"","bundle_item_grouping":"","bundle_min_size":"","bundle_max_size":"","bundle_price":[],"bundled_items":[],"bundle_sell_ids":[],"exclude_global_add_ons":[],"addons":[],"acf":[],"brands":[{"id":1163,"name":"Messerschmidt","slug":"messerschmidt-en"}],"_links":{"self":[{"href":"https:\/\/luba.de\/en\/wp-json\/wp\/v2\/product\/5954","targetHints":{"allow":["GET"]}}],"collection":[{"href":"https:\/\/luba.de\/en\/wp-json\/wp\/v2\/product"}],"about":[{"href":"https:\/\/luba.de\/en\/wp-json\/wp\/v2\/types\/product"}],"replies":[{"embeddable":true,"href":"https:\/\/luba.de\/en\/wp-json\/wp\/v2\/comments?post=5954"}],"wp:featuredmedia":[{"embeddable":true,"href":"https:\/\/luba.de\/en\/wp-json\/wp\/v2\/media\/24710"}],"wp:attachment":[{"href":"https:\/\/luba.de\/en\/wp-json\/wp\/v2\/media?parent=5954"}],"wp:term":[{"taxonomy":"pwb-brand","embeddable":true,"href":"https:\/\/luba.de\/en\/wp-json\/wp\/v2\/pwb-brand?post=5954"},{"taxonomy":"product_brand","embeddable":true,"href":"https:\/\/luba.de\/en\/wp-json\/wp\/v2\/product_brand?post=5954"},{"taxonomy":"product_cat","embeddable":true,"href":"https:\/\/luba.de\/en\/wp-json\/wp\/v2\/product_cat?post=5954"},{"taxonomy":"product_tag","embeddable":true,"href":"https:\/\/luba.de\/en\/wp-json\/wp\/v2\/product_tag?post=5954"}],"curies":[{"name":"wp","href":"https:\/\/api.w.org\/{rel}","templated":true}]}}