{"id":5956,"date":"2020-03-15T20:20:00","date_gmt":"2020-03-15T19:20:00","guid":{"rendered":"https:\/\/luba.de\/product\/adapter-fuer-starmix-mx-4\/"},"modified":"2025-10-11T23:33:10","modified_gmt":"2025-10-11T21:33:10","slug":"adapter-fuer-starmix-mx-4","status":"publish","type":"product","link":"https:\/\/luba.de\/en\/adapter-fuer-starmix-mx-4\/","title":{"rendered":"Adapter f\u00fcr Starmix MX 4"},"content":{"rendered":"<h2>Messerschmidt Adapter Starmix MX4, MX41 25120<\/h2>\n<p>Mit diesem Adapter k\u00f6nnen Sie alle Messerschmidt Vors\u00e4tze wie Getreidem\u00fchle, Flockenquetsche, Gem\u00fcseschneider und Universalwolf mit originalem Messerschmidt-Anschluss an folgende K\u00fcchenmaschinen anschlie\u00dfen:<\/p>\n<ul>\n<li>Ritter Elektrowolf U49<\/li>\n<li>Ritter Elektrowolf KM1<\/li>\n<li>Starmix MX4<\/li>\n<li>Starmix MX41<\/li>\n<\/ul>\n","protected":false},"excerpt":{"rendered":"<p>Messerschmidt Adapter Starmix MX4, MX41 25120 Mit diesem Adapter k\u00f6nnen Sie alle Messerschmidt Vors\u00e4tze wie Getreidem\u00fchle, Flockenquetsche, Gem\u00fcseschneider und Universalwolf mit originalem Messerschmidt-Anschluss an folgende K\u00fcchenmaschinen anschlie\u00dfen: Ritter Elektrowolf U49 Ritter Elektrowolf KM1 Starmix MX4 Starmix MX41<\/p>\n","protected":false},"featured_media":24724,"comment_status":"closed","ping_status":"closed","template":"","meta":{"_acf_changed":false},"pwb-brand":[1163],"product_brand":[],"product_cat":[879,1579],"product_tag":[],"class_list":{"0":"post-5956","1":"product","2":"type-product","3":"status-publish","4":"has-post-thumbnail","6":"pwb-brand-messerschmidt-en","7":"product_cat-kitchen-appliance-accessories","8":"product_cat-starmix-en","10":"first","11":"instock","12":"taxable","13":"shipping-taxable","14":"purchasable","15":"product-type-simple"},"bundled_by":[],"bundle_stock_status":"instock","bundle_stock_quantity":11,"bundle_virtual":false,"bundle_layout":"","bundle_add_to_cart_form_location":"","bundle_editable_in_cart":false,"bundle_sold_individually_context":"","bundle_item_grouping":"","bundle_min_size":"","bundle_max_size":"","bundle_price":[],"bundled_items":[],"bundle_sell_ids":[],"exclude_global_add_ons":[],"addons":[],"acf":[],"brands":[{"id":1163,"name":"Messerschmidt","slug":"messerschmidt-en"}],"_links":{"self":[{"href":"https:\/\/luba.de\/en\/wp-json\/wp\/v2\/product\/5956","targetHints":{"allow":["GET"]}}],"collection":[{"href":"https:\/\/luba.de\/en\/wp-json\/wp\/v2\/product"}],"about":[{"href":"https:\/\/luba.de\/en\/wp-json\/wp\/v2\/types\/product"}],"replies":[{"embeddable":true,"href":"https:\/\/luba.de\/en\/wp-json\/wp\/v2\/comments?post=5956"}],"wp:featuredmedia":[{"embeddable":true,"href":"https:\/\/luba.de\/en\/wp-json\/wp\/v2\/media\/24724"}],"wp:attachment":[{"href":"https:\/\/luba.de\/en\/wp-json\/wp\/v2\/media?parent=5956"}],"wp:term":[{"taxonomy":"pwb-brand","embeddable":true,"href":"https:\/\/luba.de\/en\/wp-json\/wp\/v2\/pwb-brand?post=5956"},{"taxonomy":"product_brand","embeddable":true,"href":"https:\/\/luba.de\/en\/wp-json\/wp\/v2\/product_brand?post=5956"},{"taxonomy":"product_cat","embeddable":true,"href":"https:\/\/luba.de\/en\/wp-json\/wp\/v2\/product_cat?post=5956"},{"taxonomy":"product_tag","embeddable":true,"href":"https:\/\/luba.de\/en\/wp-json\/wp\/v2\/product_tag?post=5956"}],"curies":[{"name":"wp","href":"https:\/\/api.w.org\/{rel}","templated":true}]}}