{"id":5960,"date":"2020-03-15T20:20:00","date_gmt":"2020-03-15T19:20:00","guid":{"rendered":"https:\/\/luba.de\/product\/adapter-378-fuer-mixi-garant-electro-as\/"},"modified":"2025-10-11T23:32:23","modified_gmt":"2025-10-11T21:32:23","slug":"adapter-378-fuer-mixi-garant-electro-as","status":"publish","type":"product","link":"https:\/\/luba.de\/en\/adapter-378-fuer-mixi-garant-electro-as\/","title":{"rendered":"Adapter 378 f\u00fcr Mixi Garant Electro-As"},"content":{"rendered":"<p>Mit diesem Adapter k\u00f6nnen Sie alle Messerschmidt Vors\u00e4tze wie Getreidem\u00fchle, Flockenquetsche, Gem\u00fcseschneider und Universalwolf mit originalem Messerschmidt-Anschluss an s\u00e4mtliche K\u00fcchenmaschinen von Elektro AS anschlie\u00dfen<\/p>\n","protected":false},"excerpt":{"rendered":"<p>Mit diesem Adapter k\u00f6nnen Sie alle Messerschmidt Vors\u00e4tze wie Getreidem\u00fchle, Flockenquetsche, Gem\u00fcseschneider und Universalwolf mit originalem Messerschmidt-Anschluss an s\u00e4mtliche K\u00fcchenmaschinen von Elektro AS anschlie\u00dfen<\/p>\n","protected":false},"featured_media":24687,"comment_status":"closed","ping_status":"closed","template":"","meta":{"_acf_changed":false},"pwb-brand":[1163],"product_brand":[],"product_cat":[879],"product_tag":[],"class_list":{"0":"post-5960","1":"product","2":"type-product","3":"status-publish","4":"has-post-thumbnail","6":"pwb-brand-messerschmidt-en","7":"product_cat-kitchen-appliance-accessories","9":"first","10":"instock","11":"taxable","12":"shipping-taxable","13":"purchasable","14":"product-type-simple"},"bundled_by":[],"bundle_stock_status":"instock","bundle_stock_quantity":14,"bundle_virtual":false,"bundle_layout":"","bundle_add_to_cart_form_location":"","bundle_editable_in_cart":false,"bundle_sold_individually_context":"","bundle_item_grouping":"","bundle_min_size":"","bundle_max_size":"","bundle_price":[],"bundled_items":[],"bundle_sell_ids":[],"exclude_global_add_ons":[],"addons":[],"acf":[],"brands":[{"id":1163,"name":"Messerschmidt","slug":"messerschmidt-en"}],"_links":{"self":[{"href":"https:\/\/luba.de\/en\/wp-json\/wp\/v2\/product\/5960","targetHints":{"allow":["GET"]}}],"collection":[{"href":"https:\/\/luba.de\/en\/wp-json\/wp\/v2\/product"}],"about":[{"href":"https:\/\/luba.de\/en\/wp-json\/wp\/v2\/types\/product"}],"replies":[{"embeddable":true,"href":"https:\/\/luba.de\/en\/wp-json\/wp\/v2\/comments?post=5960"}],"wp:featuredmedia":[{"embeddable":true,"href":"https:\/\/luba.de\/en\/wp-json\/wp\/v2\/media\/24687"}],"wp:attachment":[{"href":"https:\/\/luba.de\/en\/wp-json\/wp\/v2\/media?parent=5960"}],"wp:term":[{"taxonomy":"pwb-brand","embeddable":true,"href":"https:\/\/luba.de\/en\/wp-json\/wp\/v2\/pwb-brand?post=5960"},{"taxonomy":"product_brand","embeddable":true,"href":"https:\/\/luba.de\/en\/wp-json\/wp\/v2\/product_brand?post=5960"},{"taxonomy":"product_cat","embeddable":true,"href":"https:\/\/luba.de\/en\/wp-json\/wp\/v2\/product_cat?post=5960"},{"taxonomy":"product_tag","embeddable":true,"href":"https:\/\/luba.de\/en\/wp-json\/wp\/v2\/product_tag?post=5960"}],"curies":[{"name":"wp","href":"https:\/\/api.w.org\/{rel}","templated":true}]}}