{"id":5975,"date":"2020-03-15T20:19:49","date_gmt":"2020-03-15T19:19:49","guid":{"rendered":"https:\/\/luba.de\/product\/zwinge-fuer-messeschenfphoenixschn-set\/"},"modified":"2026-04-10T15:24:04","modified_gmt":"2026-04-10T13:24:04","slug":"zwinge-fuer-messerschmidt-schnitzer-phoenix-schnitzer","status":"publish","type":"product","link":"https:\/\/luba.de\/en\/zwinge-fuer-messerschmidt-schnitzer-phoenix-schnitzer\/","title":{"rendered":"Zwinge f\u00fcr Handflocker der Marken Messerschmidt, Eschenfelder, Schnitzer, hawos Ph\u00f6nix"},"content":{"rendered":"<div>\n<div>F\u00fcr Tischplattenst\u00e4rken bis maximal 60 mm<\/div>\n<div>L\u00e4nge des Rundbolzens zur Lochbefestigung der Flocker: 60 mm<\/div>\n<div>Durchmesser des Rundbolzens: 8 mm<\/div>\n<div><\/div>\n<div>Diese extra gro\u00dfe Tischzwinge passt an diese Modelle:<\/div>\n<div><\/div>\n<div>Eschenfelder Kornquetsche Tischmodell mit Holztrichter<\/div>\n<div>Eschenfelder Flockenquetsche aus Esche<\/div>\n<div>Eschenfelder Kornquetsche mit Alutrichter<\/div>\n<div>Eschenfelder Novia<\/div>\n<div>hawos Ph\u00f6nix<br \/>\nhawos Molere<\/div>\n<div>Kornkraft Terra Luna<\/div>\n<div>Kornkraft Toscana<\/div>\n<div>Verschiedene Messerschmidt Flocker<\/div>\n<div><\/div>\n<div>F\u00fcr die folgenden Flockenquetschen\/M\u00fchlen muss der 60 mm lange Rundbolzen mit einer Flex\/Metalls\u00e4ge gek\u00fcrzt werden.\u00a0 Das k\u00f6nnen Sie selbst machen oder wir machen das f\u00fcr Sie.<\/div>\n<div><\/div>\n<div>Flockenquetsche Anni &#8211; 15 mm k\u00fcrzen<\/div>\n<div>Schnitzer Campo mit Steinwalzen &#8211; 20 mm k\u00fcrzen<\/div>\n<div>Schnitzer Campo mit Edelstahlwalzen &#8211; 20 mm k\u00fcrzen<\/div>\n<div>Handgetreidem\u00fchle Kornkraft Farina &#8211; 10 mm k\u00fcrzen<\/div>\n<div>Handgetreidem\u00fchle Kornkraft Mia Mola &#8211; 10 mm k\u00fcrzen<br \/>\n*Sollten Sie eine k\u00fcrzung w\u00fcnschen entf\u00e4llt das Widerrufsrecht<\/div>\n<\/div>\n","protected":false},"excerpt":{"rendered":"<p>F\u00fcr Tischplattenst\u00e4rken bis maximal 60 mm L\u00e4nge des Rundbolzens zur Lochbefestigung der Flocker: 60 mm Durchmesser des Rundbolzens: 8 mm Diese extra gro\u00dfe Tischzwinge passt an diese Modelle: Eschenfelder Kornquetsche Tischmodell mit Holztrichter Eschenfelder Flockenquetsche aus Esche Eschenfelder Kornquetsche mit Alutrichter Eschenfelder Novia hawos Ph\u00f6nix hawos Molere Kornkraft Terra Luna Kornkraft Toscana Verschiedene Messerschmidt Flocker [&#8230;]\n","protected":false},"featured_media":19592,"comment_status":"closed","ping_status":"closed","template":"","meta":{"_acf_changed":false},"pwb-brand":[1125],"product_brand":[],"product_cat":[859],"product_tag":[],"class_list":{"0":"post-5975","1":"product","2":"type-product","3":"status-publish","4":"has-post-thumbnail","6":"pwb-brand-hawos-en","7":"product_cat-spare-parts","9":"first","10":"instock","11":"taxable","12":"shipping-taxable","13":"purchasable","14":"product-type-simple"},"bundled_by":[],"bundle_stock_status":"instock","bundle_stock_quantity":100,"bundle_virtual":false,"bundle_layout":"","bundle_add_to_cart_form_location":"","bundle_editable_in_cart":false,"bundle_sold_individually_context":"","bundle_item_grouping":"","bundle_min_size":"","bundle_max_size":"","bundle_price":[],"bundled_items":[],"bundle_sell_ids":[],"exclude_global_add_ons":false,"addons":[{"name":"L\u00e4nge des Bolzen","type":"checkbox","position":0,"required":true,"title_format":"label","default":"","description_enable":false,"description":"","placeholder_enable":false,"placeholder":"","display":"select","restrictions_type":"any_text","adjust_price":false,"price":"","price_type":"flat_fee","restrictions":false,"min":"0","max":"0","options":[{"label":"60mm (Standard)","price":"0","price_type":"flat_fee","image":0,"visibility":true},{"label":"50mm (10mm gek\u00fcrzt)","price":"5","price_type":"flat_fee","image":0,"visibility":true},{"label":"45mm (15mm gek\u00fcrzt)","price":"5","price_type":"flat_fee","image":0,"visibility":true},{"label":"40mm (20mm gek\u00fcrzt)","price":"5","price_type":"flat_fee","image":0,"visibility":true}],"id":1729763724}],"acf":[],"brands":[{"id":1125,"name":"hawos","slug":"hawos-en"}],"_links":{"self":[{"href":"https:\/\/luba.de\/en\/wp-json\/wp\/v2\/product\/5975","targetHints":{"allow":["GET"]}}],"collection":[{"href":"https:\/\/luba.de\/en\/wp-json\/wp\/v2\/product"}],"about":[{"href":"https:\/\/luba.de\/en\/wp-json\/wp\/v2\/types\/product"}],"replies":[{"embeddable":true,"href":"https:\/\/luba.de\/en\/wp-json\/wp\/v2\/comments?post=5975"}],"wp:featuredmedia":[{"embeddable":true,"href":"https:\/\/luba.de\/en\/wp-json\/wp\/v2\/media\/19592"}],"wp:attachment":[{"href":"https:\/\/luba.de\/en\/wp-json\/wp\/v2\/media?parent=5975"}],"wp:term":[{"taxonomy":"pwb-brand","embeddable":true,"href":"https:\/\/luba.de\/en\/wp-json\/wp\/v2\/pwb-brand?post=5975"},{"taxonomy":"product_brand","embeddable":true,"href":"https:\/\/luba.de\/en\/wp-json\/wp\/v2\/product_brand?post=5975"},{"taxonomy":"product_cat","embeddable":true,"href":"https:\/\/luba.de\/en\/wp-json\/wp\/v2\/product_cat?post=5975"},{"taxonomy":"product_tag","embeddable":true,"href":"https:\/\/luba.de\/en\/wp-json\/wp\/v2\/product_tag?post=5975"}],"curies":[{"name":"wp","href":"https:\/\/api.w.org\/{rel}","templated":true}]}}