{"id":6044,"date":"2020-03-15T20:19:30","date_gmt":"2020-03-15T19:19:30","guid":{"rendered":"https:\/\/luba.de\/product\/ruehrschuesselabdeckung-nur-fuer-titanium-modelle\/"},"modified":"2025-10-12T01:09:34","modified_gmt":"2025-10-11T23:09:34","slug":"ruehrschuesselabdeckung-nur-fuer-titanium-modelle","status":"publish","type":"product","link":"https:\/\/luba.de\/en\/ruehrschuesselabdeckung-nur-fuer-titanium-modelle\/","title":{"rendered":"R\u00fchrsch\u00fcsselabdeckung nur f\u00fcr Titanium Modelle"},"content":{"rendered":"","protected":false},"excerpt":{"rendered":"","protected":false},"featured_media":0,"comment_status":"closed","ping_status":"closed","template":"","meta":{"_acf_changed":false},"pwb-brand":[1202],"product_brand":[],"product_cat":[878,879,852],"product_tag":[],"class_list":{"0":"post-6044","1":"product","2":"type-product","3":"status-publish","5":"pwb-brand-kenwood-en","6":"product_cat-kenwood-kuechenmaschienen-zubehoer-en","7":"product_cat-kitchen-appliance-accessories","8":"product_cat-kitchen-appliances-electrical","10":"first","11":"instock","12":"taxable","13":"shipping-taxable","14":"purchasable","15":"product-type-simple"},"bundled_by":[],"bundle_stock_status":"instock","bundle_stock_quantity":5,"bundle_virtual":false,"bundle_layout":"","bundle_add_to_cart_form_location":"","bundle_editable_in_cart":false,"bundle_sold_individually_context":"","bundle_item_grouping":"","bundle_min_size":"","bundle_max_size":"","bundle_price":[],"bundled_items":[],"bundle_sell_ids":[],"exclude_global_add_ons":[],"addons":[],"acf":[],"brands":[{"id":1202,"name":"Kenwood","slug":"kenwood-en"}],"_links":{"self":[{"href":"https:\/\/luba.de\/en\/wp-json\/wp\/v2\/product\/6044","targetHints":{"allow":["GET"]}}],"collection":[{"href":"https:\/\/luba.de\/en\/wp-json\/wp\/v2\/product"}],"about":[{"href":"https:\/\/luba.de\/en\/wp-json\/wp\/v2\/types\/product"}],"replies":[{"embeddable":true,"href":"https:\/\/luba.de\/en\/wp-json\/wp\/v2\/comments?post=6044"}],"wp:attachment":[{"href":"https:\/\/luba.de\/en\/wp-json\/wp\/v2\/media?parent=6044"}],"wp:term":[{"taxonomy":"pwb-brand","embeddable":true,"href":"https:\/\/luba.de\/en\/wp-json\/wp\/v2\/pwb-brand?post=6044"},{"taxonomy":"product_brand","embeddable":true,"href":"https:\/\/luba.de\/en\/wp-json\/wp\/v2\/product_brand?post=6044"},{"taxonomy":"product_cat","embeddable":true,"href":"https:\/\/luba.de\/en\/wp-json\/wp\/v2\/product_cat?post=6044"},{"taxonomy":"product_tag","embeddable":true,"href":"https:\/\/luba.de\/en\/wp-json\/wp\/v2\/product_tag?post=6044"}],"curies":[{"name":"wp","href":"https:\/\/api.w.org\/{rel}","templated":true}]}}