{"id":6094,"date":"2020-03-15T20:19:13","date_gmt":"2020-03-15T19:19:13","guid":{"rendered":"https:\/\/luba.de\/product\/feine-trommel-fuer-kitchenaid-4\/"},"modified":"2026-02-13T09:24:11","modified_gmt":"2026-02-13T08:24:11","slug":"feine-trommel-fuer-kitchenaid-4","status":"publish","type":"product","link":"https:\/\/luba.de\/en\/feine-trommel-fuer-kitchenaid-4\/","title":{"rendered":"Feine Trommel f\u00fcr KitchenAid (4)"},"content":{"rendered":"<h2>Feine Trommel zum Rohkostvorsatz Messerschmidt MVSA f\u00fcr KitchenAid<\/h2>\n<p>Edelstahltrommel Nr. 4:<br \/>\nFeine Raspeltrommel f\u00fcr K\u00e4se, N\u00fcsse, Schokolade, trockene Br\u00f6tchen.<\/p>\n","protected":false},"excerpt":{"rendered":"<p><strong>Passend f\u00fcr Messerschmidt Vorsatz MVSA<\/strong><\/p>\n","protected":false},"featured_media":24728,"comment_status":"closed","ping_status":"closed","template":"","meta":{"_acf_changed":false},"pwb-brand":[1163],"product_brand":[],"product_cat":[879,852,885],"product_tag":[],"class_list":{"0":"post-6094","1":"product","2":"type-product","3":"status-publish","4":"has-post-thumbnail","6":"pwb-brand-messerschmidt-en","7":"product_cat-kitchen-appliance-accessories","8":"product_cat-kitchen-appliances-electrical","9":"product_cat-kitchenaid-kuechenmaschienen-zubehoer-en","11":"first","12":"instock","13":"taxable","14":"shipping-taxable","15":"purchasable","16":"product-type-simple"},"bundled_by":[],"bundle_stock_status":"instock","bundle_stock_quantity":5,"bundle_virtual":false,"bundle_layout":"","bundle_add_to_cart_form_location":"","bundle_editable_in_cart":false,"bundle_sold_individually_context":"","bundle_item_grouping":"","bundle_min_size":"","bundle_max_size":"","bundle_price":[],"bundled_items":[],"bundle_sell_ids":[],"exclude_global_add_ons":[],"addons":[],"acf":[],"brands":[{"id":1163,"name":"Messerschmidt","slug":"messerschmidt-en"}],"_links":{"self":[{"href":"https:\/\/luba.de\/en\/wp-json\/wp\/v2\/product\/6094","targetHints":{"allow":["GET"]}}],"collection":[{"href":"https:\/\/luba.de\/en\/wp-json\/wp\/v2\/product"}],"about":[{"href":"https:\/\/luba.de\/en\/wp-json\/wp\/v2\/types\/product"}],"replies":[{"embeddable":true,"href":"https:\/\/luba.de\/en\/wp-json\/wp\/v2\/comments?post=6094"}],"wp:featuredmedia":[{"embeddable":true,"href":"https:\/\/luba.de\/en\/wp-json\/wp\/v2\/media\/24728"}],"wp:attachment":[{"href":"https:\/\/luba.de\/en\/wp-json\/wp\/v2\/media?parent=6094"}],"wp:term":[{"taxonomy":"pwb-brand","embeddable":true,"href":"https:\/\/luba.de\/en\/wp-json\/wp\/v2\/pwb-brand?post=6094"},{"taxonomy":"product_brand","embeddable":true,"href":"https:\/\/luba.de\/en\/wp-json\/wp\/v2\/product_brand?post=6094"},{"taxonomy":"product_cat","embeddable":true,"href":"https:\/\/luba.de\/en\/wp-json\/wp\/v2\/product_cat?post=6094"},{"taxonomy":"product_tag","embeddable":true,"href":"https:\/\/luba.de\/en\/wp-json\/wp\/v2\/product_tag?post=6094"}],"curies":[{"name":"wp","href":"https:\/\/api.w.org\/{rel}","templated":true}]}}