{"id":6124,"date":"2020-03-15T20:19:00","date_gmt":"2020-03-15T19:19:00","guid":{"rendered":"https:\/\/luba.de\/product\/dejelin-porzellanschale-revol-06-liter-829060\/"},"modified":"2025-07-18T08:38:18","modified_gmt":"2025-07-18T06:38:18","slug":"dejelin-porzellanschale-revol-06-liter","status":"publish","type":"product","link":"https:\/\/luba.de\/en\/dejelin-porzellanschale-revol-06-liter\/","title":{"rendered":"Dejelin Porzellanschale Revol 0,6 Liter"},"content":{"rendered":"<h2>Porzellanschale aus Revol\u00ae f\u00fcr 0,6 Liter Inhalt<\/h2>\n<p>Aromatischen Schokokuchen oder Pudding kochen ohne anbrennen. Gleichzeitig mit dem Menue k\u00f6nnen Desserts oder Dessertso\u00dfe in der Porzellanschale gekocht werden. Reis oder Kompott k\u00f6nnen punktgenau gegart werden.<\/p>\n","protected":false},"excerpt":{"rendered":"<p>Porzellanschale aus Revol\u00ae f\u00fcr 0,6 Liter Inhalt Aromatischen Schokokuchen oder Pudding kochen ohne anbrennen. Gleichzeitig mit dem Menue k\u00f6nnen Desserts oder Dessertso\u00dfe in der Porzellanschale gekocht werden. Reis oder Kompott k\u00f6nnen punktgenau gegart werden.<\/p>\n","protected":false},"featured_media":14838,"comment_status":"closed","ping_status":"closed","template":"","meta":{"_acf_changed":false},"pwb-brand":[1238],"product_brand":[],"product_cat":[1456],"product_tag":[],"class_list":{"0":"post-6124","1":"product","2":"type-product","3":"status-publish","4":"has-post-thumbnail","6":"pwb-brand-dejelin-en","7":"product_cat-dejelin-en","9":"first","10":"outofstock","11":"taxable","12":"shipping-taxable","13":"purchasable","14":"product-type-simple"},"bundled_by":[],"bundle_stock_status":"outofstock","bundle_stock_quantity":0,"bundle_virtual":false,"bundle_layout":"","bundle_add_to_cart_form_location":"","bundle_editable_in_cart":false,"bundle_sold_individually_context":"","bundle_item_grouping":"","bundle_min_size":"","bundle_max_size":"","bundle_price":[],"bundled_items":[],"bundle_sell_ids":[],"exclude_global_add_ons":[],"addons":[],"acf":[],"brands":[{"id":1238,"name":"Dejelin","slug":"dejelin-en"}],"_links":{"self":[{"href":"https:\/\/luba.de\/en\/wp-json\/wp\/v2\/product\/6124","targetHints":{"allow":["GET"]}}],"collection":[{"href":"https:\/\/luba.de\/en\/wp-json\/wp\/v2\/product"}],"about":[{"href":"https:\/\/luba.de\/en\/wp-json\/wp\/v2\/types\/product"}],"replies":[{"embeddable":true,"href":"https:\/\/luba.de\/en\/wp-json\/wp\/v2\/comments?post=6124"}],"wp:featuredmedia":[{"embeddable":true,"href":"https:\/\/luba.de\/en\/wp-json\/wp\/v2\/media\/14838"}],"wp:attachment":[{"href":"https:\/\/luba.de\/en\/wp-json\/wp\/v2\/media?parent=6124"}],"wp:term":[{"taxonomy":"pwb-brand","embeddable":true,"href":"https:\/\/luba.de\/en\/wp-json\/wp\/v2\/pwb-brand?post=6124"},{"taxonomy":"product_brand","embeddable":true,"href":"https:\/\/luba.de\/en\/wp-json\/wp\/v2\/product_brand?post=6124"},{"taxonomy":"product_cat","embeddable":true,"href":"https:\/\/luba.de\/en\/wp-json\/wp\/v2\/product_cat?post=6124"},{"taxonomy":"product_tag","embeddable":true,"href":"https:\/\/luba.de\/en\/wp-json\/wp\/v2\/product_tag?post=6124"}],"curies":[{"name":"wp","href":"https:\/\/api.w.org\/{rel}","templated":true}]}}