{"id":6128,"date":"2020-03-15T20:19:00","date_gmt":"2020-03-15T19:19:00","guid":{"rendered":"https:\/\/luba.de\/product\/knethaken-nylonbeschichtet-5k7dh\/"},"modified":"2025-10-11T23:58:40","modified_gmt":"2025-10-11T21:58:40","slug":"knethaken-nylonbeschichtet-5k7dh","status":"publish","type":"product","link":"https:\/\/luba.de\/en\/knethaken-nylonbeschichtet-5k7dh\/","title":{"rendered":"Knethaken nylonbeschichtet 5K7DH"},"content":{"rendered":"<h2>F\u00fcr die 6,6\u00a0L und 6,9\u00a0L K\u00fcchenmaschine mit Sch\u00fcsselheber<\/h2>\n<p>Dieser KitchenAid Knethaken f\u00fcr Ihre 6,6 L und 6,9 L K\u00fcchenmaschine mit Sch\u00fcsselheber nimmt Ihnen die ganze Arbeit beim Kneten ab. Er l\u00e4sst sich sicher an Ihrer K\u00fcchenmaschine anbringen und knetet selbst die schwersten Hefeteige ohne M\u00fche. Nach getaner Arbeit macht die Antihaftbeschichtung das Reinigen kinderleicht: Sie k\u00f6nnen den Haken in die Sp\u00fclmaschine geben oder per Hand abwaschen.<\/p>\n","protected":false},"excerpt":{"rendered":"<p>Antihaftbeschichteter Knethaken zum Vermengen und Kneten von Hefeteig mit gro\u00dfen K\u00fcchenmaschinen mit Sch\u00fcsselheber.<\/p>\n","protected":false},"featured_media":24684,"comment_status":"closed","ping_status":"closed","template":"","meta":{"_acf_changed":false},"pwb-brand":[1208],"product_brand":[],"product_cat":[885],"product_tag":[],"class_list":{"0":"post-6128","1":"product","2":"type-product","3":"status-publish","4":"has-post-thumbnail","6":"pwb-brand-kitchenaid-en","7":"product_cat-kitchenaid-kuechenmaschienen-zubehoer-en","9":"first","10":"instock","11":"taxable","12":"shipping-taxable","13":"purchasable","14":"product-type-simple"},"bundled_by":[],"bundle_stock_status":"instock","bundle_stock_quantity":1,"bundle_virtual":false,"bundle_layout":"","bundle_add_to_cart_form_location":"","bundle_editable_in_cart":false,"bundle_sold_individually_context":"","bundle_item_grouping":"","bundle_min_size":"","bundle_max_size":"","bundle_price":[],"bundled_items":[],"bundle_sell_ids":[],"exclude_global_add_ons":[],"addons":[],"acf":[],"brands":[{"id":1208,"name":"KitchenAid","slug":"kitchenaid-en"}],"_links":{"self":[{"href":"https:\/\/luba.de\/en\/wp-json\/wp\/v2\/product\/6128","targetHints":{"allow":["GET"]}}],"collection":[{"href":"https:\/\/luba.de\/en\/wp-json\/wp\/v2\/product"}],"about":[{"href":"https:\/\/luba.de\/en\/wp-json\/wp\/v2\/types\/product"}],"replies":[{"embeddable":true,"href":"https:\/\/luba.de\/en\/wp-json\/wp\/v2\/comments?post=6128"}],"wp:featuredmedia":[{"embeddable":true,"href":"https:\/\/luba.de\/en\/wp-json\/wp\/v2\/media\/24684"}],"wp:attachment":[{"href":"https:\/\/luba.de\/en\/wp-json\/wp\/v2\/media?parent=6128"}],"wp:term":[{"taxonomy":"pwb-brand","embeddable":true,"href":"https:\/\/luba.de\/en\/wp-json\/wp\/v2\/pwb-brand?post=6128"},{"taxonomy":"product_brand","embeddable":true,"href":"https:\/\/luba.de\/en\/wp-json\/wp\/v2\/product_brand?post=6128"},{"taxonomy":"product_cat","embeddable":true,"href":"https:\/\/luba.de\/en\/wp-json\/wp\/v2\/product_cat?post=6128"},{"taxonomy":"product_tag","embeddable":true,"href":"https:\/\/luba.de\/en\/wp-json\/wp\/v2\/product_tag?post=6128"}],"curies":[{"name":"wp","href":"https:\/\/api.w.org\/{rel}","templated":true}]}}