{"id":6147,"date":"2020-03-15T20:18:50","date_gmt":"2020-03-15T19:18:50","guid":{"rendered":"https:\/\/luba.de\/product\/erckenbrechtso-schmeckts-kindern-vegetarisch\/"},"modified":"2025-10-11T23:27:24","modified_gmt":"2025-10-11T21:27:24","slug":"erckenbrechtso-schmeckts-kindern-vegetarisch","status":"publish","type":"product","link":"https:\/\/luba.de\/en\/erckenbrechtso-schmeckts-kindern-vegetarisch\/","title":{"rendered":"So schmeckt&#8217;s Kindern vegetarisch"},"content":{"rendered":"<p>Bekommen Kinder bei einer vegetarischen Ern\u00e4hrung wirklich alles, was sie f\u00fcr ihr Wachstum und eine gesunde Entwicklung brauchen? Wie lassen sich kleine Gem\u00fcsemuffel zu gesunden Mahlzeiten verlocken? Und was k\u00f6nnen Eltern tun, die keine Zeit haben, stundenlang in der K\u00fcche zu stehen, um die lieben Kleinen rundum gut zu versorgen?<\/p>\n<p>Ihre Kinder von Anfang an ausgewogen zu ern\u00e4hren, ist der Wunsch vieler Eltern: Abwechslungsreich, gesund und lecker soll das Essen sein, das sie ihren Kindern t\u00e4glich anbieten. Immer \u00f6fter sind auch fleischfreie Gerichte gefragt. Insbesondere vegetarisch lebende Eltern fragen sich, ob diese Ern\u00e4hrung auch f\u00fcr Kinder geeignet ist.<\/p>\n<p>Mit fachkundigem Rat, zahlreichen Tipps und 150 vegetarischen Rezepten zeigt dieses Buch, dass es tats\u00e4chlich kinderleicht ist, die ganze Familie vegetarisch und gesund zu ern\u00e4hren. Neben vielen praktischen Hinweisen und Erkl\u00e4rungen kommt vor allem der Spa\u00df am Essen zu seinem Recht. Alle Rezepte sind vollwertig und wurden im Alltag erfolgreich mit Kindern erprobt. Jenseits von Hamburgern und Pommes frites gibt es eine Vielzahl neuer Lieblingsgerichte zu entdecken &#8211; Veggi-Kids wissen, was wirklich gut schmeckt!<\/p>\n","protected":false},"excerpt":{"rendered":"<p>Bekommen Kinder bei einer vegetarischen Ern\u00e4hrung wirklich alles, was sie f\u00fcr ihr Wachstum und eine gesunde Entwicklung brauchen? Wie lassen sich kleine Gem\u00fcsemuffel zu gesunden Mahlzeiten verlocken? Und was k\u00f6nnen Eltern tun, die keine Zeit haben, stundenlang in der K\u00fcche zu stehen, um die lieben Kleinen rundum gut zu versorgen? Ihre Kinder von Anfang an [&#8230;]\n","protected":false},"featured_media":14882,"comment_status":"closed","ping_status":"closed","template":"","meta":{"_acf_changed":false},"pwb-brand":[1129],"product_brand":[],"product_cat":[905,988],"product_tag":[906],"class_list":{"0":"post-6147","1":"product","2":"type-product","3":"status-publish","4":"has-post-thumbnail","6":"pwb-brand-pala-en","7":"product_cat-books","8":"product_cat-recipes","9":"product_tag-books","11":"first","12":"instock","13":"taxable","14":"shipping-taxable","15":"purchasable","16":"product-type-simple"},"bundled_by":[],"bundle_stock_status":"instock","bundle_stock_quantity":8,"bundle_virtual":false,"bundle_layout":"","bundle_add_to_cart_form_location":"","bundle_editable_in_cart":false,"bundle_sold_individually_context":"","bundle_item_grouping":"","bundle_min_size":"","bundle_max_size":"","bundle_price":[],"bundled_items":[],"bundle_sell_ids":[],"exclude_global_add_ons":[],"addons":[],"acf":[],"brands":[{"id":1129,"name":"Pala","slug":"pala-en"}],"_links":{"self":[{"href":"https:\/\/luba.de\/en\/wp-json\/wp\/v2\/product\/6147","targetHints":{"allow":["GET"]}}],"collection":[{"href":"https:\/\/luba.de\/en\/wp-json\/wp\/v2\/product"}],"about":[{"href":"https:\/\/luba.de\/en\/wp-json\/wp\/v2\/types\/product"}],"replies":[{"embeddable":true,"href":"https:\/\/luba.de\/en\/wp-json\/wp\/v2\/comments?post=6147"}],"wp:featuredmedia":[{"embeddable":true,"href":"https:\/\/luba.de\/en\/wp-json\/wp\/v2\/media\/14882"}],"wp:attachment":[{"href":"https:\/\/luba.de\/en\/wp-json\/wp\/v2\/media?parent=6147"}],"wp:term":[{"taxonomy":"pwb-brand","embeddable":true,"href":"https:\/\/luba.de\/en\/wp-json\/wp\/v2\/pwb-brand?post=6147"},{"taxonomy":"product_brand","embeddable":true,"href":"https:\/\/luba.de\/en\/wp-json\/wp\/v2\/product_brand?post=6147"},{"taxonomy":"product_cat","embeddable":true,"href":"https:\/\/luba.de\/en\/wp-json\/wp\/v2\/product_cat?post=6147"},{"taxonomy":"product_tag","embeddable":true,"href":"https:\/\/luba.de\/en\/wp-json\/wp\/v2\/product_tag?post=6147"}],"curies":[{"name":"wp","href":"https:\/\/api.w.org\/{rel}","templated":true}]}}