{"id":6162,"date":"2020-03-15T20:18:50","date_gmt":"2020-03-15T19:18:50","guid":{"rendered":"https:\/\/luba.de\/product\/holzschuessel-30cm-linde-2-wahl\/"},"modified":"2026-02-02T09:23:59","modified_gmt":"2026-02-02T08:23:59","slug":"holzschuessel-30cm-linde-2-wahl","status":"publish","type":"product","link":"https:\/\/luba.de\/en\/holzschuessel-30cm-linde-2-wahl\/","title":{"rendered":"Holzsch\u00fcssel 30 cm Linde 2. Wahl"},"content":{"rendered":"<p>Lindenholzsch\u00fcssel naturbehandelt, als Auffanggef\u00e4\u00df f\u00fcr Ihre Getreidem\u00fchle \u2013 auch f\u00fcr Obst, Brot oder Geb\u00e4ck gut geeignet.<\/p>\n<p><strong>2. Wahl, nur optische Makel, keine Risse!<\/strong><br \/>\nKann dunkle Flecken von nat\u00fcrlichen Astl\u00f6chern oder auch gr\u00e4uliche Verf\u00e4rbungen, die wie Verschmutzung aussehen, aber auch im Holz sind haben.<\/p>\n","protected":false},"excerpt":{"rendered":"<p>Lindenholzsch\u00fcssel naturbehandelt, als Auffanggef\u00e4\u00df f\u00fcr Ihre Getreidem\u00fchle \u2013 auch f\u00fcr Obst, Brot oder Geb\u00e4ck gut geeignet. 2. Wahl, nur optische Makel, keine Risse! Kann dunkle Flecken von nat\u00fcrlichen Astl\u00f6chern oder auch gr\u00e4uliche Verf\u00e4rbungen, die wie Verschmutzung aussehen, aber auch im Holz sind haben.<\/p>\n","protected":false},"featured_media":13718,"comment_status":"closed","ping_status":"closed","template":"","meta":{"_acf_changed":false},"pwb-brand":[1185],"product_brand":[],"product_cat":[909],"product_tag":[],"class_list":{"0":"post-6162","1":"product","2":"type-product","3":"status-publish","4":"has-post-thumbnail","6":"pwb-brand-malom-en","7":"product_cat-bowls-en","9":"first","10":"instock","11":"taxable","12":"shipping-taxable","13":"purchasable","14":"product-type-simple"},"bundled_by":[],"bundle_stock_status":"instock","bundle_stock_quantity":45,"bundle_virtual":false,"bundle_layout":"","bundle_add_to_cart_form_location":"","bundle_editable_in_cart":false,"bundle_sold_individually_context":"","bundle_item_grouping":"","bundle_min_size":"","bundle_max_size":"","bundle_price":[],"bundled_items":[],"bundle_sell_ids":[],"exclude_global_add_ons":[],"addons":[],"acf":[],"brands":[{"id":1185,"name":"Malom","slug":"malom-en"}],"_links":{"self":[{"href":"https:\/\/luba.de\/en\/wp-json\/wp\/v2\/product\/6162","targetHints":{"allow":["GET"]}}],"collection":[{"href":"https:\/\/luba.de\/en\/wp-json\/wp\/v2\/product"}],"about":[{"href":"https:\/\/luba.de\/en\/wp-json\/wp\/v2\/types\/product"}],"replies":[{"embeddable":true,"href":"https:\/\/luba.de\/en\/wp-json\/wp\/v2\/comments?post=6162"}],"wp:featuredmedia":[{"embeddable":true,"href":"https:\/\/luba.de\/en\/wp-json\/wp\/v2\/media\/13718"}],"wp:attachment":[{"href":"https:\/\/luba.de\/en\/wp-json\/wp\/v2\/media?parent=6162"}],"wp:term":[{"taxonomy":"pwb-brand","embeddable":true,"href":"https:\/\/luba.de\/en\/wp-json\/wp\/v2\/pwb-brand?post=6162"},{"taxonomy":"product_brand","embeddable":true,"href":"https:\/\/luba.de\/en\/wp-json\/wp\/v2\/product_brand?post=6162"},{"taxonomy":"product_cat","embeddable":true,"href":"https:\/\/luba.de\/en\/wp-json\/wp\/v2\/product_cat?post=6162"},{"taxonomy":"product_tag","embeddable":true,"href":"https:\/\/luba.de\/en\/wp-json\/wp\/v2\/product_tag?post=6162"}],"curies":[{"name":"wp","href":"https:\/\/api.w.org\/{rel}","templated":true}]}}