{"id":6172,"date":"2020-03-15T20:18:16","date_gmt":"2020-03-15T19:18:16","guid":{"rendered":"https:\/\/luba.de\/product\/blendtec-commercial-fourside-jar\/"},"modified":"2026-03-18T15:58:29","modified_gmt":"2026-03-18T14:58:29","slug":"blendtec-commercial-fourside-jar","status":"publish","type":"product","link":"https:\/\/luba.de\/en\/blendtec-commercial-fourside-jar\/","title":{"rendered":"Blendtec Commercial Fourside Jar"},"content":{"rendered":"<h2>Der original quadratische Blendtec Beh\u00e4lter FourSide Jar<\/h2>\n<p>Als er auf den Markt eingef\u00fchrt wurde, setzte der FourSide Beh\u00e4lter einen neuen Trend auf dem kommerziellen Blender Markt. Es war daher keine \u00dcberraschung, dass er Gewerblich rund um den Globus so beliebt sein w\u00fcrde. Der FourSide Beh\u00e4lter ist kompatibel mit allen Blendtec Modellen.<\/p>\n<p>Der FourSide Jar nutzt die Leistung Ihres Blendtec Mixer effektiv.<\/p>\n<ul>\n<li>Die stumpfe Sicherheitsklinge ist dicker und st\u00e4rker als andere Klingen auf dem Markt<\/li>\n<li>Die Beh\u00e4lter ist aus schlagfestem, BPA freiem Co-polyester hergestellt<\/li>\n<li>Kompatibel mit allen BlendtecBlendern.<\/li>\n<\/ul>\n<h3>Der FourSide ist ideal f\u00fcr<\/h3>\n<ul>\n<li>Eis<\/li>\n<li>Smoothies<\/li>\n<li>Mahlen von Getreide<\/li>\n<li>Suppen<\/li>\n<li>Dips und Ausbackteig<\/li>\n<\/ul>\n<p>Die quadratische Form des FourSide Jars mixt viel besser als traditionelle runde Beh\u00e4lter. Das Gef\u00e4\u00df erzeugt auch mehr Reibung, welches zur Erw\u00e4rmung von Suppen und hei\u00dfen Getr\u00e4nken hilfreich ist. Es ist auch besonders gut zum Mahlen von Getreide und die Herstellung kleinerer Mengen.<\/p>\n<ul>\n<li>Fassungsverm\u00f6gen: 2 L mit Strichen zur Messung bis zu 1 L.<\/li>\n<li>Beh\u00e4lter Ma\u00dfe: H x B 23 x 14 cm (10 cm breit direkt \u00fcber der Basis)<\/li>\n<li>Verpackungsma\u00dfe: HxBxT: 24 x 18 x 18 cm<\/li>\n<li>Gewicht: 680 Gramm<\/li>\n<li>1 Jahr Garantie bei Gewerblicher Nutzung<\/li>\n<\/ul>\n<p>Der FourSide Beh\u00e4lter ist kompatibel mit allen Blendtec-Blendern.<\/p>\n<p><strong>Der transparente FourSide Jar kommt mit dem Latching Lid Deckel.<\/strong><br \/>\n<strong>Die farbigen FourSide Jars kommen mit einem harten Deckel in der selben Farbe.<\/strong><\/p>\n<h3>Farbige Varianten<\/h3>\n<p>Diese Beh\u00e4lter sind in kommerzieller Umgebung gro\u00dfartig um sicherzustellen, dass z.B. Milchprodukte und Rezepte auf Soja-Basis nicht durcheinander geraten. Farbige Beh\u00e4lter und Deckel machen es Ihnen und Ihren Mitarbeitern leicht, jedes Mal schnell den richtigen Beh\u00e4lter auszuw\u00e4hlen, um eine Kreuzkontamination von Allergenen zu verhindern.<\/p>\n<p>Der Gelbe Beh\u00e4lter wird im Gewerbe meist f\u00fcr Laktosefreie Produkte genutzt. Sie k\u00f6nnen den Beh\u00e4lter jedoch wie unsere Farblose Variante f\u00fcr alles andere verwenden.<br \/>\nDer rote Beh\u00e4lter wird im Gewerbe meist f\u00fcr Nussfreie oder Soyahaltige Rezepte genutzt. Sie k\u00f6nnen den Beh\u00e4lter jedoch wie unsere farblose Variante f\u00fcr alles andere verwenden.<\/p>\n","protected":false},"excerpt":{"rendered":"<p>Der original quadratische Blendtec Beh\u00e4lter FourSide Jar Als er auf den Markt eingef\u00fchrt wurde, setzte der FourSide Beh\u00e4lter einen neuen Trend auf dem kommerziellen Blender Markt. Es war daher keine \u00dcberraschung, dass er Gewerblich rund um den Globus so beliebt sein w\u00fcrde. Der FourSide Beh\u00e4lter ist kompatibel mit allen Blendtec Modellen. Der FourSide Jar nutzt [&#8230;]\n","protected":false},"featured_media":22603,"comment_status":"closed","ping_status":"closed","template":"","meta":{"_acf_changed":false},"pwb-brand":[1233],"product_brand":[],"product_cat":[853],"product_tag":[854],"class_list":{"0":"post-6172","1":"product","2":"type-product","3":"status-publish","4":"has-post-thumbnail","6":"pwb-brand-blendtec-en","7":"product_cat-accessories-for-blendtec-commercial","8":"product_tag-blendtec-en","10":"first","11":"outofstock","12":"sale","13":"taxable","14":"shipping-taxable","15":"purchasable","16":"product-type-variable"},"bundled_by":[],"bundle_stock_status":"outofstock","bundle_stock_quantity":-19,"bundle_virtual":false,"bundle_layout":"","bundle_add_to_cart_form_location":"","bundle_editable_in_cart":false,"bundle_sold_individually_context":"","bundle_item_grouping":"","bundle_min_size":"","bundle_max_size":"","bundle_price":[],"bundled_items":[],"bundle_sell_ids":[],"exclude_global_add_ons":[],"addons":[],"acf":[],"brands":[{"id":1233,"name":"Blendtec","slug":"blendtec-en"}],"_links":{"self":[{"href":"https:\/\/luba.de\/en\/wp-json\/wp\/v2\/product\/6172","targetHints":{"allow":["GET"]}}],"collection":[{"href":"https:\/\/luba.de\/en\/wp-json\/wp\/v2\/product"}],"about":[{"href":"https:\/\/luba.de\/en\/wp-json\/wp\/v2\/types\/product"}],"replies":[{"embeddable":true,"href":"https:\/\/luba.de\/en\/wp-json\/wp\/v2\/comments?post=6172"}],"wp:featuredmedia":[{"embeddable":true,"href":"https:\/\/luba.de\/en\/wp-json\/wp\/v2\/media\/22603"}],"wp:attachment":[{"href":"https:\/\/luba.de\/en\/wp-json\/wp\/v2\/media?parent=6172"}],"wp:term":[{"taxonomy":"pwb-brand","embeddable":true,"href":"https:\/\/luba.de\/en\/wp-json\/wp\/v2\/pwb-brand?post=6172"},{"taxonomy":"product_brand","embeddable":true,"href":"https:\/\/luba.de\/en\/wp-json\/wp\/v2\/product_brand?post=6172"},{"taxonomy":"product_cat","embeddable":true,"href":"https:\/\/luba.de\/en\/wp-json\/wp\/v2\/product_cat?post=6172"},{"taxonomy":"product_tag","embeddable":true,"href":"https:\/\/luba.de\/en\/wp-json\/wp\/v2\/product_tag?post=6172"}],"curies":[{"name":"wp","href":"https:\/\/api.w.org\/{rel}","templated":true}]}}