{"id":6175,"date":"2020-03-15T20:18:16","date_gmt":"2020-03-15T19:18:16","guid":{"rendered":"https:\/\/luba.de\/product\/trommelset-mit-nr-4-5-und-6-fuer-kenwood\/"},"modified":"2025-10-11T23:53:59","modified_gmt":"2025-10-11T21:53:59","slug":"trommelset-mit-nr-4-5-und-6-fuer-kenwood","status":"publish","type":"product","link":"https:\/\/luba.de\/en\/trommelset-mit-nr-4-5-und-6-fuer-kenwood\/","title":{"rendered":"Trommelset mit Nr. 4, 5 und 6 f\u00fcr Kenwood"},"content":{"rendered":"<h3>Das Zusatztrommelset f\u00fcr Kenwood Gem\u00fcseschneidervorsatz beinhaltet 3 Edelstahltrommeln:<\/h3>\n<p>Nr. 4: Feine Raspeltrommel f\u00fcr K\u00e4se, N\u00fcsse, Schokolade, trockene Br\u00f6tchen.<br \/>\nNr. 5: Julienne-Raspel f\u00fcr Gem\u00fcse wie Sellerie, Karotten, Kohlrabi, Zucchini usw.<br \/>\nNr. 6: Kronenreibe f\u00fcr rohe oder gekochte Kartoffeln.<\/p>\n","protected":false},"excerpt":{"rendered":"<p><strong>mit Twist Anschluss bis 2017<\/strong><\/p>\n","protected":false},"featured_media":24678,"comment_status":"closed","ping_status":"closed","template":"","meta":{"_acf_changed":false},"pwb-brand":[1163],"product_brand":[],"product_cat":[878,879],"product_tag":[],"class_list":{"0":"post-6175","1":"product","2":"type-product","3":"status-publish","4":"has-post-thumbnail","6":"pwb-brand-messerschmidt-en","7":"product_cat-kenwood-kuechenmaschienen-zubehoer-en","8":"product_cat-kitchen-appliance-accessories","10":"first","11":"instock","12":"taxable","13":"shipping-taxable","14":"purchasable","15":"product-type-simple"},"bundled_by":[],"bundle_stock_status":"instock","bundle_stock_quantity":10,"bundle_virtual":false,"bundle_layout":"","bundle_add_to_cart_form_location":"","bundle_editable_in_cart":false,"bundle_sold_individually_context":"","bundle_item_grouping":"","bundle_min_size":"","bundle_max_size":"","bundle_price":[],"bundled_items":[],"bundle_sell_ids":[],"exclude_global_add_ons":[],"addons":[],"acf":[],"brands":[{"id":1163,"name":"Messerschmidt","slug":"messerschmidt-en"}],"_links":{"self":[{"href":"https:\/\/luba.de\/en\/wp-json\/wp\/v2\/product\/6175","targetHints":{"allow":["GET"]}}],"collection":[{"href":"https:\/\/luba.de\/en\/wp-json\/wp\/v2\/product"}],"about":[{"href":"https:\/\/luba.de\/en\/wp-json\/wp\/v2\/types\/product"}],"replies":[{"embeddable":true,"href":"https:\/\/luba.de\/en\/wp-json\/wp\/v2\/comments?post=6175"}],"wp:featuredmedia":[{"embeddable":true,"href":"https:\/\/luba.de\/en\/wp-json\/wp\/v2\/media\/24678"}],"wp:attachment":[{"href":"https:\/\/luba.de\/en\/wp-json\/wp\/v2\/media?parent=6175"}],"wp:term":[{"taxonomy":"pwb-brand","embeddable":true,"href":"https:\/\/luba.de\/en\/wp-json\/wp\/v2\/pwb-brand?post=6175"},{"taxonomy":"product_brand","embeddable":true,"href":"https:\/\/luba.de\/en\/wp-json\/wp\/v2\/product_brand?post=6175"},{"taxonomy":"product_cat","embeddable":true,"href":"https:\/\/luba.de\/en\/wp-json\/wp\/v2\/product_cat?post=6175"},{"taxonomy":"product_tag","embeddable":true,"href":"https:\/\/luba.de\/en\/wp-json\/wp\/v2\/product_tag?post=6175"}],"curies":[{"name":"wp","href":"https:\/\/api.w.org\/{rel}","templated":true}]}}