{"id":6190,"date":"2020-03-15T20:18:16","date_gmt":"2020-03-15T19:18:16","guid":{"rendered":"https:\/\/luba.de\/product\/blendtec-stealth-895-nbs\/"},"modified":"2026-04-08T09:09:08","modified_gmt":"2026-04-08T07:09:08","slug":"stealth-895-nitro","status":"publish","type":"product","link":"https:\/\/luba.de\/en\/stealth-895-nitro\/","title":{"rendered":"Stealth 895 Nitro"},"content":{"rendered":"<h2>Stealth 895 Nitro &#8211; MIXEN OHNE GEF\u00c4SSE, DIE SPITZE DER INNOVATION<\/h2>\n<p>Warum sollten Sie Zutaten verschwenden, wenn Sie erstaunlich proportionierte Getr\u00e4nke und Smoothies direkt in der Tasse mischen k\u00f6nnen, die Sie Ihren Kunden geben? Das Nitro Blending System minimiert den Abfall, spart Zeit und erh\u00f6ht Ihre Gewinnspanne. Jeder Stealth Nitro wird mit zwei Mikronisatoren und zwei Becherst\u00e4ndern geliefert.<\/p>\n\n\t<section class=\"section\" id=\"section_759764234\">\n\t\t<div class=\"section-bg fill\" >\n\t\t\t\t\t\t\t\t\t\n\t\t\t\n\n\t\t<\/div>\n\n\t\t\n\n\t\t<div class=\"section-content relative\">\n\t\t\t\n<div class=\"row row-large row-full-width\"  id=\"row-200919959\">\n\n\t<div id=\"col-419593161\" class=\"col medium-7 small-12 large-7\"  >\n\t\t\t\t<div class=\"col-inner text-left\"  >\n\t\t\t\n\t\t\t\n<h3>NITRO BLENDING SYSTEM<\/h3>\n<p>Sparen Sie im Schnitt \u20ac10.000 pro Jahr an Lebensmittelkosten durch den Umstieg auf das NBS-System. Das NBS-System erm\u00f6glicht das Mixen direkt im Papp- oder Plastikbecher, welchen der Kunde mit sich nimmt. Der Becher wird in das NBS-Modul gesetzt und mit dem Mixwerk verbunden. Sagen Sie der Lebensmittelverschwendung mit dem innovativen NBS-Design den Kampf an! Das-NBS ben\u00f6tigt genormte Becher\u00f6ffnungsma\u00dfe, damit das System 100% dicht ist w\u00e4hrend des Mixvorganges. Gerne pr\u00fcfen wir, ob Ihre bestehenden Papp- oder Plastikbecher passen, oder machen Ihnen ein Angebot f\u00fcr passende Becher.<\/p>\n\t\t<\/div>\n\t\t\t\t\t<\/div>\n\n\t\n\n\t<div id=\"col-1802090082\" class=\"col medium-5 small-12 large-5\"  >\n\t\t\t\t<div class=\"col-inner\"  >\n\t\t\t\n\t\t\t\n\t<div class=\"img has-hover x md-x lg-x y md-y lg-y\" id=\"image_1371925429\">\n\t\t\t\t\t\t\t\t<div class=\"img-inner dark\" >\n\t\t\t<img decoding=\"async\" width=\"500\" height=\"367\" src=\"https:\/\/luba.de\/wp-content\/uploads\/2023\/09\/Blendtec_Stealth-Nitro_lighter-1.jpg\" class=\"attachment-large size-large\" alt=\"\" title=\"\">\t\t\t\t\t\t\n\t\t\t\t\t<\/div>\n\t\t\t\t\t\t\t\t\n<style>\n#image_1371925429 {\n  width: 100%;\n}\n<\/style>\n\t<\/div>\n\t\n\t\t<\/div>\n\t\t\t\t\t<\/div>\n\n\t\n<\/div>\n\t\t<\/div>\n\n\t\t\n<style>\n#section_759764234 {\n  padding-top: 0px;\n  padding-bottom: 0px;\n}\n<\/style>\n\t<\/section>\n\t\n\n\t<section class=\"section\" id=\"section_537382903\">\n\t\t<div class=\"section-bg fill\" >\n\t\t\t\t\t\t\t\t\t<div class=\"section-bg-overlay absolute fill\"><\/div>\n\t\t\t\n\n\t\t<\/div>\n\n\t\t\n\n\t\t<div class=\"section-content relative\">\n\t\t\t\n<div class=\"row row-large row-full-width\"  id=\"row-198302933\">\n\n\t<div id=\"col-1774948862\" class=\"col medium-5 small-12 large-5\"  >\n\t\t\t\t<div class=\"col-inner\"  >\n\t\t\t\n\t\t\t\n\t<div class=\"img has-hover x md-x lg-x y md-y lg-y\" id=\"image_949869762\">\n\t\t\t\t\t\t\t\t<div class=\"img-inner dark\" >\n\t\t\t<img decoding=\"async\" width=\"496\" height=\"351\" src=\"https:\/\/luba.de\/wp-content\/uploads\/2023\/09\/lighter.jpeg\" class=\"attachment-large size-large\" alt=\"\" title=\"\">\t\t\t\t\t\t\n\t\t\t\t\t<\/div>\n\t\t\t\t\t\t\t\t\n<style>\n#image_949869762 {\n  width: 100%;\n}\n<\/style>\n\t<\/div>\n\t\n\t\t<\/div>\n\t\t\t\t\t<\/div>\n\n\t\n\n\t<div id=\"col-1287165078\" class=\"col medium-7 small-12 large-7\"  >\n\t\t\t\t<div class=\"col-inner text-left\"  >\n\t\t\t\n\t\t\t\n<h3>ABSOLUTE KONTROLLE<\/h3>\n<p>Der Stealth Nitro besitzt 40 vorprogrammierten Mischzyklen um Ihre beliebtesten Rezepte in perfekter Konsistenz mit nur einem Tastendruck f\u00fcr die \u00fcblichen Blendtec Beh\u00e4lter herzustellen. F\u00fcr das NBS-System gibt es 2 vorprogrammierte Mischzyklen. Jeder Mischzyklus schaltet automatisch ab, wenn er fertig ist, sodass der Mitarbeiter sich um andere Aufgaben k\u00fcmmern kann.<\/p>\n<p>Zus\u00e4tzlich ist der Stealth Nitro mit einem USB-Anschluss ausgestattet. F\u00fcr die ultimative Anpassung k\u00f6nnen Sie bis zu 14 eigens kreierten Mischprogramme auf den Stealth 895 Nitro per USB-Stick speichern. Diese benutzerdefinierten Mischprogramme k\u00f6nnen Sie mit dem Blendtec BlendWizard online erstellen. Dieses Programm kann eine unbegrenzte Anzahl von Mischzyklen erstellen und gibt Ihnen somit die volle Kontrolle, die perfekten Mischzyklen f\u00fcr Ihr Unternehmen zu kreieren.<\/p>\n\t\t<\/div>\n\t\t\t\t\n<style>\n#col-1287165078 > .col-inner {\n  max-width: 520px;\n}\n<\/style>\n\t<\/div>\n\n\t\n<\/div>\n\t\t<\/div>\n\n\t\t\n<style>\n#section_537382903 {\n  padding-top: 0px;\n  padding-bottom: 0px;\n  background-color: rgb(247, 247, 247);\n}\n#section_537382903 .section-bg-overlay {\n  background-color: rgba(255, 255, 255, 0.85);\n}\n<\/style>\n\t<\/section>\n\t\n\n\t<section class=\"section\" id=\"section_558748930\">\n\t\t<div class=\"section-bg fill\" >\n\t\t\t\t\t\t\t\t\t<div class=\"section-bg-overlay absolute fill\"><\/div>\n\t\t\t\n\n\t\t<\/div>\n\n\t\t\n\n\t\t<div class=\"section-content relative\">\n\t\t\t\n<div class=\"row row-large row-full-width\"  id=\"row-1366064922\">\n\n\t<div id=\"col-1027450558\" class=\"col medium-7 small-12 large-7\"  >\n\t\t\t\t<div class=\"col-inner text-left\"  >\n\t\t\t\n\t\t\t\n<h3>BESONDERHEITEN<\/h3>\n<ul>\n<li>Motor: 1800 Watt, 3.8 PS Maximalleistung<\/li>\n<li>Programme: 42 vorprogrammierte Zyklen inkl. 2 NBS Zyklen + Pulse<\/li>\n<li>Einfache Konvertierung zwischen Countertop und In-Counter<\/li>\n<li>Bedienung via Druckkn\u00f6pfe<\/li>\n<li>Kann das Nitro Cup System oder Blendec Beh\u00e4lter verwenden<\/li>\n<li>Schallschutzhaube: Vollst\u00e4ndig geschlossene, leicht zu reinigende Blending-Station<\/li>\n<li>Die fortschrittliche Schallschutzhaube hilft dem Mixer, den Schallpegel auf den eines normalen Gespr\u00e4ches zu reduzieren<\/li>\n<li>USB-Programmierbarkeit<\/li>\n<li>1 Jahr Arbeitsgarantie, 3 Jahre Garantie auf Teile<\/li>\n<\/ul>\n\t\t<\/div>\n\t\t\t\t\t<\/div>\n\n\t\n\n\t<div id=\"col-451130787\" class=\"col medium-5 small-12 large-5\"  >\n\t\t\t\t<div class=\"col-inner\"  >\n\t\t\t\n\t\t\t\n\t<div class=\"img has-hover x md-x lg-x y md-y lg-y\" id=\"image_340201293\">\n\t\t\t\t\t\t\t\t<div class=\"img-inner dark\" >\n\t\t\t<img decoding=\"async\" width=\"500\" height=\"367\" src=\"https:\/\/luba.de\/wp-content\/uploads\/2023\/09\/Blendtec_Stealth-Nitro_lighter.jpg\" class=\"attachment-large size-large\" alt=\"\" title=\"\">\t\t\t\t\t\t\n\t\t\t\t\t<\/div>\n\t\t\t\t\t\t\t\t\n<style>\n#image_340201293 {\n  width: 100%;\n}\n<\/style>\n\t<\/div>\n\t\n\t\t<\/div>\n\t\t\t\t\t<\/div>\n\n\t\n<\/div>\n\t\t<\/div>\n\n\t\t\n<style>\n#section_558748930 {\n  padding-top: 0px;\n  padding-bottom: 0px;\n  background-color: rgb(247, 247, 247);\n}\n#section_558748930 .section-bg-overlay {\n  background-color: rgba(255, 255, 255, 0.85);\n}\n<\/style>\n\t<\/section>\n\t\n\n\t<section class=\"section\" id=\"section_444232443\">\n\t\t<div class=\"section-bg fill\" >\n\t\t\t\t\t\t\t\t\t\n\t\t\t\n\n\t\t<\/div>\n\n\t\t\n\n\t\t<div class=\"section-content relative\">\n\t\t\t\n<div class=\"row\"  id=\"row-1684616216\">\n\n\t<div id=\"col-405949852\" class=\"col small-12 large-12\"  >\n\t\t\t\t<div class=\"col-inner\"  >\n\t\t\t\n\t\t\t\n<h3>Spart Zeit und Kosten<\/h3>\n<p>Alle Mixer von Blendtec sind f\u00fcr die besonderen Anforderungen gewerblicher Kunden ausgelegt. Die gesamte Maschine ist von oben bis unten f\u00fcr m\u00fchelose Handhabung und geringe Betriebskosten konzipiert.<\/p>\n<div>\n<h3>Stealth-Technologie<\/h3>\n<p>Der Stealth 895 kommt mit einer edlen Schallschutzhaube, mit patentierter Ger\u00e4uschd\u00e4mpfung und Luftstrominnovationen daher. Dank dieser Eigenschaften kann das Ger\u00e4t mit einem Ger\u00e4uschpegel betrieben werden, der mit einem normalen Gespr\u00e4ch vergleichbar ist, ohne dass die Leistung, f\u00fcr die Blendtec bekannt ist, beeintr\u00e4chtigt wird.\u00a0\u00a0F\u00fcr Shops, die ein niedrigeres Profil bevorzugen, ist auch ein In-Counter-Modell zum Einbauen in die Theke verf\u00fcgbar.<\/p>\n<h3>Einbau in die K\u00fcchentheke<\/h3>\n<p>Das Plastikgeh\u00e4use vom Stealth kann gegen Aufpreis mit einem Thekeneinbaugeh\u00e4use ausgeliefert werden. Mehr Informationen zum Einbau finden Sie\u00a0<a href=\"https:\/\/blendtec.de\/images\/downloads\/anleitungen\/de\/commercial\/Stealth_Einbau.pdf\" target=\"_blank\" rel=\"noopener noreferrer\">hier<\/a>.<\/p>\n<h3>Kraftvoller Ultra High Speed Motor<\/h3>\n<p>Der Stealth 895 ist ein echtes Arbeitstier mit seinem 3.8 PS starkem Industriemotor.\u00a0 Schnell und M\u00fchelos mixt er auch h\u00e4rteste Zutaten wie Eis und gefrorene Fr\u00fcchte zu einer perfekten Konsistenz, ohne mit der Wimper zu zucken. Perfekt f\u00fcr Gesch\u00e4fte mit hohem Tagesvolumen.<\/p>\n<\/div>\n\t\t<\/div>\n\t\t\t\t\t<\/div>\n\n\t\n<\/div>\n\t\t<\/div>\n\n\t\t\n<style>\n#section_444232443 {\n  padding-top: 30px;\n  padding-bottom: 30px;\n}\n<\/style>\n\t<\/section>\n\t\n\n\t<section class=\"section\" id=\"section_1126523737\">\n\t\t<div class=\"section-bg fill\" >\n\t\t\t\t\t\t\t\t\t\n\t\t\t\n\n\t\t<\/div>\n\n\t\t\n\n\t\t<div class=\"section-content relative\">\n\t\t\t\n<div class=\"row align-middle\"  id=\"row-634129587\">\n\n\t<div id=\"col-1194530886\" class=\"col medium-3 small-9 large-3\"  >\n\t\t\t\t<div class=\"col-inner\"  >\n\t\t\t\n\t\t\t\n<h3>MOTOR<\/h3>\n\t\t<\/div>\n\t\t\t\t\n<style>\n#col-1194530886 > .col-inner {\n  margin: 7% 0px 0px 0px;\n}\n<\/style>\n\t<\/div>\n\n\t\n\n\t<div id=\"col-2043462599\" class=\"col medium-8 small-12 large-8\"  >\n\t\t\t\t<div class=\"col-inner\"  >\n\t\t\t\n\t\t\t\n<p>1800 W, 8,5 A, 240 V, bis zu 3,8 PS,<\/p>\n\t\t<\/div>\n\t\t\t\t\n<style>\n#col-2043462599 > .col-inner {\n  margin: 3% 0px 0px 0px;\n}\n<\/style>\n\t<\/div>\n\n\t\n<\/div>\n<div class=\"row align-middle\"  id=\"row-211278095\">\n\n\t<div id=\"col-128159481\" class=\"col medium-3 small-9 large-3\"  >\n\t\t\t\t<div class=\"col-inner\"  >\n\t\t\t\n\t\t\t\n<h3>BEDIENUNG<\/h3>\n\t\t<\/div>\n\t\t\t\t\n<style>\n#col-128159481 > .col-inner {\n  margin: 7% 0px 0px 0px;\n}\n<\/style>\n\t<\/div>\n\n\t\n\n\t<div id=\"col-209007623\" class=\"col medium-8 small-12 large-8\"  >\n\t\t\t\t<div class=\"col-inner\"  >\n\t\t\t\n\t\t\t\n<p>LCD-Displayanzeige, Drucktasten: 5 frei belegbare Programmtasten + Pulse<\/p>\n\t\t<\/div>\n\t\t\t\t\n<style>\n#col-209007623 > .col-inner {\n  margin: 3% 0px 0px 0px;\n}\n<\/style>\n\t<\/div>\n\n\t\n<\/div>\n<div class=\"row align-middle\"  id=\"row-268392843\">\n\n\t<div id=\"col-1011117464\" class=\"col medium-3 small-9 large-3\"  >\n\t\t\t\t<div class=\"col-inner\"  >\n\t\t\t\n\t\t\t\n<h3>GER\u00c4USCHD\u00c4MMUNG<\/h3>\n\t\t<\/div>\n\t\t\t\t\n<style>\n#col-1011117464 > .col-inner {\n  margin: 7% 0px 0px 0px;\n}\n<\/style>\n\t<\/div>\n\n\t\n\n\t<div id=\"col-401590718\" class=\"col medium-8 small-12 large-8\"  >\n\t\t\t\t<div class=\"col-inner\"  >\n\t\t\t\n\t\t\t\n<p>Die Schallschutzhaube verringert das Betriebsger\u00e4usch<\/p>\n\t\t<\/div>\n\t\t\t\t\n<style>\n#col-401590718 > .col-inner {\n  margin: 3% 0px 0px 0px;\n}\n<\/style>\n\t<\/div>\n\n\t\n<\/div>\n<div class=\"row align-middle\"  id=\"row-832206354\">\n\n\t<div id=\"col-1382318597\" class=\"col medium-3 small-9 large-3\"  >\n\t\t\t\t<div class=\"col-inner\"  >\n\t\t\t\n\t\t\t\n<h3>PROGRAMME<\/h3>\n\t\t<\/div>\n\t\t\t\t\n<style>\n#col-1382318597 > .col-inner {\n  margin: 7% 0px 0px 0px;\n}\n<\/style>\n\t<\/div>\n\n\t\n\n\t<div id=\"col-230867376\" class=\"col medium-8 small-12 large-8\"  >\n\t\t\t\t<div class=\"col-inner\"  >\n\t\t\t\n\t\t\t\n<p>42 Automatikprogramme eingespeichert (inkl. 2 vordefinierte Programme f\u00fcr NBS Nutzung) sowie zugriff auf Blendtec BlendWizard um eigene Programme zu erstellen.<\/p>\n\t\t<\/div>\n\t\t\t\t\n<style>\n#col-230867376 > .col-inner {\n  margin: 3% 0px 0px 0px;\n}\n<\/style>\n\t<\/div>\n\n\t\n<\/div>\n<div class=\"row align-middle\"  id=\"row-593626207\">\n\n\t<div id=\"col-1609467572\" class=\"col medium-3 small-9 large-3\"  >\n\t\t\t\t<div class=\"col-inner\"  >\n\t\t\t\n\t\t\t\n<h3>GARANTIE<\/h3>\n\t\t<\/div>\n\t\t\t\t\n<style>\n#col-1609467572 > .col-inner {\n  margin: 7% 0px 0px 0px;\n}\n<\/style>\n\t<\/div>\n\n\t\n\n\t<div id=\"col-937730296\" class=\"col medium-8 small-12 large-8\"  >\n\t\t\t\t<div class=\"col-inner\"  >\n\t\t\t\n\t\t\t\n<p>3 Jahre auf die Motorbasis, 1 Jahr auf die Schallschutzhaube, 1 Jahr auf den Beh\u00e4lter.<\/p>\n<p>Innerhalb der gesamten Garantiezeit \u00fcbernimmt Blendtec 100% der Materialkosten.\u00a0 Innerhalb des ersten Jahres \u00fcbernimmt Blendtec ebenso die Lohnkosten der autorisierten Reparaturwerkstatt bei Garantief\u00e4llen.<\/p>\n\t\t<\/div>\n\t\t\t\t\n<style>\n#col-937730296 > .col-inner {\n  margin: 3% 0px 0px 0px;\n}\n<\/style>\n\t<\/div>\n\n\t\n<\/div>\n<div class=\"row align-middle\"  id=\"row-419421825\">\n\n\t<div id=\"col-336363164\" class=\"col medium-3 small-9 large-3\"  >\n\t\t\t\t<div class=\"col-inner\"  >\n\t\t\t\n\t\t\t\n<h3>ABMESSUNGEN<\/h3>\n\t\t<\/div>\n\t\t\t\t\n<style>\n#col-336363164 > .col-inner {\n  margin: 7% 0px 0px 0px;\n}\n<\/style>\n\t<\/div>\n\n\t\n\n\t<div id=\"col-2003163759\" class=\"col medium-8 small-12 large-8\"  >\n\t\t\t\t<div class=\"col-inner\"  >\n\t\t\t\n\t\t\t\n<p>H: 43,9 cm<br \/>\nW: 22,9 cm<br \/>\nD: 21,8 cm<\/p>\n\t\t<\/div>\n\t\t\t\t\n<style>\n#col-2003163759 > .col-inner {\n  margin: 3% 0px 0px 0px;\n}\n<\/style>\n\t<\/div>\n\n\t\n<\/div>\n<div class=\"row align-middle\"  id=\"row-1426651436\">\n\n\t<div id=\"col-425865547\" class=\"col medium-3 small-5 large-3\"  >\n\t\t\t\t<div class=\"col-inner\"  >\n\t\t\t\n\t\t\t\n<h3>GEWICHT<\/h3>\n\t\t<\/div>\n\t\t\t\t\n<style>\n#col-425865547 > .col-inner {\n  margin: 7% 0px 0px 0px;\n}\n<\/style>\n\t<\/div>\n\n\t\n\n\t<div id=\"col-2138869360\" class=\"col medium-8 small-12 large-8\"  >\n\t\t\t\t<div class=\"col-inner\"  >\n\t\t\t\n\t\t\t\n<p>7.2 Kg<\/p>\n\t\t<\/div>\n\t\t\t\t\n<style>\n#col-2138869360 > .col-inner {\n  margin: 3% 0px 0px 0px;\n}\n<\/style>\n\t<\/div>\n\n\t\n<\/div>\n<div class=\"row align-middle\"  id=\"row-2078882182\">\n\n\t<div id=\"col-1826096238\" class=\"col medium-3 small-5 large-3\"  >\n\t\t\t\t<div class=\"col-inner\"  >\n\t\t\t\n\t\t\t\n<h3>WEITERES<\/h3>\n\t\t<\/div>\n\t\t\t\t\n<style>\n#col-1826096238 > .col-inner {\n  margin: 7% 0px 0px 0px;\n}\n<\/style>\n\t<\/div>\n\n\t\n\n\t<div id=\"col-1107009694\" class=\"col medium-8 small-12 large-8\"  >\n\t\t\t\t<div class=\"col-inner\"  >\n\t\t\t\n\t\t\t\n<p>Einbauf\u00e4hig<\/p>\n\t\t<\/div>\n\t\t\t\t\n<style>\n#col-1107009694 > .col-inner {\n  margin: 3% 0px 0px 0px;\n}\n<\/style>\n\t<\/div>\n\n\t\n<\/div>\n<div class=\"row\"  id=\"row-1225482121\">\n\n\t<div id=\"col-1189139662\" class=\"col medium-3 small-9 large-3\"  >\n\t\t\t\t<div class=\"col-inner\"  >\n\t\t\t\n\t\t\t\n<h3>ZERTIFIKATE<\/h3>\n\t\t<\/div>\n\t\t\t\t\n<style>\n#col-1189139662 > .col-inner {\n  margin: 7% 0px 0px 0px;\n}\n<\/style>\n\t<\/div>\n\n\t\n\n\t<div id=\"col-1675635098\" class=\"col medium-8 small-12 large-8\"  >\n\t\t\t\t<div class=\"col-inner\"  >\n\t\t\t\n\t\t\t\n<div class=\"col-xs-7 col-sm-4 col-md-8\"><a title=\"NFS Mark\" href=\"http:\/\/www.nsf.org\/about-nsf\/nsf-mark\/\" target=\"_blank\" rel=\"noopener noreferrer\"><img decoding=\"async\" class=\"alignnone wp-image-2907\" src=\"https:\/\/blendtec.de\/wp-content\/uploads\/2018\/12\/1-ETL.jpg\" alt=\"\" width=\"67\" height=\"50\" title=\"\"><img decoding=\"async\" class=\"alignnone wp-image-2909\" src=\"https:\/\/blendtec.de\/wp-content\/uploads\/2018\/12\/2-NSF.jpg\" alt=\"\" width=\"50\" height=\"50\" title=\"\"><img decoding=\"async\" class=\"alignnone wp-image-2911\" src=\"https:\/\/blendtec.de\/wp-content\/uploads\/2018\/12\/3-CE.jpg\" alt=\"\" width=\"70\" height=\"50\" title=\"\"><img decoding=\"async\" class=\"alignnone wp-image-2913\" src=\"https:\/\/blendtec.de\/wp-content\/uploads\/2018\/12\/4-RoHS.jpg\" alt=\"\" width=\"83\" height=\"50\" title=\"\"><img decoding=\"async\" class=\"alignnone wp-image-2915\" src=\"https:\/\/blendtec.de\/wp-content\/uploads\/2018\/12\/5-FoodSafe.jpg\" alt=\"\" width=\"49\" height=\"50\" title=\"\"><img decoding=\"async\" class=\"alignnone wp-image-2917\" src=\"https:\/\/blendtec.de\/wp-content\/uploads\/2018\/12\/6-NOM.jpg\" alt=\"\" width=\"53\" height=\"50\" title=\"\"><img decoding=\"async\" class=\"alignnone wp-image-2919\" src=\"https:\/\/blendtec.de\/wp-content\/uploads\/2018\/12\/7-KC.jpg\" alt=\"\" width=\"32\" height=\"49\" title=\"\"><img decoding=\"async\" class=\"alignnone wp-image-2921\" src=\"https:\/\/blendtec.de\/wp-content\/uploads\/2018\/12\/8-Tick.jpg\" alt=\"\" width=\"67\" height=\"50\" title=\"\"><img decoding=\"async\" class=\"alignnone wp-image-2923\" src=\"https:\/\/blendtec.de\/wp-content\/uploads\/2018\/12\/9-bsmi.jpg\" alt=\"\" width=\"50\" height=\"50\" title=\"\"><\/a><\/div>\n\t\t<\/div>\n\t\t\t\t\n<style>\n#col-1675635098 > .col-inner {\n  margin: 3% 0px 0px 0px;\n}\n<\/style>\n\t<\/div>\n\n\t\n<\/div>\n\t\t<\/div>\n\n\t\t\n<style>\n#section_1126523737 {\n  padding-top: 30px;\n  padding-bottom: 30px;\n}\n<\/style>\n\t<\/section>\n\t\n","protected":false},"excerpt":{"rendered":"<p>ERLEBEN SIE DIE GESPR\u00c4CHSFREUNDLICHE UMGEBUNG DES STEALTH<br \/>\nDer Stealth Nitro verf\u00fcgt \u00fcber ein elegantes Schallschutzgeh\u00e4use und firmeneigene Luftstrominnovationen, die den Betrieb auf dem Ger\u00e4uschpegel einer normalen Unterhaltung erm\u00f6glichen.<\/p>\n","protected":false},"featured_media":20047,"comment_status":"closed","ping_status":"closed","template":"","meta":{"_acf_changed":false},"pwb-brand":[1233],"product_brand":[],"product_cat":[855],"product_tag":[854],"class_list":{"0":"post-6190","1":"product","2":"type-product","3":"status-publish","4":"has-post-thumbnail","6":"pwb-brand-blendtec-en","7":"product_cat-mixer-blender-commercial","8":"product_tag-blendtec-en","10":"first","11":"instock","12":"taxable","13":"shipping-taxable","14":"purchasable","15":"product-type-variable"},"bundled_by":[],"bundle_stock_status":"instock","bundle_stock_quantity":100,"bundle_virtual":false,"bundle_layout":"","bundle_add_to_cart_form_location":"","bundle_editable_in_cart":false,"bundle_sold_individually_context":"","bundle_item_grouping":"","bundle_min_size":"","bundle_max_size":"","bundle_price":[],"bundled_items":[],"bundle_sell_ids":[],"exclude_global_add_ons":[],"addons":[],"acf":[],"brands":[{"id":1233,"name":"Blendtec","slug":"blendtec-en"}],"_links":{"self":[{"href":"https:\/\/luba.de\/en\/wp-json\/wp\/v2\/product\/6190","targetHints":{"allow":["GET"]}}],"collection":[{"href":"https:\/\/luba.de\/en\/wp-json\/wp\/v2\/product"}],"about":[{"href":"https:\/\/luba.de\/en\/wp-json\/wp\/v2\/types\/product"}],"replies":[{"embeddable":true,"href":"https:\/\/luba.de\/en\/wp-json\/wp\/v2\/comments?post=6190"}],"wp:featuredmedia":[{"embeddable":true,"href":"https:\/\/luba.de\/en\/wp-json\/wp\/v2\/media\/20047"}],"wp:attachment":[{"href":"https:\/\/luba.de\/en\/wp-json\/wp\/v2\/media?parent=6190"}],"wp:term":[{"taxonomy":"pwb-brand","embeddable":true,"href":"https:\/\/luba.de\/en\/wp-json\/wp\/v2\/pwb-brand?post=6190"},{"taxonomy":"product_brand","embeddable":true,"href":"https:\/\/luba.de\/en\/wp-json\/wp\/v2\/product_brand?post=6190"},{"taxonomy":"product_cat","embeddable":true,"href":"https:\/\/luba.de\/en\/wp-json\/wp\/v2\/product_cat?post=6190"},{"taxonomy":"product_tag","embeddable":true,"href":"https:\/\/luba.de\/en\/wp-json\/wp\/v2\/product_tag?post=6190"}],"curies":[{"name":"wp","href":"https:\/\/api.w.org\/{rel}","templated":true}]}}