{"id":6196,"date":"2020-03-15T20:18:16","date_gmt":"2020-03-15T19:18:16","guid":{"rendered":"https:\/\/luba.de\/product\/blendtec-stealth-885\/"},"modified":"2025-06-03T07:00:33","modified_gmt":"2025-06-03T05:00:33","slug":"blendtec-stealth-885","status":"publish","type":"product","link":"https:\/\/luba.de\/en\/blendtec-stealth-885\/","title":{"rendered":"Blendtec Stealth 885"},"content":{"rendered":"<h2>Blendtec Stealth 885 Mixer f\u00fcr die Gastronomie<\/h2>\n<h3>KRAFTVOLLER ULTRA HIGH-SPEED MOTOR<\/h3>\n<p>Der Blendtec Stealth 885 ist ein echtes Arbeitstier mit seinem 3.8 PS starkem Industriemotor. Schnell und m\u00fchelos mixt er auch h\u00e4rteste Zutaten wie Eis und gefrorene Fr\u00fcchte zu einer perfekten Konsistenz, ohne mit der Wimper zu zucken. Perfekt f\u00fcr Gesch\u00e4fte mit hohem Tagesvolumen.<\/p>\n<h3>ANPASSBARE ZYKLEN<\/h3>\n<p>Der Blendtec Stealth 885 besitzt 42 vorprogrammierte Mischzyklen, um Ihre beliebtesten Rezepten in perfekter Konsistenz mit nur einem Tastendruck f\u00fcr die \u00fcblichen Blendtec Beh\u00e4lter herzustellen. Jeder Misch-Zyklus schaltet automatisch ab, wenn er fertig ist, sodass der Mitarbeiter sich um andere Aufgaben k\u00fcmmern kann.<\/p>\n<p>Zus\u00e4tzlich ist der Blendtec Stealth 885 mit einem USB-Anschluss ausgestattet. F\u00fcr die ultimative Anpassung k\u00f6nnen Sie bis zu 14 eigenkreierte Mischprogramme auf den Stealth 885 per USB-Stick speichern. Diese benutzerdefinierten Misch-Programme k\u00f6nnen Sie mit dem Blendtec BlendWizard online erstellen. Dieses Programm kann eine unbegrenzte Anzahl von Mischzyklen erstellen und gibt Ihnen somit die volle Kontrolle, die perfekten Mischzyklen f\u00fcr Ihr Unternehmen zu kreieren.<\/p>\n<h3>SPART ZEIT UND KOSTEN<\/h3>\n<p>Alle Mixer von Blendtec sind f\u00fcr die besonderen Anforderungen gewerblicher Kunden ausgelegt. Die gesamte Maschine ist von oben bis unten f\u00fcr m\u00fchelose Handhabung und geringe Betriebskosten konzipiert.<\/p>\n<h3>Der Blendtec Stealth 885: Nachfolger vom beliebten Stealth 875<\/h3>\n<p>Der Blendtec Stealth 885 ist der direkte Nachfolger vom Blendtec Stealth 875. Auch wenn der Stealth 875 eins der beliebtesten gewerblichen Hochleistungsmixer weltweit war, ruhen wir uns nat\u00fcrlich nicht auf unseren Lorbeeren aus. Die wohl wichtigste Erneuerung ist das es kein Touchscreen mehr hat, sondern per Druckkn\u00f6pfe bedient wird. Dass bedeutet das es auch mit nassen Fingern einwandfrei verwendet werden kann.<\/p>\n<h3>BESONDERHEITEN<\/h3>\n<ul>\n<li>Motor: 1800 Watt, 3.8 PS Maximalleistung<\/li>\n<li>Programme: 42 vorprogrammierte Zyklen + Pulse<\/li>\n<li>Einfache Konvertierung zwischen Countertop und In-Counter<\/li>\n<\/ul>\n<h3>Innovatives Design<\/h3>\n<p>Das innovative Design und die Funktionalit\u00e4t des Stealth 885 bieten ein fortschrittliches und dennoch benutzerfreundliches Mix-Erlebnis. F\u00fcr Kunden, die ein niedrigeres Profil bevorzugen, ist auch ein In-Counter-Modell verf\u00fcgbar zum Einbauen in Theke.<\/p>\n","protected":false},"excerpt":{"rendered":"<p>Keine Kompromisse, das ist der Blendtec Stealth 885. Der leiseste Mixer seiner Klasse jedoch mit enormer Power, denn 1800 Watt sorgen daf\u00fcr, das er zuverl\u00e4ssig seine Arbeit macht, ohne zu \u00fcberhitzen.<\/p>\n","protected":false},"featured_media":6197,"comment_status":"closed","ping_status":"closed","template":"","meta":{"_acf_changed":false},"pwb-brand":[1233],"product_brand":[],"product_cat":[855],"product_tag":[854],"class_list":{"0":"post-6196","1":"product","2":"type-product","3":"status-publish","4":"has-post-thumbnail","6":"pwb-brand-blendtec-en","7":"product_cat-mixer-blender-commercial","8":"product_tag-blendtec-en","10":"first","11":"instock","12":"taxable","13":"shipping-taxable","14":"purchasable","15":"product-type-variable"},"bundled_by":[],"bundle_stock_status":"instock","bundle_stock_quantity":1000,"bundle_virtual":false,"bundle_layout":"","bundle_add_to_cart_form_location":"","bundle_editable_in_cart":false,"bundle_sold_individually_context":"","bundle_item_grouping":"","bundle_min_size":"","bundle_max_size":"","bundle_price":[],"bundled_items":[],"bundle_sell_ids":[],"exclude_global_add_ons":[],"addons":[],"acf":[],"brands":[{"id":1233,"name":"Blendtec","slug":"blendtec-en"}],"_links":{"self":[{"href":"https:\/\/luba.de\/en\/wp-json\/wp\/v2\/product\/6196","targetHints":{"allow":["GET"]}}],"collection":[{"href":"https:\/\/luba.de\/en\/wp-json\/wp\/v2\/product"}],"about":[{"href":"https:\/\/luba.de\/en\/wp-json\/wp\/v2\/types\/product"}],"replies":[{"embeddable":true,"href":"https:\/\/luba.de\/en\/wp-json\/wp\/v2\/comments?post=6196"}],"wp:featuredmedia":[{"embeddable":true,"href":"https:\/\/luba.de\/en\/wp-json\/wp\/v2\/media\/6197"}],"wp:attachment":[{"href":"https:\/\/luba.de\/en\/wp-json\/wp\/v2\/media?parent=6196"}],"wp:term":[{"taxonomy":"pwb-brand","embeddable":true,"href":"https:\/\/luba.de\/en\/wp-json\/wp\/v2\/pwb-brand?post=6196"},{"taxonomy":"product_brand","embeddable":true,"href":"https:\/\/luba.de\/en\/wp-json\/wp\/v2\/product_brand?post=6196"},{"taxonomy":"product_cat","embeddable":true,"href":"https:\/\/luba.de\/en\/wp-json\/wp\/v2\/product_cat?post=6196"},{"taxonomy":"product_tag","embeddable":true,"href":"https:\/\/luba.de\/en\/wp-json\/wp\/v2\/product_tag?post=6196"}],"curies":[{"name":"wp","href":"https:\/\/api.w.org\/{rel}","templated":true}]}}