{"id":6201,"date":"2020-03-15T20:17:59","date_gmt":"2020-03-15T19:17:59","guid":{"rendered":"https:\/\/luba.de\/product\/kartoffeltrommel-fuer-506012\/"},"modified":"2025-10-31T14:53:22","modified_gmt":"2025-10-31T13:53:22","slug":"kartoffeltrommel-fuer-jupiter-handreibe","status":"publish","type":"product","link":"https:\/\/luba.de\/en\/kartoffeltrommel-fuer-jupiter-handreibe\/","title":{"rendered":"Kartoffeltrommel f\u00fcr Jupiter Handreibe"},"content":{"rendered":"<h2>Kartoffeltrommel f\u00fcr die Jupiter Handreibe<\/h2>\n<p>Zum Verarbeiten von Kartoffeln zum Beispiel f\u00fcr Kartoffelkl\u00f6\u00dfe<\/p>\n","protected":false},"excerpt":{"rendered":"<p>Kartoffeltrommel f\u00fcr die Jupiter Handreibe Zum Verarbeiten von Kartoffeln zum Beispiel f\u00fcr Kartoffelkl\u00f6\u00dfe<\/p>\n","protected":false},"featured_media":17880,"comment_status":"closed","ping_status":"closed","template":"","meta":{"_acf_changed":false},"pwb-brand":[1143],"product_brand":[],"product_cat":[869],"product_tag":[860],"class_list":{"0":"post-6201","1":"product","2":"type-product","3":"status-publish","4":"has-post-thumbnail","6":"pwb-brand-jupiter-en","7":"product_cat-jupiter-en","8":"product_tag-ersatzteil-en","10":"first","11":"instock","12":"taxable","13":"shipping-taxable","14":"purchasable","15":"product-type-simple"},"bundled_by":[],"bundle_stock_status":"instock","bundle_stock_quantity":16,"bundle_virtual":false,"bundle_layout":"","bundle_add_to_cart_form_location":"","bundle_editable_in_cart":false,"bundle_sold_individually_context":"","bundle_item_grouping":"","bundle_min_size":"","bundle_max_size":"","bundle_price":[],"bundled_items":[],"bundle_sell_ids":[],"exclude_global_add_ons":[],"addons":[],"acf":[],"brands":[{"id":1143,"name":"Jupiter","slug":"jupiter-en"}],"_links":{"self":[{"href":"https:\/\/luba.de\/en\/wp-json\/wp\/v2\/product\/6201","targetHints":{"allow":["GET"]}}],"collection":[{"href":"https:\/\/luba.de\/en\/wp-json\/wp\/v2\/product"}],"about":[{"href":"https:\/\/luba.de\/en\/wp-json\/wp\/v2\/types\/product"}],"replies":[{"embeddable":true,"href":"https:\/\/luba.de\/en\/wp-json\/wp\/v2\/comments?post=6201"}],"wp:featuredmedia":[{"embeddable":true,"href":"https:\/\/luba.de\/en\/wp-json\/wp\/v2\/media\/17880"}],"wp:attachment":[{"href":"https:\/\/luba.de\/en\/wp-json\/wp\/v2\/media?parent=6201"}],"wp:term":[{"taxonomy":"pwb-brand","embeddable":true,"href":"https:\/\/luba.de\/en\/wp-json\/wp\/v2\/pwb-brand?post=6201"},{"taxonomy":"product_brand","embeddable":true,"href":"https:\/\/luba.de\/en\/wp-json\/wp\/v2\/product_brand?post=6201"},{"taxonomy":"product_cat","embeddable":true,"href":"https:\/\/luba.de\/en\/wp-json\/wp\/v2\/product_cat?post=6201"},{"taxonomy":"product_tag","embeddable":true,"href":"https:\/\/luba.de\/en\/wp-json\/wp\/v2\/product_tag?post=6201"}],"curies":[{"name":"wp","href":"https:\/\/api.w.org\/{rel}","templated":true}]}}