{"id":6206,"date":"2020-03-15T20:17:59","date_gmt":"2020-03-15T19:17:59","guid":{"rendered":"https:\/\/luba.de\/product\/angel-juicer-siebgehaeuse-fein-s-sus316\/"},"modified":"2026-03-23T13:08:58","modified_gmt":"2026-03-23T12:08:58","slug":"angel-juicer-siebgehaeuse-fein-s-sus316","status":"publish","type":"product","link":"https:\/\/luba.de\/en\/angel-juicer-siebgehaeuse-fein-s-sus316\/","title":{"rendered":"Angel Juicer Siebgeh\u00e4use fein (S) SUS316"},"content":{"rendered":"<p>Das feine Siebgeh\u00e4use ist standardm\u00e4\u00dfig beim Angel Juicer enthalten. Das feine Sieb eignet sich gut um aus Zutaten wie Weizengra\u00df die h\u00f6chstm\u00f6gliche Saftausbeute zu bekommen.<\/p>\n<p>Das geschlossene Siebgeh\u00e4use ist in der Qualit\u00e4t SUS304 (f\u00fcr Angel Juicer 5500 und 7500) erh\u00e4ltlich und in der SUS316-Qualit\u00e4t f\u00fcr den Angel Juicer 8500. Nat\u00fcrlich k\u00f6nnen Sie f\u00fcr den 8500er auch das geschlossene Siebgeh\u00e4use in der SUS304 Qualit\u00e4t bestellen.<\/p>\n","protected":false},"excerpt":{"rendered":"<p>Das feine Siebgeh\u00e4use ist standardm\u00e4\u00dfig beim Angel Juicer enthalten. Das feine Sieb eignet sich gut um aus Zutaten wie Weizengra\u00df die h\u00f6chstm\u00f6gliche Saftausbeute zu bekommen. Das geschlossene Siebgeh\u00e4use ist in der Qualit\u00e4t SUS304 (f\u00fcr Angel Juicer 5500 und 7500) erh\u00e4ltlich und in der SUS316-Qualit\u00e4t f\u00fcr den Angel Juicer 8500. Nat\u00fcrlich k\u00f6nnen Sie f\u00fcr den 8500er [&#8230;]\n","protected":false},"featured_media":10918,"comment_status":"closed","ping_status":"closed","template":"","meta":{"_acf_changed":false},"pwb-brand":[1241],"product_brand":[],"product_cat":[896],"product_tag":[1288],"class_list":{"0":"post-6206","1":"product","2":"type-product","3":"status-publish","4":"has-post-thumbnail","6":"pwb-brand-angel-juicer-en","7":"product_cat-accessories-for-angel-juicer","8":"product_tag-angel-juicer-vorsatz-en","10":"first","11":"instock","12":"sale","13":"taxable","14":"shipping-taxable","15":"purchasable","16":"product-type-simple"},"bundled_by":[],"bundle_stock_status":"instock","bundle_stock_quantity":7,"bundle_virtual":false,"bundle_layout":"","bundle_add_to_cart_form_location":"","bundle_editable_in_cart":false,"bundle_sold_individually_context":"","bundle_item_grouping":"","bundle_min_size":"","bundle_max_size":"","bundle_price":[],"bundled_items":[],"bundle_sell_ids":[],"exclude_global_add_ons":[],"addons":[],"acf":[],"brands":[{"id":1241,"name":"Angel Juicer","slug":"angel-juicer-en"}],"_links":{"self":[{"href":"https:\/\/luba.de\/en\/wp-json\/wp\/v2\/product\/6206","targetHints":{"allow":["GET"]}}],"collection":[{"href":"https:\/\/luba.de\/en\/wp-json\/wp\/v2\/product"}],"about":[{"href":"https:\/\/luba.de\/en\/wp-json\/wp\/v2\/types\/product"}],"replies":[{"embeddable":true,"href":"https:\/\/luba.de\/en\/wp-json\/wp\/v2\/comments?post=6206"}],"wp:featuredmedia":[{"embeddable":true,"href":"https:\/\/luba.de\/en\/wp-json\/wp\/v2\/media\/10918"}],"wp:attachment":[{"href":"https:\/\/luba.de\/en\/wp-json\/wp\/v2\/media?parent=6206"}],"wp:term":[{"taxonomy":"pwb-brand","embeddable":true,"href":"https:\/\/luba.de\/en\/wp-json\/wp\/v2\/pwb-brand?post=6206"},{"taxonomy":"product_brand","embeddable":true,"href":"https:\/\/luba.de\/en\/wp-json\/wp\/v2\/product_brand?post=6206"},{"taxonomy":"product_cat","embeddable":true,"href":"https:\/\/luba.de\/en\/wp-json\/wp\/v2\/product_cat?post=6206"},{"taxonomy":"product_tag","embeddable":true,"href":"https:\/\/luba.de\/en\/wp-json\/wp\/v2\/product_tag?post=6206"}],"curies":[{"name":"wp","href":"https:\/\/api.w.org\/{rel}","templated":true}]}}