{"id":6219,"date":"2020-03-15T20:17:59","date_gmt":"2020-03-15T19:17:59","guid":{"rendered":"https:\/\/luba.de\/product\/zassenhaus-mokkamuehle-havanna-messing\/"},"modified":"2025-12-16T09:39:32","modified_gmt":"2025-12-16T08:39:32","slug":"zassenhaus-mokkamuehle-havanna-messing","status":"publish","type":"product","link":"https:\/\/luba.de\/en\/zassenhaus-mokkamuehle-havanna-messing\/","title":{"rendered":"Zassenhaus Mokkam\u00fchle Havanna, Messing"},"content":{"rendered":"<h2>Zassenhaus Kaffee- \/ Espressom\u00fchle HAVANNA<\/h2>\n<p>Quirlige Basare, duftende Gew\u00fcrze, pechschwarzer Mokka. Die Zassenhaus-Kaffee-\/Espressom\u00fchle HAVANNA nimmt Sie mit auf eine Genussreise in den Orient. Die pr\u00e4chtige M\u00fchle ist aus Messing gefertigt und mit Ornamenten verziert. Sie liegt gut in der Hand und verstr\u00f6mt in jeder K\u00fcche edlen Glanz. Das Zassenhaus-Qualit\u00e4ts-Mahlwerk aus geschmiedetem Stahl mit 25 Jahren Garantie mahlt die Kaffeebohnen zu staubfeinem Pulver. So ist die M\u00fchle bestens geeignet f\u00fcr Mokka oder Espresso. Dank der geringen Gr\u00f6\u00dfe und der abnehmbaren Kurbel ist sie ideal f\u00fcr alle, die auf Reisen nicht auf ihren Lieblingskaffee verzichten m\u00f6chten. \u00dcbrigens: Arabischer Mokka wird meist mit Kardamom, Zimt oder Nelken gew\u00fcrzt. Seit 2013 z\u00e4hlen die Zubereitung von Mokka und die t\u00fcrkische Kaffeekultur zum immateriellen Unesco-Weltkulturerbe.<\/p>\n<p>Material: Messing, Mokkam\u00fchle mit original Zassenhaus-Qualit\u00e4ts-Mahlwerk aus geschmie-detem Stahl<\/p>\n<p>Fassungsverm\u00f6gen Bohnenbeh\u00e4lter:\u00a030g<\/p>\n<p><strong>Ma\u00dfe:<\/strong><br \/>\nH\u00f6he: 18 cm<br \/>\nDurchmesser: 5,5 cm<\/p>\n","protected":false},"excerpt":{"rendered":"<ul>\n<li>f\u00fcr Mokka und Espresso<\/li>\n<li>mahlt Kaffeebohnen staubfein<\/li>\n<li>ideal auf Reisen<\/li>\n<\/ul>\n","protected":false},"featured_media":12988,"comment_status":"closed","ping_status":"closed","template":"","meta":{"_acf_changed":false},"pwb-brand":[1176],"product_brand":[],"product_cat":[1255],"product_tag":[],"class_list":{"0":"post-6219","1":"product","2":"type-product","3":"status-publish","4":"has-post-thumbnail","6":"pwb-brand-zassenhaus-en","7":"product_cat-coffee-mills","9":"first","10":"instock","11":"taxable","12":"shipping-taxable","13":"purchasable","14":"product-type-simple"},"bundled_by":[],"bundle_stock_status":"instock","bundle_stock_quantity":2,"bundle_virtual":false,"bundle_layout":"","bundle_add_to_cart_form_location":"","bundle_editable_in_cart":false,"bundle_sold_individually_context":"","bundle_item_grouping":"","bundle_min_size":"","bundle_max_size":"","bundle_price":[],"bundled_items":[],"bundle_sell_ids":[],"exclude_global_add_ons":[],"addons":[],"acf":[],"brands":[{"id":1176,"name":"Zassenhaus","slug":"zassenhaus-en"}],"_links":{"self":[{"href":"https:\/\/luba.de\/en\/wp-json\/wp\/v2\/product\/6219","targetHints":{"allow":["GET"]}}],"collection":[{"href":"https:\/\/luba.de\/en\/wp-json\/wp\/v2\/product"}],"about":[{"href":"https:\/\/luba.de\/en\/wp-json\/wp\/v2\/types\/product"}],"replies":[{"embeddable":true,"href":"https:\/\/luba.de\/en\/wp-json\/wp\/v2\/comments?post=6219"}],"wp:featuredmedia":[{"embeddable":true,"href":"https:\/\/luba.de\/en\/wp-json\/wp\/v2\/media\/12988"}],"wp:attachment":[{"href":"https:\/\/luba.de\/en\/wp-json\/wp\/v2\/media?parent=6219"}],"wp:term":[{"taxonomy":"pwb-brand","embeddable":true,"href":"https:\/\/luba.de\/en\/wp-json\/wp\/v2\/pwb-brand?post=6219"},{"taxonomy":"product_brand","embeddable":true,"href":"https:\/\/luba.de\/en\/wp-json\/wp\/v2\/product_brand?post=6219"},{"taxonomy":"product_cat","embeddable":true,"href":"https:\/\/luba.de\/en\/wp-json\/wp\/v2\/product_cat?post=6219"},{"taxonomy":"product_tag","embeddable":true,"href":"https:\/\/luba.de\/en\/wp-json\/wp\/v2\/product_tag?post=6219"}],"curies":[{"name":"wp","href":"https:\/\/api.w.org\/{rel}","templated":true}]}}