{"id":6229,"date":"2020-03-15T20:17:45","date_gmt":"2020-03-15T19:17:45","guid":{"rendered":"https:\/\/luba.de\/product\/rohkostvorsatz-mit-3-trommeln-direkt-an-kenwood\/"},"modified":"2025-10-11T23:54:06","modified_gmt":"2025-10-11T21:54:06","slug":"rohkostvorsatz-mit-3-trommeln-direkt-an-kenwood","status":"publish","type":"product","link":"https:\/\/luba.de\/en\/rohkostvorsatz-mit-3-trommeln-direkt-an-kenwood\/","title":{"rendered":"Rohkostvorsatz mit 3 Trommeln direkt an Kenwood"},"content":{"rendered":"<h2>Gem\u00fcseschneider f\u00fcr Kenwood K\u00fcchenmaschine mit direkt Anschluss<\/h2>\n<p>Wirklich gesunde Ern\u00e4hrung ist ohne Obst und Gem\u00fcse nicht denkbar. Die wichtigen Inhaltsstoffe wie Vitamine, Mineralstoffe und nat\u00fcrlich auch die aromatischen Substanzen bereichern Ihre Ern\u00e4hrung substantiell. Der Gem\u00fcseschneider Vorsatz \u2013 Original Messerschmidt Anschluss\u00a0 (Raffel-Vorsatz) von Messerschmidt ist ein seit Jahrzehnten bew\u00e4hrtes und beliebtes K\u00fcchenger\u00e4t.<\/p>\n<p>Sie k\u00f6nnen damit einfach und schnell frische Kost schnitzeln, schneiden, raspeln und reiben. Zum Beispiel f\u00fcr leckere Salate und viele herrliche Gem\u00fcsegerichte.<br \/>\nDen Gem\u00fcseschneider liefern wir komplett mit den Trommeln 1 (Birchertrommel), 2 (Scheibentrommel) und 3 (Grobtrommel).<\/p>\n","protected":false},"excerpt":{"rendered":"<p>Gem\u00fcseschneider f\u00fcr Kenwood K\u00fcchenmaschine mit direkt Anschluss Wirklich gesunde Ern\u00e4hrung ist ohne Obst und Gem\u00fcse nicht denkbar. Die wichtigen Inhaltsstoffe wie Vitamine, Mineralstoffe und nat\u00fcrlich auch die aromatischen Substanzen bereichern Ihre Ern\u00e4hrung substantiell. Der Gem\u00fcseschneider Vorsatz \u2013 Original Messerschmidt Anschluss\u00a0 (Raffel-Vorsatz) von Messerschmidt ist ein seit Jahrzehnten bew\u00e4hrtes und beliebtes K\u00fcchenger\u00e4t. Sie k\u00f6nnen damit einfach [&#8230;]\n","protected":false},"featured_media":24742,"comment_status":"closed","ping_status":"closed","template":"","meta":{"_acf_changed":false},"pwb-brand":[1163],"product_brand":[],"product_cat":[878,879],"product_tag":[],"class_list":{"0":"post-6229","1":"product","2":"type-product","3":"status-publish","4":"has-post-thumbnail","6":"pwb-brand-messerschmidt-en","7":"product_cat-kenwood-kuechenmaschienen-zubehoer-en","8":"product_cat-kitchen-appliance-accessories","10":"first","11":"instock","12":"taxable","13":"shipping-taxable","14":"purchasable","15":"product-type-simple"},"bundled_by":[],"bundle_stock_status":"instock","bundle_stock_quantity":12,"bundle_virtual":false,"bundle_layout":"","bundle_add_to_cart_form_location":"","bundle_editable_in_cart":false,"bundle_sold_individually_context":"","bundle_item_grouping":"","bundle_min_size":"","bundle_max_size":"","bundle_price":[],"bundled_items":[],"bundle_sell_ids":[],"exclude_global_add_ons":[],"addons":[],"acf":[],"brands":[{"id":1163,"name":"Messerschmidt","slug":"messerschmidt-en"}],"_links":{"self":[{"href":"https:\/\/luba.de\/en\/wp-json\/wp\/v2\/product\/6229","targetHints":{"allow":["GET"]}}],"collection":[{"href":"https:\/\/luba.de\/en\/wp-json\/wp\/v2\/product"}],"about":[{"href":"https:\/\/luba.de\/en\/wp-json\/wp\/v2\/types\/product"}],"replies":[{"embeddable":true,"href":"https:\/\/luba.de\/en\/wp-json\/wp\/v2\/comments?post=6229"}],"wp:featuredmedia":[{"embeddable":true,"href":"https:\/\/luba.de\/en\/wp-json\/wp\/v2\/media\/24742"}],"wp:attachment":[{"href":"https:\/\/luba.de\/en\/wp-json\/wp\/v2\/media?parent=6229"}],"wp:term":[{"taxonomy":"pwb-brand","embeddable":true,"href":"https:\/\/luba.de\/en\/wp-json\/wp\/v2\/pwb-brand?post=6229"},{"taxonomy":"product_brand","embeddable":true,"href":"https:\/\/luba.de\/en\/wp-json\/wp\/v2\/product_brand?post=6229"},{"taxonomy":"product_cat","embeddable":true,"href":"https:\/\/luba.de\/en\/wp-json\/wp\/v2\/product_cat?post=6229"},{"taxonomy":"product_tag","embeddable":true,"href":"https:\/\/luba.de\/en\/wp-json\/wp\/v2\/product_tag?post=6229"}],"curies":[{"name":"wp","href":"https:\/\/api.w.org\/{rel}","templated":true}]}}