{"id":6231,"date":"2020-03-15T20:17:45","date_gmt":"2020-03-15T19:17:45","guid":{"rendered":"https:\/\/luba.de\/product\/blendtec-commercial-cold-foam-jar-milchschaum\/"},"modified":"2026-03-27T15:09:03","modified_gmt":"2026-03-27T14:09:03","slug":"blendtec-commercial-cold-foam-jar-milchschaum","status":"publish","type":"product","link":"https:\/\/luba.de\/en\/blendtec-commercial-cold-foam-jar-milchschaum\/","title":{"rendered":"Blendtec Commercial Cold Foam Jar &#8211; Milchschaum"},"content":{"rendered":"<h2>Blendtec Cold Foam Jar \/ Frothing (Kaltschaum) Jar<\/h2>\n<p>Blendtec hat einen Beh\u00e4lter entwickelt, welches 200 ml kalte Magermilch (0% Fettgehalt) in nur 18 Sekunden in einen seidenweichen, mousse-\u00e4hnlichen dicken Schaum verwandelt. Ob als eigenst\u00e4ndiger Eiskaffee oder mit einer Vielzahl anderer Zutaten aromatisiert.<\/p>\n<p>Der Blendtec Frothing Jar kann mit jedem Blendtec Blender verwendet werden.<\/p>\n<h3>Um kalten Schaum zu machen:<\/h3>\n<ul>\n<li>Gie\u00dfen Sie 200 ml kalte Milch* in den Blendtec Frothing Jar<\/li>\n<li>Stellen Sie das Programm auf \u201cFrothing\u201d (kann online im BlendWizard heruntergeladen werden) oder lassen Sie den Blender f\u00fcr 18 Sekunden auf niedriger Geschwindigkeit laufen.<\/li>\n<li>Gie\u00dfen Sie den Schaum in die Tasse mit z.B. Cold Coffee oder dekorieren Sie Ihre Essenskreationen.<\/li>\n<li>200 ml f\u00fcllen ein etwa 0,33 L Glas mit Schaum.<\/li>\n<\/ul>\n<p>*Mager-Milch mit 0% Fettgehalt ist Ideal und gibt ein sehr festen Schaum, der auch perfekt zur Garnierung von Essenskreationen dient.\u00a0 F\u00fcr ein weniger steifes Resultat kann auch Milch mit 0.5 % Fettgehalt verwendet werden.<\/p>\n<h3>Wie man Geschmack hinzuf\u00fcgt:<\/h3>\n<ul>\n<li>Sirup \u2013 2x Pumpen<\/li>\n<li>So\u00dfe \u2013 2x Pumpen<\/li>\n<li>Smoothie \u2013 30 ml<\/li>\n<li>Matcha \u2013 1\/2 Minischaufel<\/li>\n<li>Kurkuma \u2013 1\/2 Minischaufel<\/li>\n<li>100 % Kakao \u2013 1\/2 Messl\u00f6ffel<\/li>\n<\/ul>\n","protected":false},"excerpt":{"rendered":"<p>Blendtec Cold Foam Jar \/ Frothing (Kaltschaum) Jar Blendtec hat einen Beh\u00e4lter entwickelt, welches 200 ml kalte Magermilch (0% Fettgehalt) in nur 18 Sekunden in einen seidenweichen, mousse-\u00e4hnlichen dicken Schaum verwandelt. Ob als eigenst\u00e4ndiger Eiskaffee oder mit einer Vielzahl anderer Zutaten aromatisiert. Der Blendtec Frothing Jar kann mit jedem Blendtec Blender verwendet werden. Um kalten [&#8230;]\n","protected":false},"featured_media":13382,"comment_status":"closed","ping_status":"closed","template":"","meta":{"_acf_changed":false},"pwb-brand":[1233],"product_brand":[],"product_cat":[853],"product_tag":[854],"class_list":{"0":"post-6231","1":"product","2":"type-product","3":"status-publish","4":"has-post-thumbnail","6":"pwb-brand-blendtec-en","7":"product_cat-accessories-for-blendtec-commercial","8":"product_tag-blendtec-en","10":"first","11":"outofstock","12":"sale","13":"taxable","14":"shipping-taxable","15":"purchasable","16":"product-type-simple"},"bundled_by":[],"bundle_stock_status":"outofstock","bundle_stock_quantity":-1,"bundle_virtual":false,"bundle_layout":"","bundle_add_to_cart_form_location":"","bundle_editable_in_cart":false,"bundle_sold_individually_context":"","bundle_item_grouping":"","bundle_min_size":"","bundle_max_size":"","bundle_price":[],"bundled_items":[],"bundle_sell_ids":[],"exclude_global_add_ons":[],"addons":[],"acf":[],"brands":[{"id":1233,"name":"Blendtec","slug":"blendtec-en"}],"_links":{"self":[{"href":"https:\/\/luba.de\/en\/wp-json\/wp\/v2\/product\/6231","targetHints":{"allow":["GET"]}}],"collection":[{"href":"https:\/\/luba.de\/en\/wp-json\/wp\/v2\/product"}],"about":[{"href":"https:\/\/luba.de\/en\/wp-json\/wp\/v2\/types\/product"}],"replies":[{"embeddable":true,"href":"https:\/\/luba.de\/en\/wp-json\/wp\/v2\/comments?post=6231"}],"wp:featuredmedia":[{"embeddable":true,"href":"https:\/\/luba.de\/en\/wp-json\/wp\/v2\/media\/13382"}],"wp:attachment":[{"href":"https:\/\/luba.de\/en\/wp-json\/wp\/v2\/media?parent=6231"}],"wp:term":[{"taxonomy":"pwb-brand","embeddable":true,"href":"https:\/\/luba.de\/en\/wp-json\/wp\/v2\/pwb-brand?post=6231"},{"taxonomy":"product_brand","embeddable":true,"href":"https:\/\/luba.de\/en\/wp-json\/wp\/v2\/product_brand?post=6231"},{"taxonomy":"product_cat","embeddable":true,"href":"https:\/\/luba.de\/en\/wp-json\/wp\/v2\/product_cat?post=6231"},{"taxonomy":"product_tag","embeddable":true,"href":"https:\/\/luba.de\/en\/wp-json\/wp\/v2\/product_tag?post=6231"}],"curies":[{"name":"wp","href":"https:\/\/api.w.org\/{rel}","templated":true}]}}