{"id":6270,"date":"2020-03-15T20:17:21","date_gmt":"2020-03-15T19:17:21","guid":{"rendered":"https:\/\/luba.de\/product\/jupiter-edelstahlwaage\/"},"modified":"2026-01-27T13:54:08","modified_gmt":"2026-01-27T12:54:08","slug":"jupiter-edelstahlwaage","status":"publish","type":"product","link":"https:\/\/luba.de\/en\/jupiter-edelstahlwaage\/","title":{"rendered":"-Jupiter Edelstahlwaage"},"content":{"rendered":"<h2>Jupiter K\u00fcchenwaage aus Edelstahl<\/h2>\n<ul>\n<li>Wiegt bis max. 5 kg, Gewichtsangabe auf 1 g genau<\/li>\n<li>Zuwiegefunktion (Tara)<\/li>\n<li>Waagschale (2 l) und Geh\u00e4useblende aus hygienischem, poliertem Edelstahl<\/li>\n<li>Sch\u00fcssel Sp\u00fclmaschinengeeignet<\/li>\n<li>Kurzzeitmesser mit Alarmfunktion<\/li>\n<li>Anzeige von Raumteperatur und Batteriestand auf LCD-Display<\/li>\n<li>Inkl. 2 x LR03 1,5 V DC Batterien<\/li>\n<\/ul>\n","protected":false},"excerpt":{"rendered":"<p>Jupiter K\u00fcchenwaage aus Edelstahl Wiegt bis max. 5 kg, Gewichtsangabe auf 1 g genau Zuwiegefunktion (Tara) Waagschale (2 l) und Geh\u00e4useblende aus hygienischem, poliertem Edelstahl Sch\u00fcssel Sp\u00fclmaschinengeeignet Kurzzeitmesser mit Alarmfunktion Anzeige von Raumteperatur und Batteriestand auf LCD-Display Inkl. 2 x LR03 1,5 V DC Batterien<\/p>\n","protected":false},"featured_media":6271,"comment_status":"closed","ping_status":"closed","template":"","meta":{"_acf_changed":false},"pwb-brand":[1143],"product_brand":[],"product_cat":[857],"product_tag":[1425],"class_list":{"0":"post-6270","1":"product","2":"type-product","3":"status-publish","4":"has-post-thumbnail","6":"pwb-brand-jupiter-en","7":"product_cat-kitchen-utensils","8":"product_tag-kuechenwaage-en","10":"first","11":"instock","12":"taxable","13":"shipping-taxable","14":"purchasable","15":"product-type-simple"},"bundled_by":[],"bundle_stock_status":"instock","bundle_stock_quantity":4,"bundle_virtual":false,"bundle_layout":"","bundle_add_to_cart_form_location":"","bundle_editable_in_cart":false,"bundle_sold_individually_context":"","bundle_item_grouping":"","bundle_min_size":"","bundle_max_size":"","bundle_price":[],"bundled_items":[],"bundle_sell_ids":[],"exclude_global_add_ons":[],"addons":[],"acf":[],"brands":[{"id":1143,"name":"Jupiter","slug":"jupiter-en"}],"_links":{"self":[{"href":"https:\/\/luba.de\/en\/wp-json\/wp\/v2\/product\/6270","targetHints":{"allow":["GET"]}}],"collection":[{"href":"https:\/\/luba.de\/en\/wp-json\/wp\/v2\/product"}],"about":[{"href":"https:\/\/luba.de\/en\/wp-json\/wp\/v2\/types\/product"}],"replies":[{"embeddable":true,"href":"https:\/\/luba.de\/en\/wp-json\/wp\/v2\/comments?post=6270"}],"wp:featuredmedia":[{"embeddable":true,"href":"https:\/\/luba.de\/en\/wp-json\/wp\/v2\/media\/6271"}],"wp:attachment":[{"href":"https:\/\/luba.de\/en\/wp-json\/wp\/v2\/media?parent=6270"}],"wp:term":[{"taxonomy":"pwb-brand","embeddable":true,"href":"https:\/\/luba.de\/en\/wp-json\/wp\/v2\/pwb-brand?post=6270"},{"taxonomy":"product_brand","embeddable":true,"href":"https:\/\/luba.de\/en\/wp-json\/wp\/v2\/product_brand?post=6270"},{"taxonomy":"product_cat","embeddable":true,"href":"https:\/\/luba.de\/en\/wp-json\/wp\/v2\/product_cat?post=6270"},{"taxonomy":"product_tag","embeddable":true,"href":"https:\/\/luba.de\/en\/wp-json\/wp\/v2\/product_tag?post=6270"}],"curies":[{"name":"wp","href":"https:\/\/api.w.org\/{rel}","templated":true}]}}