{"id":6285,"date":"2020-03-15T20:16:55","date_gmt":"2020-03-15T19:16:55","guid":{"rendered":"https:\/\/luba.de\/product\/messerschmidt-flockenbar-vorsatz-fuer-kenwood\/"},"modified":"2026-04-01T16:22:03","modified_gmt":"2026-04-01T14:22:03","slug":"messerschmidt-flockenbar-vorsatz-fuer-kenwood","status":"publish","type":"product","link":"https:\/\/luba.de\/en\/messerschmidt-flockenbar-vorsatz-fuer-kenwood\/","title":{"rendered":"Messerschmidt Flockenbar-Vorsatz f\u00fcr Kenwood"},"content":{"rendered":"<h2>Flockenquetsche f\u00fcr Kenwood K\u00fcchenmaschine \u2013 mit Adapter<\/h2>\n<p>Flockenquetsche von Messerschmidt mit Adapter f\u00fcr Ihre Kenwood K\u00fcchenmaschine. Frisch geflocktes Getreide enth\u00e4lt viele wertvolle Vitamine, Mineralien und Ballaststoffe des Korns. Mit der Messerschmidt Flockenquetsche (Flockervorsatz) stellen Sie im Nu jederzeit frische Haferflocken her. Sie k\u00f6nnen mit diesem praktischen Zubeh\u00f6r alle Getreidesorten aber auch \u00d6lsaaten und Gew\u00fcrze wie Fenchel, K\u00fcmmel oder Koriander verarbeiten. Auch Mischungen aus Zutaten lassen sich bequem quetschen. Die Flockenquetsche ist neben unseren Getreidem\u00fchlen eine der beliebtesten Erg\u00e4nzungen f\u00fcr die variable K\u00fcchenmaschine. Die Bedienung der Flockenquetsche ist denkbar einfach. Das Getreide einfach in den Trichter einf\u00fcllen und den Antrieb einschalten. Nach k\u00fcrzester Zeit erhalten Sie Ihre frisch gequetschten Flocken. Der Trichter der Flockenquetsche fasst ca. 900 g Getreide. Die Reinigung nach Gebrauch ist sehr einfach und rasch erledigt. Mit wenigen Handgriffen kann der Vorsatz zerlegt werden. Meistens gen\u00fcgt es, die Einzelteile kurz mit einem Haushaltspinsel oder einer B\u00fcrste zu s\u00e4ubern und die Geh\u00e4useteile feucht abzuwischen.<\/p>\n<p>Hinweis: Die Flockenquetsche ist ausschlie\u00dflich f\u00fcr den Haushaltsgebrauch geeignet. Es kann kein eingeweichtes oder gekeimtes Getreide verarbeitet werden. Futterhafer, z.B. f\u00fcr Pferde, kann mit ihr auch nicht verarbeitet werden.<\/p>\n<p><strong> Jetzt neu:<\/strong> Alle Flockenquetschen und Vors\u00e4tze werden mit praktischer <a href=\"https:\/\/luba.de\/produkt\/trockenreinigungsbuerste-fuer-flockenbar-vorsatz\/\">Trockenreinigungsb\u00fcrste<\/a> geliefert<\/p>\n","protected":false},"excerpt":{"rendered":"<p><strong>Direktanschluss nur f\u00fcr K\u00fcchenmaschinen bis 2017 passend!<\/strong><\/p>\n","protected":false},"featured_media":19498,"comment_status":"closed","ping_status":"closed","template":"","meta":{"_acf_changed":false},"pwb-brand":[1163],"product_brand":[],"product_cat":[878,879],"product_tag":[],"class_list":{"0":"post-6285","1":"product","2":"type-product","3":"status-publish","4":"has-post-thumbnail","6":"pwb-brand-messerschmidt-en","7":"product_cat-kenwood-kuechenmaschienen-zubehoer-en","8":"product_cat-kitchen-appliance-accessories","10":"first","11":"instock","12":"taxable","13":"shipping-taxable","14":"purchasable","15":"product-type-simple"},"bundled_by":[],"bundle_stock_status":"instock","bundle_stock_quantity":28,"bundle_virtual":false,"bundle_layout":"","bundle_add_to_cart_form_location":"","bundle_editable_in_cart":false,"bundle_sold_individually_context":"","bundle_item_grouping":"","bundle_min_size":"","bundle_max_size":"","bundle_price":[],"bundled_items":[],"bundle_sell_ids":[],"exclude_global_add_ons":[],"addons":[],"acf":[],"brands":[{"id":1163,"name":"Messerschmidt","slug":"messerschmidt-en"}],"_links":{"self":[{"href":"https:\/\/luba.de\/en\/wp-json\/wp\/v2\/product\/6285","targetHints":{"allow":["GET"]}}],"collection":[{"href":"https:\/\/luba.de\/en\/wp-json\/wp\/v2\/product"}],"about":[{"href":"https:\/\/luba.de\/en\/wp-json\/wp\/v2\/types\/product"}],"replies":[{"embeddable":true,"href":"https:\/\/luba.de\/en\/wp-json\/wp\/v2\/comments?post=6285"}],"wp:featuredmedia":[{"embeddable":true,"href":"https:\/\/luba.de\/en\/wp-json\/wp\/v2\/media\/19498"}],"wp:attachment":[{"href":"https:\/\/luba.de\/en\/wp-json\/wp\/v2\/media?parent=6285"}],"wp:term":[{"taxonomy":"pwb-brand","embeddable":true,"href":"https:\/\/luba.de\/en\/wp-json\/wp\/v2\/pwb-brand?post=6285"},{"taxonomy":"product_brand","embeddable":true,"href":"https:\/\/luba.de\/en\/wp-json\/wp\/v2\/product_brand?post=6285"},{"taxonomy":"product_cat","embeddable":true,"href":"https:\/\/luba.de\/en\/wp-json\/wp\/v2\/product_cat?post=6285"},{"taxonomy":"product_tag","embeddable":true,"href":"https:\/\/luba.de\/en\/wp-json\/wp\/v2\/product_tag?post=6285"}],"curies":[{"name":"wp","href":"https:\/\/api.w.org\/{rel}","templated":true}]}}