{"id":6295,"date":"2020-03-15T20:16:55","date_gmt":"2020-03-15T19:16:55","guid":{"rendered":"https:\/\/luba.de\/product\/kornkraft-toscana-buche\/"},"modified":"2026-03-31T14:29:08","modified_gmt":"2026-03-31T12:29:08","slug":"kornkraft-toscana-buche","status":"publish","type":"product","link":"https:\/\/luba.de\/en\/kornkraft-toscana-buche\/","title":{"rendered":"Kornkraft Toscana BUCHE"},"content":{"rendered":"<h2>Toscana, die Starke.<\/h2>\n<p>Sie ist der Turbo unter den <strong>Handm\u00fchlen<\/strong>. Ob feines Mehl oder M\u00fcslischrot \u2013 mit der Toscana mahlen Sie leicht auch gr\u00f6\u00dfere Mengen. Sie mahlt alle Getreidesorten au\u00dfer Mais. \u00d6lsaaten nur unter Beimischung von Getreide.<\/p>\n<p>Leistung:<br \/>\nGrob: 120 Gramm Weizen\/Minute (entspricht drei Portionen M\u00fcsli)<br \/>\nFein: 60 Gramm Weizen\/Minute<\/p>\n<p>Mahlfeinheit: Stufenlos einstellbar von M\u00fcsli bis mehlfein<\/p>\n<p>F\u00fcllmenge: 600 Gramm<\/p>\n<p>Ma\u00dfe:<br \/>\nKorpus H x B x T: 23,5 x 22,5 x 23,5 cm<br \/>\nKurbelradius: 20,5 cm<\/p>\n<p>Gewicht: 4 kg.<\/p>\n<p>Zubeh\u00f6r: Inklusive 2 Tischhalter zur sicheren Montage auf Arbeitsfl\u00e4chen bis 4,5 cm St\u00e4rke.<\/p>\n<p>Garantie: 10 Jahre.<\/p>\n","protected":false},"excerpt":{"rendered":"<p>Toscana, die Starke. Sie ist der Turbo unter den Handm\u00fchlen. Ob feines Mehl oder M\u00fcslischrot \u2013 mit der Toscana mahlen Sie leicht auch gr\u00f6\u00dfere Mengen. Sie mahlt alle Getreidesorten au\u00dfer Mais. \u00d6lsaaten nur unter Beimischung von Getreide. Leistung: Grob: 120 Gramm Weizen\/Minute (entspricht drei Portionen M\u00fcsli) Fein: 60 Gramm Weizen\/Minute Mahlfeinheit: Stufenlos einstellbar von M\u00fcsli [&#8230;]\n","protected":false},"featured_media":12680,"comment_status":"closed","ping_status":"closed","template":"","meta":{"_acf_changed":false},"pwb-brand":[1189],"product_brand":[],"product_cat":[914],"product_tag":[1372,1027],"class_list":{"0":"post-6295","1":"product","2":"type-product","3":"status-publish","4":"has-post-thumbnail","6":"pwb-brand-kornkraft-en","7":"product_cat-manually-operated","8":"product_tag-handbetrieb-en","9":"product_tag-steinmuehlen-en","11":"first","12":"instock","13":"taxable","14":"shipping-taxable","15":"purchasable","16":"product-type-simple"},"bundled_by":[],"bundle_stock_status":"instock","bundle_stock_quantity":10,"bundle_virtual":false,"bundle_layout":"","bundle_add_to_cart_form_location":"","bundle_editable_in_cart":false,"bundle_sold_individually_context":"","bundle_item_grouping":"","bundle_min_size":"","bundle_max_size":"","bundle_price":[],"bundled_items":[],"bundle_sell_ids":[],"exclude_global_add_ons":[],"addons":[],"acf":[],"brands":[{"id":1189,"name":"Kornkraft","slug":"kornkraft-en"}],"_links":{"self":[{"href":"https:\/\/luba.de\/en\/wp-json\/wp\/v2\/product\/6295","targetHints":{"allow":["GET"]}}],"collection":[{"href":"https:\/\/luba.de\/en\/wp-json\/wp\/v2\/product"}],"about":[{"href":"https:\/\/luba.de\/en\/wp-json\/wp\/v2\/types\/product"}],"replies":[{"embeddable":true,"href":"https:\/\/luba.de\/en\/wp-json\/wp\/v2\/comments?post=6295"}],"wp:featuredmedia":[{"embeddable":true,"href":"https:\/\/luba.de\/en\/wp-json\/wp\/v2\/media\/12680"}],"wp:attachment":[{"href":"https:\/\/luba.de\/en\/wp-json\/wp\/v2\/media?parent=6295"}],"wp:term":[{"taxonomy":"pwb-brand","embeddable":true,"href":"https:\/\/luba.de\/en\/wp-json\/wp\/v2\/pwb-brand?post=6295"},{"taxonomy":"product_brand","embeddable":true,"href":"https:\/\/luba.de\/en\/wp-json\/wp\/v2\/product_brand?post=6295"},{"taxonomy":"product_cat","embeddable":true,"href":"https:\/\/luba.de\/en\/wp-json\/wp\/v2\/product_cat?post=6295"},{"taxonomy":"product_tag","embeddable":true,"href":"https:\/\/luba.de\/en\/wp-json\/wp\/v2\/product_tag?post=6295"}],"curies":[{"name":"wp","href":"https:\/\/api.w.org\/{rel}","templated":true}]}}