{"id":6313,"date":"2020-03-15T20:16:41","date_gmt":"2020-03-15T19:16:41","guid":{"rendered":"https:\/\/luba.de\/product\/salzburger-flocker-flockenmeister\/"},"modified":"2025-10-11T23:40:04","modified_gmt":"2025-10-11T21:40:04","slug":"salzburger-flocker-flockenmeister","status":"publish","type":"product","link":"https:\/\/luba.de\/en\/salzburger-flocker-flockenmeister\/","title":{"rendered":"Salzburger Flocker Flockenmeister"},"content":{"rendered":"<h2>Salzburger Flockenmeister aus heimischen Buchenholz<\/h2>\n<p>Der Salzburger Flockenmeister f\u00fcr einen Guten Morgen!<\/p>\n<p>\u201cFr\u00fchst\u00fccken wie ein Kaiser\u201c sagt ein altes Sprichwort und daran \u00e4ndert auch die moderne Wissenschaft nichts. Ein gesunder Start ins t\u00e4gliche Leben ist wichtig. Ob f\u00fcr die Schule, im B\u00fcro oder in der Werkst\u00e4tte: Das selbstgemachte Fr\u00fchst\u00fccksm\u00fcsli gibt Kraft und Energie!<\/p>\n<p><strong>Nur frisch gequetschte Getreideflocken sind vollwertig!<\/strong><\/p>\n<p>Industriell hergestellte Flocken sind lange Zeit haltbar. Dies kann \u00fcber Dampf erfolgen. Dass wichtige Vitamine und Enzyme zerst\u00f6rt werden, dar\u00fcber h\u00f6ren und lesen Sie wenig. Die Bio-Kennzeichnung sagt NICHT viel \u00fcber den vollen Wert der Flocken aus. \u201cBIO\u201c ist eine wichtige Grundvoraussetzung f\u00fcr eine gesunde Ern\u00e4hrung. Auch das Beste, biologisch angebaute Korn kann durch falsche Behandlung beinahe wertlos werden.<\/p>\n<h3>Der Salzburger Flockenmeister quetscht:<\/h3>\n<ul>\n<li>Getreidearten in der Gr\u00f6\u00dfe von\u00a0Hafer,\u00a0Dinkel,\u00a0Weizen,\u00a0Roggen\u00a0etc.<\/li>\n<li>Kleinste K\u00f6rner wie Quinoa, Amarant etc.<\/li>\n<li>Leinsamen<\/li>\n<li>Mohn<\/li>\n<li>Gew\u00fcrze wie Pfefferk\u00f6rner, Koriander, K\u00fcmmel<\/li>\n<li>Gew\u00fcrzmischungen<\/li>\n<li>und vieles andere mehr<\/li>\n<\/ul>\n<h3>Besondere Merkmale:<\/h3>\n<ul>\n<li>Nickelfreie, verstellbare Edelstahlwalzen<\/li>\n<li>Elegantes Geh\u00e4use aus massiven, heimischen Buchenholz, sorgf\u00e4ltig und aufw\u00e4ndig gearbeitet<\/li>\n<li>Abnehmbarer Trichter \u2013 dadurch einfache Reinigung der Walzen<\/li>\n<li>Au\u00dfen gesch\u00fctzt mit Bienenwachs\u00f6l<\/li>\n<li>Integrierte Auffanglade aus Buchenholz<\/li>\n<li>Gute Befestigung der Bodenplatte<\/li>\n<li>Zerkleinert perfekt Gew\u00fcrze etc.<\/li>\n<\/ul>\n<h3>Der Salzburger Flockenmeister besticht durch geschmeidiges Design.<\/h3>\n<p>Die K\u00f6rner gelangen durch den runden, glatten Beh\u00e4lter widerstandslos zu den Walzen und die Flocken danach direkt in den integrierten Auffangbeh\u00e4lter. Damit vermeiden wir brechbares Glas und Kunststoff.<\/p>\n<p>Wichtig ist uns die Fertigung der Walzen aus nickelfreiem Edelstahl.<\/p>\n<p>Ein Einweichen der Zutaten vor dem Flocken ist nicht notwendig, aber m\u00f6glich.<\/p>\n<p>Der runde Trichter erm\u00f6glicht den K\u00f6rnern ein schnelles Flie\u00dfen zu den Walzen. Andererseits ist durch das Vermeiden von Spalten, Ritzen oder Fugen gr\u00f6\u00dftm\u00f6gliche Hygiene garantiert.<\/p>\n<p>Der Trichter ist abnehmbar was die Reinigung der Walzen extrem erleichtert. Das ist besonders wichtig, wenn Sie \u00f6lhaltige Saaten wie z.B. Leinsamen pressen wollen.<\/p>\n<p>Das Geh\u00e4use der Flockenquetsche ist aus massiven, heimischen Buchenholz. Es ist sorgf\u00e4ltig, \u00e4u\u00dferst aufw\u00e4ndig und geschmeidig verarbeitet.\u00a0 Zur Pflege wird au\u00dfen nur biologisches Bienenwachs\u00f6l verwendet.\u00a0 Wenn Sie unseren Flocker in H\u00e4nden haben werden Sie begeistert sein!<\/p>\n<p>Durch die neue Konzeptionierung der Bodenbefestigung wird ein optimaler Halt an den verschiedensten Arbeitsplatten (Tischplatten, Fensterbank etc.) gew\u00e4hrleistet.<\/p>\n<h3>Zerkleinern Sie auch Gew\u00fcrze mit dem Salzburger Flockenmeister:<\/h3>\n<p>Quetschen Sie Gew\u00fcrze f\u00fcr Ihr selbstgebackenes Brot mit dem Salzburger Flockenmeister. Dadurch entstehen durch das Pressen gr\u00f6\u00dfere, d\u00fcnne Flocken. Diese k\u00f6nnen mit der Hand in Sekundenschnelle zu kleinsten Teilchen zerbr\u00f6selt werden.<\/p>\n<p><strong>Aussage des K\u00fcchenmeisters Franz S\u00f6vegjarto \u2013 Goldmedaillengewinner bei der IKA\/Olympiade der K\u00f6che in Frankfurt:\u00a0\u201eDer Salzburger Flockenmeister zerkleinert Gew\u00fcrze besser, als jeder M\u00f6rser!\u201c<\/strong><br \/>\n<strong>Die Gew\u00fcrze verteilen sich wunderbar im Brot. Sie sp\u00fcren beispielsweise K\u00fcmmel nicht als Gew\u00fcrz im Brot, sondern der Geschmack des K\u00fcmmel verteilt sich im ganzen Brot!<\/strong><\/p>\n<h3>Lieferumfang:<\/h3>\n<ul>\n<li>Flockenmeister<\/li>\n<li>Tischklemme<\/li>\n<li>Lade<\/li>\n<li>Kurbel<\/li>\n<\/ul>\n<h3>Technische Daten:<\/h3>\n<p><strong>Geh\u00e4use:<\/strong> massives, heimisches Buchenholz<br \/>\n<strong>Walzen:<\/strong>\u00a0NICKELFREIER Edelstahl<br \/>\n<strong>Standfl\u00e4che:<\/strong>\u00a010,5 x 11,5 cm<br \/>\n<strong>H\u00f6he:\u00a0<\/strong>27 cm<br \/>\n<strong>L\u00e4nge der Kurbel:<\/strong> 21 cm<br \/>\n<strong>Gewicht:<\/strong>\u00a02,1 kg<br \/>\n<strong>Quetschmenge:\u00a0<\/strong>Hafer ca. 100-160 g\/min, Dinkel ca. 120 g \/min<br \/>\n<strong>Befestigung:<\/strong> mit Schraubklemmen f\u00fcr\u00a0 Tischplatten von 15 bis max. 50 mm St\u00e4rke. Tiefe des Tisch\u00fcberstandes min.30 mm.<br \/>\n<strong>(Wird zusammen mit dem Flocker mitgeliefert!)<\/strong><br \/>\nAuf Wunsch k\u00f6nnen Schraubklemmen mit gr\u00f6\u00dferer Spannweite geliefert werden.<\/p>\n<p><strong>Quetschgut:<\/strong> Hafer, Dinkel, Weizen, Roggen, Leinsamen, Mohn etc.<\/p>\n<p><strong>Garantie:\u00a0<\/strong>2 Jahre<\/p>\n","protected":false},"excerpt":{"rendered":"<p><strong>Inklusive Tischklemme<\/strong><\/p>\n<p>\u2714 NICKELFREIE Edelstahlwalzen<br \/>\n\u2714 Geh\u00e4use aus\u00a0 heimischen Buchenholz<br \/>\n\u2714 Abnehmbarer Trichter \u2013 dadurch einfache Reinigung der Walzen<br \/>\n\u2714 Rollgleitlager aus Stahl<br \/>\n\u2714 Au\u00dfen gesch\u00fctzt mit Bienenwachs\u00f6l<br \/>\n\u2714 Integrierter Beh\u00e4lter aus Buchenholz<br \/>\n\u2714 Ohne Motor \u2013 daher ideal in Krisenzeiten<br \/>\n\u2714 Kinderfreundlich \u2013 die Kleinen helfen gerne mit<br \/>\n\u2714 V\u00f6llig plastikfrei<\/p>\n","protected":false},"featured_media":19208,"comment_status":"closed","ping_status":"closed","template":"","meta":{"_acf_changed":false},"pwb-brand":[1184],"product_brand":[],"product_cat":[918,848],"product_tag":[],"class_list":{"0":"post-6313","1":"product","2":"type-product","3":"status-publish","4":"has-post-thumbnail","6":"pwb-brand-salzburger-en","7":"product_cat-oat-rollers-manual","8":"product_cat-kitchen-appliances-non-electric","10":"first","11":"outofstock","12":"taxable","13":"shipping-taxable","14":"purchasable","15":"product-type-simple"},"bundled_by":[],"bundle_stock_status":"outofstock","bundle_stock_quantity":0,"bundle_virtual":false,"bundle_layout":"","bundle_add_to_cart_form_location":"","bundle_editable_in_cart":false,"bundle_sold_individually_context":"","bundle_item_grouping":"","bundle_min_size":"","bundle_max_size":"","bundle_price":[],"bundled_items":[],"bundle_sell_ids":[],"exclude_global_add_ons":[],"addons":[],"acf":[],"brands":[{"id":1184,"name":"Salzburger","slug":"salzburger-en"}],"_links":{"self":[{"href":"https:\/\/luba.de\/en\/wp-json\/wp\/v2\/product\/6313","targetHints":{"allow":["GET"]}}],"collection":[{"href":"https:\/\/luba.de\/en\/wp-json\/wp\/v2\/product"}],"about":[{"href":"https:\/\/luba.de\/en\/wp-json\/wp\/v2\/types\/product"}],"replies":[{"embeddable":true,"href":"https:\/\/luba.de\/en\/wp-json\/wp\/v2\/comments?post=6313"}],"wp:featuredmedia":[{"embeddable":true,"href":"https:\/\/luba.de\/en\/wp-json\/wp\/v2\/media\/19208"}],"wp:attachment":[{"href":"https:\/\/luba.de\/en\/wp-json\/wp\/v2\/media?parent=6313"}],"wp:term":[{"taxonomy":"pwb-brand","embeddable":true,"href":"https:\/\/luba.de\/en\/wp-json\/wp\/v2\/pwb-brand?post=6313"},{"taxonomy":"product_brand","embeddable":true,"href":"https:\/\/luba.de\/en\/wp-json\/wp\/v2\/product_brand?post=6313"},{"taxonomy":"product_cat","embeddable":true,"href":"https:\/\/luba.de\/en\/wp-json\/wp\/v2\/product_cat?post=6313"},{"taxonomy":"product_tag","embeddable":true,"href":"https:\/\/luba.de\/en\/wp-json\/wp\/v2\/product_tag?post=6313"}],"curies":[{"name":"wp","href":"https:\/\/api.w.org\/{rel}","templated":true}]}}