{"id":6495,"date":"2020-03-15T20:13:35","date_gmt":"2020-03-15T19:13:35","guid":{"rendered":"https:\/\/luba.de\/product\/reinigungsbuerste-fuer-juicepresso-868\/"},"modified":"2025-10-12T01:02:08","modified_gmt":"2025-10-11T23:02:08","slug":"reinigungsbuerste-fuer-juicepresso-868","status":"publish","type":"product","link":"https:\/\/luba.de\/en\/reinigungsbuerste-fuer-juicepresso-868\/","title":{"rendered":"Reinigungsb\u00fcrste f\u00fcr Juicepresso 868"},"content":{"rendered":"<p>Reinigungsb\u00fcrste f\u00fcr Juicepresso Entsafter 868<\/p>\n","protected":false},"excerpt":{"rendered":"<p>Reinigungsb\u00fcrste f\u00fcr Juicepresso Entsafter 868<\/p>\n","protected":false},"featured_media":14555,"comment_status":"closed","ping_status":"closed","template":"","meta":{"_acf_changed":false},"pwb-brand":[1143],"product_brand":[],"product_cat":[869],"product_tag":[],"class_list":{"0":"post-6495","1":"product","2":"type-product","3":"status-publish","4":"has-post-thumbnail","6":"pwb-brand-jupiter-en","7":"product_cat-jupiter-en","9":"first","10":"instock","11":"taxable","12":"shipping-taxable","13":"purchasable","14":"product-type-simple"},"bundled_by":[],"bundle_stock_status":"instock","bundle_stock_quantity":1,"bundle_virtual":false,"bundle_layout":"","bundle_add_to_cart_form_location":"","bundle_editable_in_cart":false,"bundle_sold_individually_context":"","bundle_item_grouping":"","bundle_min_size":"","bundle_max_size":"","bundle_price":[],"bundled_items":[],"bundle_sell_ids":[],"exclude_global_add_ons":[],"addons":[],"acf":[],"brands":[{"id":1143,"name":"Jupiter","slug":"jupiter-en"}],"_links":{"self":[{"href":"https:\/\/luba.de\/en\/wp-json\/wp\/v2\/product\/6495","targetHints":{"allow":["GET"]}}],"collection":[{"href":"https:\/\/luba.de\/en\/wp-json\/wp\/v2\/product"}],"about":[{"href":"https:\/\/luba.de\/en\/wp-json\/wp\/v2\/types\/product"}],"replies":[{"embeddable":true,"href":"https:\/\/luba.de\/en\/wp-json\/wp\/v2\/comments?post=6495"}],"wp:featuredmedia":[{"embeddable":true,"href":"https:\/\/luba.de\/en\/wp-json\/wp\/v2\/media\/14555"}],"wp:attachment":[{"href":"https:\/\/luba.de\/en\/wp-json\/wp\/v2\/media?parent=6495"}],"wp:term":[{"taxonomy":"pwb-brand","embeddable":true,"href":"https:\/\/luba.de\/en\/wp-json\/wp\/v2\/pwb-brand?post=6495"},{"taxonomy":"product_brand","embeddable":true,"href":"https:\/\/luba.de\/en\/wp-json\/wp\/v2\/product_brand?post=6495"},{"taxonomy":"product_cat","embeddable":true,"href":"https:\/\/luba.de\/en\/wp-json\/wp\/v2\/product_cat?post=6495"},{"taxonomy":"product_tag","embeddable":true,"href":"https:\/\/luba.de\/en\/wp-json\/wp\/v2\/product_tag?post=6495"}],"curies":[{"name":"wp","href":"https:\/\/api.w.org\/{rel}","templated":true}]}}