{"id":6656,"date":"2020-03-15T20:12:25","date_gmt":"2020-03-15T19:12:25","guid":{"rendered":"https:\/\/luba.de\/product\/zusatzgitter-set-fuer-brod-taylor-gaerautomat-v2\/"},"modified":"2026-04-15T10:53:42","modified_gmt":"2026-04-15T08:53:42","slug":"zusatzgitter-fuer-brod-taylor-gaerautomat","status":"publish","type":"product","link":"https:\/\/luba.de\/en\/zusatzgitter-fuer-brod-taylor-gaerautomat\/","title":{"rendered":"Zusatzgitter f\u00fcr Brod &#038; Taylor G\u00e4rautomat V2"},"content":{"rendered":"<h2><strong>Neue Version:<\/strong><\/h2>\n<h2>Verdoppeln Sie die Kapazit\u00e4t Ihres\u00a0G\u00e4rautomat &amp; Schongarer<\/h2>\n<p>Unser Zusatzgitter schafft eine zweite nutzbare Etage im G\u00e4rautomaten, ideal f\u00fcr das g\u00e4ren von zwei Blechen oder vier Kastenformen.<\/p>\n<p>Bleche sollten maximal 36.2 cm x 30.5 cm gro\u00df sein.<\/p>\n<p>Kastenformen sollten etwa 8 cm hoch sein, so dass die maximale H\u00f6he des aufgeg\u00e4rten Brotes 10 cm betr\u00e4gt.<\/p>\n<div class=\"container\">\n<h2 class=\"sch3\"><strong>Perfektion mal Zwei.<\/strong><\/h2>\n<\/div>\n<div class=\"row\"  id=\"row-2129087778\">\n\n\t<div id=\"col-1722204052\" class=\"col medium-6 small-12 large-6\"  >\n\t\t\t\t<div class=\"col-inner\"  >\n\t\t\t\n\t\t\t\n\t<div class=\"box has-hover   has-hover box-text-bottom\" >\n\n\t\t<div class=\"box-image\" >\n\t\t\t\t\t\t<div class=\"image-cover\" style=\"padding-top:50%;\">\n\t\t\t\t<img decoding=\"async\" width=\"1700\" height=\"1302\" src=\"https:\/\/luba.de\/wp-content\/uploads\/2020\/03\/FP-175Shelf-Legs-09.42.46-1.jpg\" class=\"attachment- size-\" alt=\"\" srcset=\"https:\/\/luba.de\/wp-content\/uploads\/2020\/03\/FP-175Shelf-Legs-09.42.46-1.jpg 1700w, https:\/\/luba.de\/wp-content\/uploads\/2020\/03\/FP-175Shelf-Legs-09.42.46-1-522x400.jpg 522w, https:\/\/luba.de\/wp-content\/uploads\/2020\/03\/FP-175Shelf-Legs-09.42.46-1-1045x800.jpg 1045w, https:\/\/luba.de\/wp-content\/uploads\/2020\/03\/FP-175Shelf-Legs-09.42.46-1-768x588.jpg 768w, https:\/\/luba.de\/wp-content\/uploads\/2020\/03\/FP-175Shelf-Legs-09.42.46-1-1536x1176.jpg 1536w, https:\/\/luba.de\/wp-content\/uploads\/2020\/03\/FP-175Shelf-Legs-09.42.46-1-510x391.jpg 510w, https:\/\/luba.de\/wp-content\/uploads\/2020\/03\/FP-175Shelf-Legs-09.42.46-1-400x306.jpg 400w\" sizes=\"(max-width: 1700px) 100vw, 1700px\" title=\"\">\t\t\t\t\t\t\t\t\t\t\t<\/div>\n\t\t\t\t\t<\/div>\n\n\t\t<div class=\"box-text text-center\" >\n\t\t\t<div class=\"box-text-inner\">\n\t\t\t\t\n<p>Mit dem Zusatzgitter als Zubeh\u00f6r ganz einfach die Kapazit\u00e4t verdoppeln.<\/p>\n\t\t\t<\/div>\n\t\t<\/div>\n\t<\/div>\n\t\n\t\t<\/div>\n\t\t\t\t\t<\/div>\n\n\t\n\n\t<div id=\"col-1103352252\" class=\"col medium-6 small-12 large-6\"  >\n\t\t\t\t<div class=\"col-inner\"  >\n\t\t\t\n\t\t\t\n\t<div class=\"box has-hover   has-hover box-text-bottom\" >\n\n\t\t<div class=\"box-image\" >\n\t\t\t\t\t\t<div class=\"image-cover\" style=\"padding-top:50%;\">\n\t\t\t\t<img decoding=\"async\" width=\"1700\" height=\"1000\" src=\"https:\/\/luba.de\/wp-content\/uploads\/2020\/03\/FP-175Shelf-Folding-Legsdough-WEB-knockout-1.jpg\" class=\"attachment- size-\" alt=\"\" srcset=\"https:\/\/luba.de\/wp-content\/uploads\/2020\/03\/FP-175Shelf-Folding-Legsdough-WEB-knockout-1.jpg 1700w, https:\/\/luba.de\/wp-content\/uploads\/2020\/03\/FP-175Shelf-Folding-Legsdough-WEB-knockout-1-680x400.jpg 680w, https:\/\/luba.de\/wp-content\/uploads\/2020\/03\/FP-175Shelf-Folding-Legsdough-WEB-knockout-1-1360x800.jpg 1360w, https:\/\/luba.de\/wp-content\/uploads\/2020\/03\/FP-175Shelf-Folding-Legsdough-WEB-knockout-1-768x452.jpg 768w, https:\/\/luba.de\/wp-content\/uploads\/2020\/03\/FP-175Shelf-Folding-Legsdough-WEB-knockout-1-1536x904.jpg 1536w, https:\/\/luba.de\/wp-content\/uploads\/2020\/03\/FP-175Shelf-Folding-Legsdough-WEB-knockout-1-510x300.jpg 510w, https:\/\/luba.de\/wp-content\/uploads\/2020\/03\/FP-175Shelf-Folding-Legsdough-WEB-knockout-1-400x235.jpg 400w\" sizes=\"(max-width: 1700px) 100vw, 1700px\" title=\"\">\t\t\t\t\t\t\t\t\t\t\t<\/div>\n\t\t\t\t\t<\/div>\n\n\t\t<div class=\"box-text text-center\" >\n\t\t\t<div class=\"box-text-inner\">\n\t\t\t\t\n<p>Ideal f\u00fcr das G\u00e4ren auf zwei Blechen oder in vier Brotformen.<\/p>\n\t\t\t<\/div>\n\t\t<\/div>\n\t<\/div>\n\t\n\t\t<\/div>\n\t\t\t\t\t<\/div>\n\n\t\n<\/div>\n","protected":false},"excerpt":{"rendered":"<p>Neue Version: Verdoppeln Sie die Kapazit\u00e4t Ihres\u00a0G\u00e4rautomat &amp; Schongarer Unser Zusatzgitter schafft eine zweite nutzbare Etage im G\u00e4rautomaten, ideal f\u00fcr das g\u00e4ren von zwei Blechen oder vier Kastenformen. Bleche sollten maximal 36.2 cm x 30.5 cm gro\u00df sein. Kastenformen sollten etwa 8 cm hoch sein, so dass die maximale H\u00f6he des aufgeg\u00e4rten Brotes 10 cm [&#8230;]\n","protected":false},"featured_media":9795,"comment_status":"closed","ping_status":"closed","template":"","meta":{"_acf_changed":false},"pwb-brand":[1168],"product_brand":[],"product_cat":[933],"product_tag":[],"class_list":{"0":"post-6656","1":"product","2":"type-product","3":"status-publish","4":"has-post-thumbnail","6":"pwb-brand-brod-taylor-en","7":"product_cat-proofers","9":"first","10":"instock","11":"taxable","12":"shipping-taxable","13":"purchasable","14":"product-type-simple"},"bundled_by":[],"bundle_stock_status":"instock","bundle_stock_quantity":100,"bundle_virtual":false,"bundle_layout":"","bundle_add_to_cart_form_location":"","bundle_editable_in_cart":false,"bundle_sold_individually_context":"","bundle_item_grouping":"","bundle_min_size":"","bundle_max_size":"","bundle_price":[],"bundled_items":[],"bundle_sell_ids":[],"exclude_global_add_ons":[],"addons":[],"acf":[],"brands":[{"id":1168,"name":"Brod &amp; Taylor","slug":"brod-taylor-en"}],"_links":{"self":[{"href":"https:\/\/luba.de\/en\/wp-json\/wp\/v2\/product\/6656","targetHints":{"allow":["GET"]}}],"collection":[{"href":"https:\/\/luba.de\/en\/wp-json\/wp\/v2\/product"}],"about":[{"href":"https:\/\/luba.de\/en\/wp-json\/wp\/v2\/types\/product"}],"replies":[{"embeddable":true,"href":"https:\/\/luba.de\/en\/wp-json\/wp\/v2\/comments?post=6656"}],"wp:featuredmedia":[{"embeddable":true,"href":"https:\/\/luba.de\/en\/wp-json\/wp\/v2\/media\/9795"}],"wp:attachment":[{"href":"https:\/\/luba.de\/en\/wp-json\/wp\/v2\/media?parent=6656"}],"wp:term":[{"taxonomy":"pwb-brand","embeddable":true,"href":"https:\/\/luba.de\/en\/wp-json\/wp\/v2\/pwb-brand?post=6656"},{"taxonomy":"product_brand","embeddable":true,"href":"https:\/\/luba.de\/en\/wp-json\/wp\/v2\/product_brand?post=6656"},{"taxonomy":"product_cat","embeddable":true,"href":"https:\/\/luba.de\/en\/wp-json\/wp\/v2\/product_cat?post=6656"},{"taxonomy":"product_tag","embeddable":true,"href":"https:\/\/luba.de\/en\/wp-json\/wp\/v2\/product_tag?post=6656"}],"curies":[{"name":"wp","href":"https:\/\/api.w.org\/{rel}","templated":true}]}}