{"id":8360,"date":"2020-03-15T20:00:05","date_gmt":"2020-03-15T19:00:05","guid":{"rendered":"https:\/\/luba.de\/product\/blendtec-total-blender-schwarz-refurbished\/"},"modified":"2024-12-12T09:15:58","modified_gmt":"2024-12-12T08:15:58","slug":"blendtec-total-blender-refurbished","status":"publish","type":"product","link":"https:\/\/luba.de\/en\/blendtec-total-blender-refurbished\/","title":{"rendered":"Blendtec Total Blender (REFURBISHED)"},"content":{"rendered":"<h2>Das Ultimative All-in-one Ger\u00e4t!<\/h2>\n<p>Kommerzielle Power und unglaubliche Vielseitigkeit vereinen sich zum Blendtec Total Blender, dem ultimativen All-in-One-Ger\u00e4t. Vorprogrammierte Zyklen machen es einfacher denn je, Smoothies, Salsas, hei\u00dfe Suppen und mehr zu kreieren.<\/p>\n<p>Der Total Blender V1 ist das Vorg\u00e4ngermodell zum aktuellen Total Blender (V2), daher ist z.B. das Design leicht anders mit Beschrifteten Druckkn\u00f6pfen anstatt bebilderte Druckkn\u00f6pfe.<\/p>\n<h3>General\u00fcberholt<\/h3>\n<p>Unsere general\u00fcberholten Blender werden von uns zertifiziert und geben Kunden eine unschlagbare Produktqualit\u00e4t zu einem sehr erschwinglichen Preis. Die Blender wurden einer kompletten internen \u00dcberholung unterzogen, um sicherzustellen, dass die Blender \u00fcber Jahre hinweg perfekt funktionieren. Das Kunststoffgeh\u00e4use des Motors kann jedoch Abnutzungserscheinungen aufweisen. Jede \u00fcberholte Motorbasis wird mit einem neuen WildSide+ Jar geliefert. Sowohl die Motorbasis als auch der Beh\u00e4lter haben eine 1-j\u00e4hrige Garantie.<\/p>\n<h3>Besonderheiten:<\/h3>\n<ul>\n<li>3,0 PS Maximalleistung<\/li>\n<li>Einfach zu bedienende und reinigende Druckkn\u00f6pfe<\/li>\n<li>6 vorprogrammierte Mix-Abl\u00e4ufe: Eis Cream, Milkshake, Soups, Dips, Whole Juice, Smoothie<\/li>\n<li>10 Ausw\u00e4hlbare Geschwindigkeitsstufen + Pulse Funktion<\/li>\n<li>Beleuchtetes LCD-Display zeigt die Restlaufzeit des Vorgangs an<\/li>\n<li>H\u00f6he x Breite x Tiefe: 38,1 x 17,8 cm x 20,3 cm<\/li>\n<li>1560 Watt,\u00a0230 V.<\/li>\n<li>1 Jahr Garantie<\/li>\n<\/ul>\n<h3>Verpackungsinhalt<\/h3>\n<ul>\n<li>Classic Total Blender Motorbasis (General\u00fcberholt)<\/li>\n<li>WildSide+ Beh\u00e4lter (BPA Frei) mit ventiliertem Deckel<\/li>\n<li>Schnellstart-Anleitung sowie Rezepte<\/li>\n<\/ul>\n<h3>Vorprogrammierte Mix-Abl\u00e4ufe<\/h3>\n<p>Duplizieren Sie die Smoothies und Mixgetr\u00e4nke Ihres Lieblingsrestaurants zu Hause! Beide Varianten des Blendtec Total Blender verf\u00fcgt \u00fcber 6 vorprogrammierte Zyklen, die jedes Mal die perfekte Mischung ergeben.<\/p>\n<div>\n<h3>Zehn Geschwindigkeitsstufen + Pulse Funktion<\/h3>\n<p>Die zehn manuellen inkrementellen Geschwindigkeitsstufen des Blendtec Total Blenders erm\u00f6glichen es Ihnen, die Konsistenz Ihrer Mischung vollst\u00e4ndig anzupassen. Sie k\u00f6nnen jederzeit zwischen den Zyklen wechseln f\u00fcr die ultimative Anpassung oder dr\u00fccken Sie die Pulse-Einstellung f\u00fcr einen Anstieg der Mischleistung.\u00a0 Die Geschwindigkeitsstufen laufen f\u00fcr genau 50 Sekunden und schalten sich dann ab.<\/p>\n<p>&nbsp;<\/p>\n<\/div>\n<div>\n<p>Touchpad V1:<br \/>\n<img decoding=\"async\" class=\"alignnone size-full wp-image-2077\" src=\"https:\/\/blendtec.de\/wp-content\/uploads\/2018\/10\/total-blender-classic-touchpad.jpg\" alt=\"\" width=\"426\" height=\"110\" title=\"\"><\/p>\n<p>Touchpad V2:<br \/>\n<img decoding=\"async\" class=\"alignnone size-full wp-image-2077\" src=\"https:\/\/blendtec.de\/wp-content\/uploads\/2018\/09\/Total-Blender_new_interface.jpg\" alt=\"\" width=\"426\" height=\"110\" title=\"\"><\/p>\n<\/div>\n","protected":false},"excerpt":{"rendered":"<p>Das Ultimative All-in-one Ger\u00e4t! Kommerzielle Power und unglaubliche Vielseitigkeit vereinen sich zum Blendtec Total Blender, dem ultimativen All-in-One-Ger\u00e4t. Vorprogrammierte Zyklen machen es einfacher denn je, Smoothies, Salsas, hei\u00dfe Suppen und mehr zu kreieren. Der Total Blender V1 ist das Vorg\u00e4ngermodell zum aktuellen Total Blender (V2), daher ist z.B. das Design leicht anders mit Beschrifteten Druckkn\u00f6pfen [&#8230;]\n","protected":false},"featured_media":17280,"comment_status":"closed","ping_status":"closed","template":"","meta":{"_acf_changed":false},"pwb-brand":[1233],"product_brand":[],"product_cat":[1387],"product_tag":[864],"class_list":{"0":"post-8360","1":"product","2":"type-product","3":"status-publish","4":"has-post-thumbnail","6":"pwb-brand-blendtec-en","7":"product_cat-blendtec-en","8":"product_tag-mixer-en","10":"first","11":"onbackorder","12":"sale","13":"taxable","14":"shipping-taxable","15":"purchasable","16":"product-type-variable"},"bundled_by":[],"bundle_stock_status":"onbackorder","bundle_stock_quantity":null,"bundle_virtual":false,"bundle_layout":"","bundle_add_to_cart_form_location":"","bundle_editable_in_cart":false,"bundle_sold_individually_context":"","bundle_item_grouping":"","bundle_min_size":"","bundle_max_size":"","bundle_price":[],"bundled_items":[],"bundle_sell_ids":[],"exclude_global_add_ons":[],"addons":[],"acf":[],"brands":[{"id":1233,"name":"Blendtec","slug":"blendtec-en"}],"_links":{"self":[{"href":"https:\/\/luba.de\/en\/wp-json\/wp\/v2\/product\/8360","targetHints":{"allow":["GET"]}}],"collection":[{"href":"https:\/\/luba.de\/en\/wp-json\/wp\/v2\/product"}],"about":[{"href":"https:\/\/luba.de\/en\/wp-json\/wp\/v2\/types\/product"}],"replies":[{"embeddable":true,"href":"https:\/\/luba.de\/en\/wp-json\/wp\/v2\/comments?post=8360"}],"wp:featuredmedia":[{"embeddable":true,"href":"https:\/\/luba.de\/en\/wp-json\/wp\/v2\/media\/17280"}],"wp:attachment":[{"href":"https:\/\/luba.de\/en\/wp-json\/wp\/v2\/media?parent=8360"}],"wp:term":[{"taxonomy":"pwb-brand","embeddable":true,"href":"https:\/\/luba.de\/en\/wp-json\/wp\/v2\/pwb-brand?post=8360"},{"taxonomy":"product_brand","embeddable":true,"href":"https:\/\/luba.de\/en\/wp-json\/wp\/v2\/product_brand?post=8360"},{"taxonomy":"product_cat","embeddable":true,"href":"https:\/\/luba.de\/en\/wp-json\/wp\/v2\/product_cat?post=8360"},{"taxonomy":"product_tag","embeddable":true,"href":"https:\/\/luba.de\/en\/wp-json\/wp\/v2\/product_tag?post=8360"}],"curies":[{"name":"wp","href":"https:\/\/api.w.org\/{rel}","templated":true}]}}