{"id":8367,"date":"2020-03-15T20:00:05","date_gmt":"2020-03-15T19:00:05","guid":{"rendered":"https:\/\/luba.de\/product\/blendtec-connoisseur-825\/"},"modified":"2026-03-09T14:55:42","modified_gmt":"2026-03-09T13:55:42","slug":"blendtec-connoisseur-825","status":"publish","type":"product","link":"https:\/\/luba.de\/en\/blendtec-connoisseur-825\/","title":{"rendered":"Blendtec Connoisseur 825"},"content":{"rendered":"<h2>Blendtec Connoisseur 825 Gewerbe Mixer<\/h2>\n<h3>KRAFTVOLLER ULTRA HIGH-SPEED MOTOR<\/h3>\n<p>Der Connoisseur 825 ist ein echtes Arbeitstier mit seinem 3.8 PS starkem Industriemotor. Schnell und m\u00fchelos mixt er auch h\u00e4rteste Zutaten wie Eis und gefrorene Fr\u00fcchte zu einer perfekten Konsistenz, ohne mit der Wimper zu zucken. Perfekt f\u00fcr Gesch\u00e4fte mit hohem Tagesvolumen.<\/p>\n<h3>ANPASSBARE ZYKLEN<\/h3>\n<p>Mit drei\u00dfig vordefinierten Programmen mixen Sie die beliebtesten Rezepte in gleichbleibender Qualit\u00e4t, und mit einem Werkzeug zum Herunterladen k\u00f6nnen Sie unbegrenzt viele eigene Rezepte erstellen.<\/p>\n<p>Der Connoisseur 825 kommt mit 42 vorprogrammierten Mischzyklen, um Ihre beliebtesten Rezepten in perfekter Konsistenz mit nur einem Tastendruck herzustellen. Jeder Mischzyklus schaltet automatisch ab, wenn er fertig ist, sodass der Mitarbeiter sich um andere Aufgaben k\u00fcmmern kann.<\/p>\n<h3>SPART ZEIT UND KOSTEN<\/h3>\n<p>Alle Mixer von Blendtec sind f\u00fcr die besonderen Anforderungen gewerblicher Kunden ausgelegt. Die gesamte Maschine ist von oben bis unten f\u00fcr m\u00fchelose Handhabung und geringe Betriebskosten konzipiert.<\/p>\n<h3>Besonderheiten<\/h3>\n<ul>\n<li>Motor: 1800 Watt, 3.8 PS Maximalleistung<\/li>\n<li>5 Tasten + Pulse<\/li>\n<li>42 Zyklen (Mixabl\u00e4ufe) stehen zur Auswahl, sowie die M\u00f6glichkeit eigene Zyklen online zu erstellen.<\/li>\n<li>Einfache Konvertierung zwischen Countertop und In-Counter<\/li>\n<\/ul>\n<h3>Einbau in die K\u00fcchentheke<\/h3>\n<p>Das Plastikgeh\u00e4use vom Connoisseur kann einfach entfernt werden um das Ger\u00e4t in eine Theke einzubauen.\u00a0 Mehr Informationen zum Einbau finden Sie hier.<\/p>\n<h3>Ger\u00e4uschd\u00e4mmung<\/h3>\n<p>Die Schallschutzhaube minimiert das Betriebsger\u00e4usch und sorgt in den Gesch\u00e4ftsr\u00e4umen f\u00fcr eine angenehme akustische Umgebung.<\/p>\n<p>&nbsp;<\/p>\n<table style=\"border-collapse: collapse; width: 100%;\">\n<tbody>\n<tr>\n<td style=\"width: 17.1887%;\">MOTOR<\/td>\n<td style=\"width: 82.8113%;\">1800 W, 8,5 A, 240 V, bis zu 3,8 PS<\/td>\n<\/tr>\n<tr>\n<td style=\"width: 17.1887%;\">BEDIENUNG<\/td>\n<td style=\"width: 82.8113%;\">LCD-Displayanzeige, Drucktasten: 5 frei belegbare Programmtasten + Pulse<\/td>\n<\/tr>\n<tr>\n<td style=\"width: 17.1887%;\">GER\u00c4USCHD\u00c4MMUNG<\/td>\n<td style=\"width: 82.8113%;\">Die Schallschutzhaube verringert das Betriebsger\u00e4usch<\/td>\n<\/tr>\n<tr>\n<td style=\"width: 17.1887%;\">PROGRAMME<\/td>\n<td style=\"width: 82.8113%;\">42 Automatikprogramme eingespeichert sowie zugriff auf Blendtec BlendWizard um eigene Programme zu erstellen.<\/td>\n<\/tr>\n<tr>\n<td style=\"width: 17.1887%;\">GARANTIE<\/td>\n<td style=\"width: 82.8113%;\">3 Jahre auf die Motorbasis, 1 Jahr auf die Schallschutzhaube, 1 Jahr auf den Beh\u00e4lter.<\/p>\n<p>Innerhalb der gesamten Garantiezeit \u00fcbernimmt Blendtec 100% der Materialkosten.\u00a0 Innerhalb des ersten Jahres \u00fcbernimmt Blendtec ebenso die Lohnkosten der autorisierten Reparaturwerkstatt bei Garantief\u00e4llen.<\/td>\n<\/tr>\n<tr>\n<td style=\"width: 17.1887%;\">ABMESSUNGEN<\/td>\n<td style=\"width: 82.8113%;\">H: 47,5 cm<br \/>\nW: 22,9 cm<br \/>\nD: 22,9 cm<\/td>\n<\/tr>\n<tr>\n<td style=\"width: 17.1887%;\">GEWICHT<\/td>\n<td style=\"width: 82.8113%;\">10.2 kg<\/td>\n<\/tr>\n<tr>\n<td style=\"width: 17.1887%;\">WEITERES<\/td>\n<td style=\"width: 82.8113%;\">Einbauf\u00e4hig<\/td>\n<\/tr>\n<\/tbody>\n<\/table>\n","protected":false},"excerpt":{"rendered":"<p>Der Connoisseur 825 verf\u00fcgt \u00fcber branchenf\u00fchrende Leistung und eine breite Palette modernster Funktionen, die bei jeder Bestellung f\u00fcr Geschwindigkeit, Best\u00e4ndigkeit und Qualit\u00e4t sorgen.<\/p>\n<p><strong>HOHER DURCHSATZ, GANZ LEISE<\/strong><br \/>\nIn Gesch\u00e4ften, in denen L\u00e4rm eine Rolle spielt, reduziert das Schallschutzgeh\u00e4use den L\u00e4rm vom Mixer und sorgt so f\u00fcr eine ungest\u00f6rte Atmosph\u00e4re.<\/p>\n","protected":false},"featured_media":22583,"comment_status":"closed","ping_status":"closed","template":"","meta":{"_acf_changed":false},"pwb-brand":[1233],"product_brand":[],"product_cat":[855],"product_tag":[854],"class_list":{"0":"post-8367","1":"product","2":"type-product","3":"status-publish","4":"has-post-thumbnail","6":"pwb-brand-blendtec-en","7":"product_cat-mixer-blender-commercial","8":"product_tag-blendtec-en","10":"first","11":"instock","12":"taxable","13":"shipping-taxable","14":"purchasable","15":"product-type-variable","16":"has-default-attributes"},"bundled_by":[],"bundle_stock_status":"instock","bundle_stock_quantity":200,"bundle_virtual":false,"bundle_layout":"","bundle_add_to_cart_form_location":"","bundle_editable_in_cart":false,"bundle_sold_individually_context":"","bundle_item_grouping":"","bundle_min_size":"","bundle_max_size":"","bundle_price":[],"bundled_items":[],"bundle_sell_ids":[],"exclude_global_add_ons":[],"addons":[],"acf":[],"brands":[{"id":1233,"name":"Blendtec","slug":"blendtec-en"}],"_links":{"self":[{"href":"https:\/\/luba.de\/en\/wp-json\/wp\/v2\/product\/8367","targetHints":{"allow":["GET"]}}],"collection":[{"href":"https:\/\/luba.de\/en\/wp-json\/wp\/v2\/product"}],"about":[{"href":"https:\/\/luba.de\/en\/wp-json\/wp\/v2\/types\/product"}],"replies":[{"embeddable":true,"href":"https:\/\/luba.de\/en\/wp-json\/wp\/v2\/comments?post=8367"}],"wp:featuredmedia":[{"embeddable":true,"href":"https:\/\/luba.de\/en\/wp-json\/wp\/v2\/media\/22583"}],"wp:attachment":[{"href":"https:\/\/luba.de\/en\/wp-json\/wp\/v2\/media?parent=8367"}],"wp:term":[{"taxonomy":"pwb-brand","embeddable":true,"href":"https:\/\/luba.de\/en\/wp-json\/wp\/v2\/pwb-brand?post=8367"},{"taxonomy":"product_brand","embeddable":true,"href":"https:\/\/luba.de\/en\/wp-json\/wp\/v2\/product_brand?post=8367"},{"taxonomy":"product_cat","embeddable":true,"href":"https:\/\/luba.de\/en\/wp-json\/wp\/v2\/product_cat?post=8367"},{"taxonomy":"product_tag","embeddable":true,"href":"https:\/\/luba.de\/en\/wp-json\/wp\/v2\/product_tag?post=8367"}],"curies":[{"name":"wp","href":"https:\/\/api.w.org\/{rel}","templated":true}]}}