{"id":8431,"date":"2020-03-15T19:59:36","date_gmt":"2020-03-15T18:59:36","guid":{"rendered":"https:\/\/luba.de\/product\/haeussler-elektro-steinbackofen-ino2004\/"},"modified":"2025-07-21T08:39:55","modified_gmt":"2025-07-21T06:39:55","slug":"haeussler-elektro-steinbackofen-ino2004","status":"publish","type":"product","link":"https:\/\/luba.de\/en\/haeussler-elektro-steinbackofen-ino2004\/","title":{"rendered":"H\u00e4ussler Elektro-Steinbackofen INO2004"},"content":{"rendered":"<h2><strong>H\u00e4ussler Elektro-Steinbackofen INO2004 f\u00fcr 9 Brote \u2013 der Meistgekaufte der INO-Serie<\/strong><\/h2>\n<p>Mit seiner Backfl\u00e4che von 70 x 70 cm ist dieser Ofen ideal f\u00fcr mittlere bis gr\u00f6\u00dfere Haushalte oder den kleinen Gastronomiebetrieb. Er bietet Platz f\u00fcr 9 Brote \u00e0 1 kg oder 8 gro\u00dfe Pizzen oder 8 Hefez\u00f6pfe oder 6 Springformen oder Fleisch f\u00fcr bis zu 30 Personen \u2013 dem Backfest steht nichts mehr im Wege! F\u00fcr den Dauereinsatz beim Pizzab\u00e4cker auch mit einer Backtemperatur bis 500\u00b0 C erh\u00e4ltlich.<\/p>\n<h3>Vorteile im \u00dcberblick:<\/h3>\n<ul>\n<li>Schamotte-Vollauskleidung<\/li>\n<li>Robuste Bauweise<\/li>\n<li>Niedriger Energieverbrauch<\/li>\n<li>Hochwertiges Material<\/li>\n<li>Leichte Reinigung dank Pyrolyse!<\/li>\n<li>Lange Lebensdauer<\/li>\n<li>Stapelbauweise<\/li>\n<\/ul>\n<table width=\"325\">\n<tbody>\n<tr>\n<td>\n<h4><strong>Kapazit\u00e4t<\/strong>:<\/h4>\n<\/td>\n<td><\/td>\n<\/tr>\n<tr>\n<td>Brote:\u00b2<\/td>\n<td>9 kg (12 Brote \u00e0 750 g)<\/td>\n<\/tr>\n<tr>\n<td>Br\u00f6tchen:\u00b9<\/td>\n<td>bis 25-30 Br\u00f6tchen<\/td>\n<\/tr>\n<tr>\n<td>Brezeln: \u00b9<\/td>\n<td>ca. 20 Brezel<\/td>\n<\/tr>\n<tr>\n<td>Fleisch:\u00b3<\/td>\n<td>9 kg Fleisch<\/td>\n<\/tr>\n<\/tbody>\n<\/table>\n<p>\u00b9 wird auf dem passenden Blech gebacken<br \/>\n\u00b2 wird direkt auf dem Stein gebacken<br \/>\n\u00b3 wird gebacken in der Bratpfanne (oder in einer Kasserolle oder einem \u00e4hnlichen passenden Beh\u00e4ltnis)<\/p>\n","protected":false},"excerpt":{"rendered":"<p><strong>Base frame not included in the scope of delivery!<\/strong><\/p>\n<div class=\"message-box relative dark\" style=\"padding-top:15px;padding-bottom:15px;\"><div class=\"message-box-bg-image bg-fill fill\" ><\/div><div class=\"message-box-bg-overlay bg-fill fill\" ><\/div><div class=\"container relative\"><div class=\"inner last-reset\">Shipping is exclusively on pallets with a forwarding agent only to the kerbside! The freight costs will be recalculated according to the order.<\/br><br \/>\nWeight 185 kg<\/br><br \/>\nBefore ordering please contact Luba to clarify delivery times!<br \/>\nE-Mail:<a href=\"mailto:info@luba.de\"> info@luba.de<\/a><\/div><\/div><\/div>\n","protected":false},"featured_media":13991,"comment_status":"closed","ping_status":"closed","template":"","meta":{"_acf_changed":false},"pwb-brand":[1174],"product_brand":[],"product_cat":[852],"product_tag":[],"class_list":{"0":"post-8431","1":"product","2":"type-product","3":"status-publish","4":"has-post-thumbnail","6":"pwb-brand-haeussler-en","7":"product_cat-kitchen-appliances-electrical","9":"first","10":"instock","11":"taxable","12":"shipping-taxable","13":"purchasable","14":"product-type-simple"},"bundled_by":[],"bundle_stock_status":"instock","bundle_stock_quantity":99900,"bundle_virtual":false,"bundle_layout":"","bundle_add_to_cart_form_location":"","bundle_editable_in_cart":false,"bundle_sold_individually_context":"","bundle_item_grouping":"","bundle_min_size":"","bundle_max_size":"","bundle_price":[],"bundled_items":[],"bundle_sell_ids":[],"exclude_global_add_ons":[],"addons":[],"acf":[],"brands":[{"id":1174,"name":"H\u00e4ussler","slug":"haeussler-en"}],"_links":{"self":[{"href":"https:\/\/luba.de\/en\/wp-json\/wp\/v2\/product\/8431","targetHints":{"allow":["GET"]}}],"collection":[{"href":"https:\/\/luba.de\/en\/wp-json\/wp\/v2\/product"}],"about":[{"href":"https:\/\/luba.de\/en\/wp-json\/wp\/v2\/types\/product"}],"replies":[{"embeddable":true,"href":"https:\/\/luba.de\/en\/wp-json\/wp\/v2\/comments?post=8431"}],"wp:featuredmedia":[{"embeddable":true,"href":"https:\/\/luba.de\/en\/wp-json\/wp\/v2\/media\/13991"}],"wp:attachment":[{"href":"https:\/\/luba.de\/en\/wp-json\/wp\/v2\/media?parent=8431"}],"wp:term":[{"taxonomy":"pwb-brand","embeddable":true,"href":"https:\/\/luba.de\/en\/wp-json\/wp\/v2\/pwb-brand?post=8431"},{"taxonomy":"product_brand","embeddable":true,"href":"https:\/\/luba.de\/en\/wp-json\/wp\/v2\/product_brand?post=8431"},{"taxonomy":"product_cat","embeddable":true,"href":"https:\/\/luba.de\/en\/wp-json\/wp\/v2\/product_cat?post=8431"},{"taxonomy":"product_tag","embeddable":true,"href":"https:\/\/luba.de\/en\/wp-json\/wp\/v2\/product_tag?post=8431"}],"curies":[{"name":"wp","href":"https:\/\/api.w.org\/{rel}","templated":true}]}}